{"id":1361,"date":"2018-03-04T10:08:41","date_gmt":"2018-03-04T10:08:41","guid":{"rendered":"https:\/\/hydra.vn\/certifikaty\/"},"modified":"2026-04-28T12:23:14","modified_gmt":"2026-04-28T11:23:14","slug":"certificates","status":"publish","type":"page","link":"https:\/\/www.hydra-components.com\/cs\/certificates\/","title":{"rendered":"Dokumenty"},"content":{"rendered":"<p>[et_pb_section fb_built=&#8220;1&#8243; _builder_version=&#8220;4.16&#8243; background_color=&#8220;rgba(86,73,71,0.1)&#8220; global_colors_info=&#8220;{}&#8220;][et_pb_row _builder_version=&#8220;4.16&#8243; background_size=&#8220;initial&#8220; background_position=&#8220;top_left&#8220; background_repeat=&#8220;repeat&#8220; global_colors_info=&#8220;{}&#8220;][et_pb_column type=&#8220;4_4&#8243; _builder_version=&#8220;4.16&#8243; custom_padding=&#8220;|||&#8220; global_colors_info=&#8220;{}&#8220; custom_padding__hover=&#8220;|||&#8220;][et_pb_accordion _builder_version=&#8220;4.16&#8243; body_font=&#8220;||||||||&#8220; body_font_size=&#8220;15px&#8220; global_colors_info=&#8220;{}&#8220;][et_pb_accordion_item open=&#8220;on&#8220; icon_color=&#8220;#e02b20&#8243; _builder_version=&#8220;4.16&#8243; background_color=&#8220;rgba(176,216,138,0.19)&#8220; border_width_all=&#8220;0px&#8220; border_width_bottom=&#8220;0px&#8220; global_colors_info=&#8220;{}&#8220;]<\/p>\n<p style=\"text-align: justify;\">Ve spole\u010dnosti Hydra je pro n\u00e1s kvalita na prvn\u00edm m\u00edst\u011b. Jsme hrdi na to, \u017ee trvale zaji\u0161\u0165ujeme kvalitn\u00ed v\u00fdrobky. Jeliko\u017e kvalita stoj\u00ed na prvn\u00edm m\u00edst\u011b, pom\u00e1h\u00e1 n\u00e1m na\u0161e kontrola kvality b\u011bhem v\u00fdrobn\u00edho procesu udr\u017eovat vysokou spokojenost z\u00e1kazn\u00edk\u016f a umo\u017e\u0148uje n\u00e1m plnit specifikace z\u00e1kazn\u00edk\u016f. Z\u00e1kazn\u00edci na\u0161\u00ed spole\u010dnosti stoj\u00ed v centru na\u0161\u00ed pozornosti. Abychom mohli plnit po\u017eadavky z\u00e1kazn\u00edk\u016f a partner\u016f, neust\u00e1le pracujeme na zlep\u0161ov\u00e1n\u00ed sv\u00e9ho nasazen\u00ed pro v\u00e1s.<\/p>\n<p>[\/et_pb_accordion_item][\/et_pb_accordion][et_pb_text _builder_version=&#8220;4.16&#8243; global_colors_info=&#8220;{}&#8220;]<\/p>\n<h3>Certifik\u00e1ty \u0159\u00edzen\u00ed jakosti<\/h3>\n<p>[\/et_pb_text][et_pb_gallery gallery_ids=&#8220;3101,3106,3111&#8243; posts_number=&#8220;7&#8243; orientation=&#8220;portrait&#8220; show_title_and_caption=&#8220;off&#8220; _builder_version=&#8220;4.16&#8243; global_colors_info=&#8220;{}&#8220;][\/et_pb_gallery][et_pb_text _builder_version=&#8220;4.16&#8243; global_colors_info=&#8220;{}&#8220;]<\/p>\n<h3>Certifik\u00e1ty VDE<\/h3>\n<p>[\/et_pb_text][et_pb_text _builder_version=&#8220;4.27.0&#8243; _module_preset=&#8220;default&#8220; custom_margin=&#8220;||69px|||&#8220; global_colors_info=&#8220;{}&#8220;]<\/p>\n<p><a href=\"https:\/\/www.hydra-components.com\/wp-content\/uploads\/2024\/09\/VDE_CERTIFICATE_0040008073_ORDER_289378_10648539.pdf\" target=\"_blank\" rel=\"noopener\"><br \/><img loading=\"lazy\" decoding=\"async\" src=\"https:\/\/www.hydra-components.com\/wp-content\/uploads\/2024\/09\/VDE_CERTIFICATE_0040008073_ORDER_289378_10648539-1.jpg\" width=\"220\" height=\"150\" \/>\u00a0 \u00a0 \u00a0 \u00a0 \u00a0 \u00a0 \u00a0 \u00a0 \u00a0<\/a><a href=\"https:\/\/www.hydra-components.com\/wp-content\/uploads\/2024\/09\/VDE_CERTIFICATE_HA092413_ORDER_290457_10911248.pdf\" target=\"_blank\" rel=\"noopener\"><img loading=\"lazy\" decoding=\"async\" src=\"https:\/\/www.hydra-components.com\/wp-content\/uploads\/2024\/09\/VDE_CERTIFICATE_HA092413_ORDER_290457_10911248-2.jpg\" width=\"220\" height=\"150\" \/><\/a>\u00a0 \u00a0 \u00a0 \u00a0 \u00a0 \u00a0 \u00a0 \u00a0 \u00a0<a href=\"https:\/\/www.hydra-components.com\/wp-content\/uploads\/2024\/09\/VDE_CERTIFICATE_HA121040_ORDER_308886_12009644.pdf\" target=\"_blank\" rel=\"noopener\"><img loading=\"lazy\" decoding=\"async\" src=\"https:\/\/www.hydra-components.com\/wp-content\/uploads\/2024\/09\/VDE_CERTIFICATE_HA121040_ORDER_308886_12009644-3.jpg\" width=\"220\" height=\"150\" \/><\/a>\u00a0 \u00a0 \u00a0 \u00a0 \u00a0 \u00a0 \u00a0 \u00a0 \u00a0<a href=\"https:\/\/www.hydra-components.com\/wp-content\/uploads\/2024\/09\/VDE_CERTIFICATE_HA121204_ORDER_289404_10647841.pdf\" target=\"_blank\" rel=\"noopener\"><img loading=\"lazy\" decoding=\"async\" src=\"https:\/\/www.hydra-components.com\/wp-content\/uploads\/2024\/09\/VDE_CERTIFICATE_HA121204_ORDER_289404_10647841-4.jpg\" width=\"220\" height=\"150\" \/><\/a><\/p>\n<p>&nbsp;<\/p>\n<p><a href=\"https:\/\/www.hydra-components.com\/wp-content\/uploads\/2024\/09\/VDE_CERTIFICATE_HA121207_ORDER_289387_10651151.pdf\" target=\"_blank\" rel=\"noopener\"><img loading=\"lazy\" decoding=\"async\" src=\"https:\/\/www.hydra-components.com\/wp-content\/uploads\/2024\/09\/VDE_CERTIFICATE_HA121207_ORDER_289387_10651151-5.jpg\" width=\"220\" height=\"150\" \/><\/a>\u00a0 \u00a0 \u00a0 \u00a0 \u00a0 \u00a0 \u00a0 \u00a0 \u00a0<a href=\"https:\/\/www.hydra-components.com\/wp-content\/uploads\/2024\/09\/VDE_CERTIFICATE_HA124120_ORDER_290455_10908116.pdf\" target=\"_blank\" rel=\"noopener\"><img loading=\"lazy\" decoding=\"async\" src=\"https:\/\/www.hydra-components.com\/wp-content\/uploads\/2024\/09\/VDE_CERTIFICATE_HA124120_ORDER_290455_10908116-6.jpg\" width=\"220\" height=\"150\" \/><\/a>\u00a0 \u00a0 \u00a0 \u00a0 \u00a0 \u00a0 \u00a0 \u00a0 \u00a0<a href=\"https:\/\/www.hydra-components.com\/wp-content\/uploads\/2024\/09\/VDE_CERTIFICATE_HA133029_ORDER_289333_10664000.pdf\" target=\"_blank\" rel=\"noopener\"><img loading=\"lazy\" decoding=\"async\" src=\"https:\/\/www.hydra-components.com\/wp-content\/uploads\/2024\/09\/VDE_CERTIFICATE_HA133029_ORDER_289333_10664000-7.jpg\" width=\"220\" height=\"150\" \/><\/a>\u00a0 \u00a0 \u00a0 \u00a0 \u00a0 \u00a0 \u00a0 \u00a0 \u00a0<a href=\"https:\/\/www.hydra-components.com\/wp-content\/uploads\/2024\/09\/VDE_CERTIFICATE_HA135963_ORDER_289370_10664870.pdf\" target=\"_blank\" rel=\"noopener\"><img loading=\"lazy\" decoding=\"async\" src=\"https:\/\/www.hydra-components.com\/wp-content\/uploads\/2024\/09\/VDE_CERTIFICATE_HA135963_ORDER_289370_10664870-8.jpg\" width=\"220\" height=\"150\" \/><\/a><\/p>\n<p>[\/et_pb_text][et_pb_text _builder_version=&#8220;4.16&#8243; global_colors_info=&#8220;{}&#8220;]<\/p>\n<h3>Certifik\u00e1ty UL<\/h3>\n<p>[\/et_pb_text][et_pb_gallery gallery_ids=&#8220;3194,3199,3204,3209,3214,3219&#8243; posts_number=&#8220;6&#8243; orientation=&#8220;portrait&#8220; show_title_and_caption=&#8220;off&#8220; _builder_version=&#8220;4.16&#8243; global_colors_info=&#8220;{}&#8220;][\/et_pb_gallery][et_pb_text _builder_version=&#8220;4.16&#8243; global_colors_info=&#8220;{}&#8220;]<\/p>\n<h3>Certifik\u00e1ty CQC<\/h3>\n<p>[\/et_pb_text][et_pb_gallery gallery_ids=&#8220;2195,5564,2205&#8243; posts_number=&#8220;12&#8243; orientation=&#8220;portrait&#8220; show_title_and_caption=&#8220;off&#8220; _builder_version=&#8220;4.27.4&#8243; hover_enabled=&#8220;0&#8243; global_colors_info=&#8220;{}&#8220; sticky_enabled=&#8220;0&#8243;][\/et_pb_gallery][et_pb_text _builder_version=&#8220;4.27.4&#8243; _module_preset=&#8220;default&#8220; link_option_url_new_window=&#8220;on&#8220; locked=&#8220;off&#8220; global_colors_info=&#8220;{}&#8220;]<a href=\"https:\/\/www.hydra-components.com\/wp-content\/uploads\/2025\/05\/CQC19006225788_MKP-322-2019_JC-EN.pdf\" rel=\"attachment wp-att-3056 noopener noreferrer\" target=\"_blank\">\u00a0<img decoding=\"async\" src=\"https:\/\/www.hydra-components.com\/wp-content\/uploads\/2025\/05\/CQC19006225788_MKP-322-2019_JC-EN.png\" alt=\"Popis obr\u00e1zku\" width=\"230\" \/>\u00a0 \u00a0 \u00a0 \u00a0 \u00a0 <\/a><a href=\"https:\/\/www.hydra-components.com\/wp-content\/uploads\/2025\/05\/CQC19006229059_MKP-500-2019-JC.pdf\" rel=\"attachment wp-att-3056 noopener noreferrer\" target=\"_blank\"><img decoding=\"async\" src=\"https:\/\/www.hydra-components.com\/wp-content\/uploads\/2025\/05\/CQC19006229059_MKP-500-2019-JC.png\" alt=\"Popis obr\u00e1zku\" width=\"230\" \/>\u00a0 \u00a0 \u00a0 \u00a0 \u00a0\u00a0<\/a> <a href=\"https:\/\/www.hydra-components.com\/wp-content\/uploads\/2025\/05\/CQC19006225787_MKP-321-2019_JC-EN.pdf\" rel=\"attachment wp-att-3056 noopener noreferrer\" target=\"_blank\"><img decoding=\"async\" src=\"https:\/\/www.hydra-components.com\/wp-content\/uploads\/2025\/05\/CQC19006225787_MKP-321-2019_JC-EN.png\" alt=\"Popis obr\u00e1zku\" width=\"230\" \/>\u00a0 \u00a0 \u00a0 \u00a0 \u00a0<\/a> <a href=\"https:\/\/www.hydra-components.com\/wp-content\/uploads\/2025\/05\/CQC19006215729_322_2023_VN.pdf\" rel=\"attachment wp-att-3056 noopener noreferrer\" target=\"_blank\"><img decoding=\"async\" src=\"https:\/\/www.hydra-components.com\/wp-content\/uploads\/2025\/05\/CQC19006215729_322_2023_VN.png\" alt=\"Popis obr\u00e1zku\" width=\"230\" \/><\/a><a href=\"https:\/\/www.hydra-components.com\/wp-content\/uploads\/2025\/05\/CQC19006215725_321_2023_VN.pdf\" rel=\"attachment wp-att-3056 noopener noreferrer\" target=\"_blank\"><img decoding=\"async\" src=\"https:\/\/www.hydra-components.com\/wp-content\/uploads\/2025\/05\/CQC19006215725_321_2023_VN.png\" alt=\"Popis obr\u00e1zku\" width=\"230\" \/>\u00a0\u00a0\u00a0\u00a0\u00a0\u00a0\u00a0\u00a0<\/a>\u00a0 \u00a0<a href=\"https:\/\/www.hydra-components.com\/wp-content\/uploads\/2025\/05\/CQC19006222523_500_2023_VN.pdf\" rel=\"attachment wp-att-3056 noopener noreferrer\" target=\"_blank\"><img decoding=\"async\" src=\"https:\/\/www.hydra-components.com\/wp-content\/uploads\/2025\/05\/CQC19006222523_500_2023_VN.png\" alt=\"Popis obr\u00e1zku\" width=\"230\" \/><\/a>[\/et_pb_text][et_pb_text _builder_version=&#8220;4.16&#8243; _module_preset=&#8220;default&#8220; global_colors_info=&#8220;{}&#8220;]<a href=\"https:\/\/www.hydra-components.com\/wp-content\/uploads\/2023\/06\/Code_of_Conduct_Hydra.pdf\" target=\"_blank\" rel=\"noopener noreferrer\"> <a\/>[\/et_pb_text][et_pb_code _builder_version=&#8220;4.16&#8243; _module_preset=&#8220;default&#8220; global_colors_info=&#8220;{}&#8220;][\/et_pb_code][et_pb_code _builder_version=&#8220;4.16&#8243; _module_preset=&#8220;default&#8220; custom_margin=&#8220;5px|||||&#8220; custom_padding=&#8220;||48px|||&#8220; global_colors_info=&#8220;{}&#8220;][\/et_pb_code][et_pb_text _builder_version=&#8220;4.16&#8243; min_height=&#8220;74px&#8220; global_colors_info=&#8220;{}&#8220;]<\/p>\n<h3><span>Ostatn\u00ed dokumenty<\/span><\/h3>\n<p>[\/et_pb_text][et_pb_gallery gallery_ids=&#8220;5734,5796,5806,5816,5830,5824&#8243; posts_number=&#8220;12&#8243; orientation=&#8220;portrait&#8220; show_title_and_caption=&#8220;off&#8220; _builder_version=&#8220;4.27.4&#8243; hover_enabled=&#8220;0&#8243; global_colors_info=&#8220;{}&#8220; sticky_enabled=&#8220;0&#8243; locked=&#8220;off&#8220;][\/et_pb_gallery][et_pb_text _builder_version=&#8220;4.27.4&#8243; _module_preset=&#8220;default&#8220; link_option_url_new_window=&#8220;on&#8220; hover_enabled=&#8220;0&#8243; global_colors_info=&#8220;{}&#8220; sticky_enabled=&#8220;0&#8243; locked=&#8220;off&#8220;]<a href=\"https:\/\/www.hydra-components.com\/wp-content\/uploads\/2026\/04\/Politika-EMS_2026-1.pdf\" rel=\"attachment wp-att-5764 noopener noreferrer\" target=\"_blank\"><img decoding=\"async\" src=\"https:\/\/www.hydra-components.com\/wp-content\/uploads\/2026\/04\/Politika-EMS_2026-1.png\" width=\"230\" \/> \u00a0 \u00a0 \u00a0 \u00a0 \u00a0<\/a><a href=\"https:\/\/www.hydra-components.com\/wp-content\/uploads\/2026\/04\/Certificate_of_conformity_REACH_02_2026.pdf\" rel=\"attachment wp-att-5764 noopener noreferrer\" target=\"_blank\">\u00a0<\/a><a href=\"https:\/\/www.hydra-components.com\/wp-content\/uploads\/2025\/03\/Certificate_of_conformity_REACH_2025.pdf\" rel=\"attachment wp-att-3056 noopener noreferrer\" target=\"_blank\"><\/a> <a href=\"https:\/\/www.hydra-components.com\/wp-content\/uploads\/2025\/05\/Anti-Corruption-Policy_EN-2025.pdf\" rel=\"attachment wp-att-3056 noopener noreferrer\" target=\"_blank\"><img decoding=\"async\" src=\"https:\/\/www.hydra-components.com\/wp-content\/uploads\/2025\/05\/Anti-Corruption-Policy_EN-2025.png\" alt=\"Popis obr\u00e1zku\" width=\"230\" \/><\/a> \u00a0\u00a0 \u00a0\u00a0 \u00a0\u00a0 <a href=\"https:\/\/www.hydra-components.com\/wp-content\/uploads\/2025\/05\/Conflict-Mineral-Policy_2024.pdf\" rel=\"attachment wp-att-3056 noopener noreferrer\" target=\"_blank\"><img decoding=\"async\" src=\"https:\/\/www.hydra-components.com\/wp-content\/uploads\/2025\/05\/Conflict-Mineral-Policy_2024.png\" alt=\"Popis obr\u00e1zku\" width=\"230\" \/><\/a> \u00a0 \u00a0 \u00a0 \u00a0 \u00a0<a href=\"https:\/\/www.hydra-components.com\/wp-content\/uploads\/2025\/05\/Declaration-of-conformity-UKCA_Motor-Capacitors_Hydra.pdf\" rel=\"attachment wp-att-3056 noopener noreferrer\" target=\"_blank\"><img decoding=\"async\" src=\"https:\/\/www.hydra-components.com\/wp-content\/uploads\/2025\/05\/Declaration-of-conformity-UKCA_Motor-Capacitors_Hydra.png\" alt=\"Popis obr\u00e1zku\" width=\"230\" \/><\/a><a href=\"https:\/\/www.hydra-components.com\/wp-content\/uploads\/2025\/05\/Anti-Corruption-Policy_EN-2025.pdf\" rel=\"attachment wp-att-3056 noopener noreferrer\" target=\"_blank\"><img decoding=\"async\" src=\"https:\/\/www.hydra-components.com\/wp-content\/uploads\/2025\/05\/Anti-Corruption-Policy_EN-2025-1.png\" alt=\"Popis obr\u00e1zku\" width=\"230\" \/><\/a>[\/et_pb_text][\/et_pb_column][\/et_pb_row][et_pb_row _builder_version=&#8220;4.16&#8243; _module_preset=&#8220;default&#8220; global_colors_info=&#8220;{}&#8220;][et_pb_column type=&#8220;4_4&#8243; _builder_version=&#8220;4.16&#8243; _module_preset=&#8220;default&#8220; global_colors_info=&#8220;{}&#8220;][et_pb_text _builder_version=&#8220;4.16&#8243; global_colors_info=&#8220;{}&#8220;]<\/p>\n<h3>Code of Conduct<\/h3>\n<p>[\/et_pb_text][et_pb_text _builder_version=&#8220;4.27.4&#8243; _module_preset=&#8220;default&#8220; link_option_url_new_window=&#8220;on&#8220; global_colors_info=&#8220;{}&#8220;]<\/p>\n<p><a href=\"https:\/\/www.hydra-components.com\/wp-content\/uploads\/2025\/05\/Code_of_Conduct_2024.pdf\" rel=\"attachment wp-att-3056 noopener noreferrer\" target=\"_blank\">Code_of_Conduct_Hydra<\/a> (Click link)<\/p>\n<p>[\/et_pb_text][\/et_pb_column][\/et_pb_row][et_pb_row _builder_version=&#8220;4.16&#8243; _module_preset=&#8220;default&#8220; global_colors_info=&#8220;{}&#8220;][et_pb_column type=&#8220;4_4&#8243; _builder_version=&#8220;4.16&#8243; _module_preset=&#8220;default&#8220; global_colors_info=&#8220;{}&#8220;][et_pb_text _builder_version=&#8220;4.27.4&#8243; custom_padding=&#8220;4px|||||&#8220; global_colors_info=&#8220;{}&#8220;]<\/p>\n<h3>General Terms and Condition<\/h3>\n<p>[\/et_pb_text][et_pb_text _builder_version=&#8220;4.27.4&#8243; _module_preset=&#8220;default&#8220; link_option_url_new_window=&#8220;on&#8220; global_colors_info=&#8220;{}&#8220;]<a href=\"https:\/\/www.hydra-components.com\/wp-content\/uploads\/2023\/05\/VOP-aj-1.pdf\" rel=\"attachment wp-att-3056 noopener noreferrer\" target=\"_blank\">General Terms and Conditions<\/a> (Click link)[\/et_pb_text][\/et_pb_column][\/et_pb_row][\/et_pb_section]<\/p>\n","protected":false},"excerpt":{"rendered":"<p>Ve spole\u010dnosti Hydra je pro n\u00e1s kvalita na prvn\u00edm m\u00edst\u011b. Jsme hrdi na to, \u017ee trvale zaji\u0161\u0165ujeme kvalitn\u00ed v\u00fdrobky. Jeliko\u017e kvalita stoj\u00ed na prvn\u00edm m\u00edst\u011b, pom\u00e1h\u00e1 n\u00e1m na\u0161e kontrola kvality b\u011bhem v\u00fdrobn\u00edho procesu udr\u017eovat vysokou spokojenost z\u00e1kazn\u00edk\u016f a umo\u017e\u0148uje n\u00e1m plnit specifikace z\u00e1kazn\u00edk\u016f. Z\u00e1kazn\u00edci na\u0161\u00ed spole\u010dnosti stoj\u00ed v centru na\u0161\u00ed pozornosti. Abychom mohli plnit po\u017eadavky [&hellip;]<\/p>\n","protected":false},"author":1,"featured_media":1536,"parent":0,"menu_order":0,"comment_status":"closed","ping_status":"closed","template":"","meta":{"_et_pb_use_builder":"on","_et_pb_old_content":"","_et_gb_content_width":"","footnotes":""},"class_list":["post-1361","page","type-page","status-publish","has-post-thumbnail","hentry"],"yoast_head":"<!-- This site is optimized with the Yoast SEO plugin v27.5 - https:\/\/yoast.com\/product\/yoast-seo-wordpress\/ -->\n<title>Dokumenty - HYDRA a.s.<\/title>\n<meta name=\"robots\" content=\"index, follow, max-snippet:-1, max-image-preview:large, max-video-preview:-1\" \/>\n<link rel=\"canonical\" href=\"https:\/\/www.hydra-components.com\/cs\/certificates\/\" \/>\n<meta property=\"og:locale\" content=\"cs_CZ\" \/>\n<meta property=\"og:type\" content=\"article\" \/>\n<meta property=\"og:title\" content=\"Dokumenty - HYDRA a.s.\" \/>\n<meta property=\"og:description\" content=\"Ve spole\u010dnosti Hydra je pro n\u00e1s kvalita na prvn\u00edm m\u00edst\u011b. Jsme hrdi na to, \u017ee trvale zaji\u0161\u0165ujeme kvalitn\u00ed v\u00fdrobky. Jeliko\u017e kvalita stoj\u00ed na prvn\u00edm m\u00edst\u011b, pom\u00e1h\u00e1 n\u00e1m na\u0161e kontrola kvality b\u011bhem v\u00fdrobn\u00edho procesu udr\u017eovat vysokou spokojenost z\u00e1kazn\u00edk\u016f a umo\u017e\u0148uje n\u00e1m plnit specifikace z\u00e1kazn\u00edk\u016f. Z\u00e1kazn\u00edci na\u0161\u00ed spole\u010dnosti stoj\u00ed v centru na\u0161\u00ed pozornosti. Abychom mohli plnit po\u017eadavky [&hellip;]\" \/>\n<meta property=\"og:url\" content=\"https:\/\/www.hydra-components.com\/cs\/certificates\/\" \/>\n<meta property=\"og:site_name\" content=\"HYDRA a.s.\" \/>\n<meta property=\"article:modified_time\" content=\"2026-04-28T11:23:14+00:00\" \/>\n<meta property=\"og:image\" content=\"https:\/\/www.hydra-components.com\/wp-content\/uploads\/2018\/03\/7339.jpg\" \/>\n\t<meta property=\"og:image:width\" content=\"600\" \/>\n\t<meta property=\"og:image:height\" content=\"330\" \/>\n\t<meta property=\"og:image:type\" content=\"image\/jpeg\" \/>\n<meta name=\"twitter:card\" content=\"summary_large_image\" \/>\n<meta name=\"twitter:label1\" content=\"Odhadovan\u00e1 doba \u010dten\u00ed\" \/>\n\t<meta name=\"twitter:data1\" content=\"3 minuty\" \/>\n<script type=\"application\/ld+json\" class=\"yoast-schema-graph\">{\"@context\":\"https:\\\/\\\/schema.org\",\"@graph\":[{\"@type\":\"WebPage\",\"@id\":\"https:\\\/\\\/www.hydra-components.com\\\/cs\\\/certificates\\\/\",\"url\":\"https:\\\/\\\/www.hydra-components.com\\\/cs\\\/certificates\\\/\",\"name\":\"Dokumenty - HYDRA a.s.\",\"isPartOf\":{\"@id\":\"https:\\\/\\\/www.hydra-components.com\\\/#website\"},\"primaryImageOfPage\":{\"@id\":\"https:\\\/\\\/www.hydra-components.com\\\/cs\\\/certificates\\\/#primaryimage\"},\"image\":{\"@id\":\"https:\\\/\\\/www.hydra-components.com\\\/cs\\\/certificates\\\/#primaryimage\"},\"thumbnailUrl\":\"https:\\\/\\\/www.hydra-components.com\\\/wp-content\\\/uploads\\\/2018\\\/03\\\/7339.jpg\",\"datePublished\":\"2018-03-04T10:08:41+00:00\",\"dateModified\":\"2026-04-28T11:23:14+00:00\",\"breadcrumb\":{\"@id\":\"https:\\\/\\\/www.hydra-components.com\\\/cs\\\/certificates\\\/#breadcrumb\"},\"inLanguage\":\"cs\",\"potentialAction\":[{\"@type\":\"ReadAction\",\"target\":[\"https:\\\/\\\/www.hydra-components.com\\\/cs\\\/certificates\\\/\"]}]},{\"@type\":\"ImageObject\",\"inLanguage\":\"cs\",\"@id\":\"https:\\\/\\\/www.hydra-components.com\\\/cs\\\/certificates\\\/#primaryimage\",\"url\":\"https:\\\/\\\/www.hydra-components.com\\\/wp-content\\\/uploads\\\/2018\\\/03\\\/7339.jpg\",\"contentUrl\":\"https:\\\/\\\/www.hydra-components.com\\\/wp-content\\\/uploads\\\/2018\\\/03\\\/7339.jpg\",\"width\":600,\"height\":330,\"caption\":\"genuine quality award golden label badge design with ribbon\"},{\"@type\":\"BreadcrumbList\",\"@id\":\"https:\\\/\\\/www.hydra-components.com\\\/cs\\\/certificates\\\/#breadcrumb\",\"itemListElement\":[{\"@type\":\"ListItem\",\"position\":1,\"name\":\"Home\",\"item\":\"https:\\\/\\\/www.hydra-components.com\\\/cs\\\/\"},{\"@type\":\"ListItem\",\"position\":2,\"name\":\"Dokumenty\"}]},{\"@type\":\"WebSite\",\"@id\":\"https:\\\/\\\/www.hydra-components.com\\\/#website\",\"url\":\"https:\\\/\\\/www.hydra-components.com\\\/\",\"name\":\"HYDRA a.s. | Highest Quality Capacitors\",\"description\":\"Highest Quality Capacitors\",\"publisher\":{\"@id\":\"https:\\\/\\\/www.hydra-components.com\\\/#organization\"},\"potentialAction\":[{\"@type\":\"SearchAction\",\"target\":{\"@type\":\"EntryPoint\",\"urlTemplate\":\"https:\\\/\\\/www.hydra-components.com\\\/?s={search_term_string}\"},\"query-input\":{\"@type\":\"PropertyValueSpecification\",\"valueRequired\":true,\"valueName\":\"search_term_string\"}}],\"inLanguage\":\"cs\"},{\"@type\":\"Organization\",\"@id\":\"https:\\\/\\\/www.hydra-components.com\\\/#organization\",\"name\":\"HYDRA a.s.\",\"url\":\"https:\\\/\\\/www.hydra-components.com\\\/\",\"logo\":{\"@type\":\"ImageObject\",\"inLanguage\":\"cs\",\"@id\":\"https:\\\/\\\/www.hydra-components.com\\\/#\\\/schema\\\/logo\\\/image\\\/\",\"url\":\"https:\\\/\\\/www.hydra-components.com\\\/wp-content\\\/uploads\\\/2019\\\/03\\\/Hydra-with-R.jpg\",\"contentUrl\":\"https:\\\/\\\/www.hydra-components.com\\\/wp-content\\\/uploads\\\/2019\\\/03\\\/Hydra-with-R.jpg\",\"width\":360,\"height\":66,\"caption\":\"HYDRA a.s.\"},\"image\":{\"@id\":\"https:\\\/\\\/www.hydra-components.com\\\/#\\\/schema\\\/logo\\\/image\\\/\"}}]}<\/script>\n<!-- \/ Yoast SEO plugin. -->","yoast_head_json":{"title":"Dokumenty - HYDRA a.s.","robots":{"index":"index","follow":"follow","max-snippet":"max-snippet:-1","max-image-preview":"max-image-preview:large","max-video-preview":"max-video-preview:-1"},"canonical":"https:\/\/www.hydra-components.com\/cs\/certificates\/","og_locale":"cs_CZ","og_type":"article","og_title":"Dokumenty - HYDRA a.s.","og_description":"Ve spole\u010dnosti Hydra je pro n\u00e1s kvalita na prvn\u00edm m\u00edst\u011b. Jsme hrdi na to, \u017ee trvale zaji\u0161\u0165ujeme kvalitn\u00ed v\u00fdrobky. Jeliko\u017e kvalita stoj\u00ed na prvn\u00edm m\u00edst\u011b, pom\u00e1h\u00e1 n\u00e1m na\u0161e kontrola kvality b\u011bhem v\u00fdrobn\u00edho procesu udr\u017eovat vysokou spokojenost z\u00e1kazn\u00edk\u016f a umo\u017e\u0148uje n\u00e1m plnit specifikace z\u00e1kazn\u00edk\u016f. Z\u00e1kazn\u00edci na\u0161\u00ed spole\u010dnosti stoj\u00ed v centru na\u0161\u00ed pozornosti. Abychom mohli plnit po\u017eadavky [&hellip;]","og_url":"https:\/\/www.hydra-components.com\/cs\/certificates\/","og_site_name":"HYDRA a.s.","article_modified_time":"2026-04-28T11:23:14+00:00","og_image":[{"width":600,"height":330,"url":"https:\/\/www.hydra-components.com\/wp-content\/uploads\/2018\/03\/7339.jpg","type":"image\/jpeg"}],"twitter_card":"summary_large_image","twitter_misc":{"Odhadovan\u00e1 doba \u010dten\u00ed":"3 minuty"},"schema":{"@context":"https:\/\/schema.org","@graph":[{"@type":"WebPage","@id":"https:\/\/www.hydra-components.com\/cs\/certificates\/","url":"https:\/\/www.hydra-components.com\/cs\/certificates\/","name":"Dokumenty - HYDRA a.s.","isPartOf":{"@id":"https:\/\/www.hydra-components.com\/#website"},"primaryImageOfPage":{"@id":"https:\/\/www.hydra-components.com\/cs\/certificates\/#primaryimage"},"image":{"@id":"https:\/\/www.hydra-components.com\/cs\/certificates\/#primaryimage"},"thumbnailUrl":"https:\/\/www.hydra-components.com\/wp-content\/uploads\/2018\/03\/7339.jpg","datePublished":"2018-03-04T10:08:41+00:00","dateModified":"2026-04-28T11:23:14+00:00","breadcrumb":{"@id":"https:\/\/www.hydra-components.com\/cs\/certificates\/#breadcrumb"},"inLanguage":"cs","potentialAction":[{"@type":"ReadAction","target":["https:\/\/www.hydra-components.com\/cs\/certificates\/"]}]},{"@type":"ImageObject","inLanguage":"cs","@id":"https:\/\/www.hydra-components.com\/cs\/certificates\/#primaryimage","url":"https:\/\/www.hydra-components.com\/wp-content\/uploads\/2018\/03\/7339.jpg","contentUrl":"https:\/\/www.hydra-components.com\/wp-content\/uploads\/2018\/03\/7339.jpg","width":600,"height":330,"caption":"genuine quality award golden label badge design with ribbon"},{"@type":"BreadcrumbList","@id":"https:\/\/www.hydra-components.com\/cs\/certificates\/#breadcrumb","itemListElement":[{"@type":"ListItem","position":1,"name":"Home","item":"https:\/\/www.hydra-components.com\/cs\/"},{"@type":"ListItem","position":2,"name":"Dokumenty"}]},{"@type":"WebSite","@id":"https:\/\/www.hydra-components.com\/#website","url":"https:\/\/www.hydra-components.com\/","name":"HYDRA a.s. | Highest Quality Capacitors","description":"Highest Quality Capacitors","publisher":{"@id":"https:\/\/www.hydra-components.com\/#organization"},"potentialAction":[{"@type":"SearchAction","target":{"@type":"EntryPoint","urlTemplate":"https:\/\/www.hydra-components.com\/?s={search_term_string}"},"query-input":{"@type":"PropertyValueSpecification","valueRequired":true,"valueName":"search_term_string"}}],"inLanguage":"cs"},{"@type":"Organization","@id":"https:\/\/www.hydra-components.com\/#organization","name":"HYDRA a.s.","url":"https:\/\/www.hydra-components.com\/","logo":{"@type":"ImageObject","inLanguage":"cs","@id":"https:\/\/www.hydra-components.com\/#\/schema\/logo\/image\/","url":"https:\/\/www.hydra-components.com\/wp-content\/uploads\/2019\/03\/Hydra-with-R.jpg","contentUrl":"https:\/\/www.hydra-components.com\/wp-content\/uploads\/2019\/03\/Hydra-with-R.jpg","width":360,"height":66,"caption":"HYDRA a.s."},"image":{"@id":"https:\/\/www.hydra-components.com\/#\/schema\/logo\/image\/"}}]}},"_links":{"self":[{"href":"https:\/\/www.hydra-components.com\/cs\/wp-json\/wp\/v2\/pages\/1361","targetHints":{"allow":["GET"]}}],"collection":[{"href":"https:\/\/www.hydra-components.com\/cs\/wp-json\/wp\/v2\/pages"}],"about":[{"href":"https:\/\/www.hydra-components.com\/cs\/wp-json\/wp\/v2\/types\/page"}],"author":[{"embeddable":true,"href":"https:\/\/www.hydra-components.com\/cs\/wp-json\/wp\/v2\/users\/1"}],"replies":[{"embeddable":true,"href":"https:\/\/www.hydra-components.com\/cs\/wp-json\/wp\/v2\/comments?post=1361"}],"version-history":[{"count":48,"href":"https:\/\/www.hydra-components.com\/cs\/wp-json\/wp\/v2\/pages\/1361\/revisions"}],"predecessor-version":[{"id":5845,"href":"https:\/\/www.hydra-components.com\/cs\/wp-json\/wp\/v2\/pages\/1361\/revisions\/5845"}],"wp:featuredmedia":[{"embeddable":true,"href":"https:\/\/www.hydra-components.com\/cs\/wp-json\/wp\/v2\/media\/1536"}],"wp:attachment":[{"href":"https:\/\/www.hydra-components.com\/cs\/wp-json\/wp\/v2\/media?parent=1361"}],"curies":[{"name":"wp","href":"https:\/\/api.w.org\/{rel}","templated":true}]}}