{"id":1382,"date":"2019-01-11T08:05:22","date_gmt":"2019-01-11T08:05:22","guid":{"rendered":"https:\/\/hydra.vn\/kondenzatory-pro-svitidla\/"},"modified":"2019-04-25T01:46:12","modified_gmt":"2019-04-25T01:46:12","slug":"lighting-capacitors","status":"publish","type":"page","link":"https:\/\/www.hydra-components.com\/cs\/lighting-capacitors\/","title":{"rendered":"Kondenz\u00e1tory pro sv\u00edtidla"},"content":{"rendered":"<p>[et_pb_section fb_built=&#8220;1&#8243; admin_label=&#8220;section&#8220; _builder_version=&#8220;3.0.47&#8243;][et_pb_row admin_label=&#8220;row&#8220; _builder_version=&#8220;3.0.48&#8243; background_size=&#8220;initial&#8220; background_position=&#8220;top_left&#8220; background_repeat=&#8220;repeat&#8220;][et_pb_column type=&#8220;4_4&#8243; _builder_version=&#8220;3.0.47&#8243;][et_pb_text admin_label=&#8220;Text&#8220; _builder_version=&#8220;3.19.13&#8243; background_size=&#8220;initial&#8220; background_position=&#8220;top_left&#8220; background_repeat=&#8220;repeat&#8220;]<\/p>\n<h3 class=\"entry-title main_title\">Kondenz\u00e1tory pro sv\u00edtidla<\/h3>\n<p style=\"text-align: justify;\">I kdy\u017e modern\u00ed LED sv\u00edtidla ji\u017e nevy\u017eaduj\u00ed kondenz\u00e1tory, jsou na sv\u011bt\u011b dosud miliony HID sv\u00edtidel, kter\u00e1 kondenz\u00e1tory vy\u017eaduj\u00ed. Proto Hydra dod\u00e1v\u00e1 ka\u017ed\u00fd rok do sv\u011bta p\u0159ibli\u017en\u011b 2 miliony kondenz\u00e1tor\u016f pro sv\u00edtidla tam, kde se je\u0161t\u011b pou\u017e\u00edvaj\u00ed HID sv\u00edtidla.<\/p>\n<p style=\"text-align: justify;\">Olejem pln\u011bn\u00e9 kondenz\u00e1tory Hydra pro sv\u00edtidla, vyroben\u00e9 z pokovovan\u00e9ho polypropyl\u00e9nu, jsou zkonstruov\u00e1ny pro dlouhou \u017eivotnost v prost\u0159ed\u00ed HID (vysokotlak\u00fdch v\u00fdbojek) s vysokou teplotou. Z bezpe\u010dnostn\u00edch d\u016fvod\u016f jsou olejem pln\u011bn\u00e9 kondenz\u00e1tory Hydra pro sv\u00edtidla vybaveny p\u0159etlakovou pojistkou, kter\u00e1 zaji\u0161\u0165uje vysok\u00fd standard bezpe\u010dnosti.<\/p>\n<p>[\/et_pb_text][et_pb_gallery gallery_ids=&#8220;963,967&#8243; posts_number=&#8220;2&#8243; orientation=&#8220;portrait&#8220; show_title_and_caption=&#8220;off&#8220; _builder_version=&#8220;3.19.13&#8243;][\/et_pb_gallery][et_pb_text _builder_version=&#8220;3.19.13&#8243;]Hydra vyr\u00e1b\u00ed v\u011bt\u0161inu kondenz\u00e1tor\u016f podle p\u0159esn\u00fdch po\u017eadavk\u016f z\u00e1kazn\u00edk\u016f a d\u00edky sv\u00e9 flexibilit\u011b je schopna dod\u00e1vat i men\u0161\u00ed mno\u017estv\u00ed bez vzniku v\u00edcen\u00e1klad\u016f pro z\u00e1kazn\u00edky.<\/p>\n<p>Jeliko\u017e Hydra vyr\u00e1b\u00ed v\u011bt\u0161inou kondenz\u00e1tory na m\u00edru, nen\u00ed zde \u017e\u00e1dn\u00fd obecn\u00fd standard. Nicm\u00e9n\u011b v katalogu na\u0161ich v\u00fdrobk\u016f najdete v\u0161echny informace o r\u016fzn\u00fdch typech a dostupn\u00fdch velikostech, a to na: https:\/\/www.hydra-components.com\/catalogues\/<br \/>\n[\/et_pb_text][\/et_pb_column][\/et_pb_row][\/et_pb_section]<\/p>\n","protected":false},"excerpt":{"rendered":"<p>Kondenz\u00e1tory pro sv\u00edtidla I kdy\u017e modern\u00ed LED sv\u00edtidla ji\u017e nevy\u017eaduj\u00ed kondenz\u00e1tory, jsou na sv\u011bt\u011b dosud miliony HID sv\u00edtidel, kter\u00e1 kondenz\u00e1tory vy\u017eaduj\u00ed. Proto Hydra dod\u00e1v\u00e1 ka\u017ed\u00fd rok do sv\u011bta p\u0159ibli\u017en\u011b 2 miliony kondenz\u00e1tor\u016f pro sv\u00edtidla tam, kde se je\u0161t\u011b pou\u017e\u00edvaj\u00ed HID sv\u00edtidla. Olejem pln\u011bn\u00e9 kondenz\u00e1tory Hydra pro sv\u00edtidla, vyroben\u00e9 z pokovovan\u00e9ho polypropyl\u00e9nu, jsou zkonstruov\u00e1ny pro dlouhou [&hellip;]<\/p>\n","protected":false},"author":1,"featured_media":1383,"parent":0,"menu_order":0,"comment_status":"closed","ping_status":"closed","template":"","meta":{"_et_pb_use_builder":"on","_et_pb_old_content":"Even as modern LED lights do not need a capacitor anymore, there are still millions of old HID-Lights all over the world which still needs capacitors. So Hydra delivers about 2 Mio light capacitors every year to US and China, where still a lot of these HID-Lights are used.\nThe oil filled Hydra metallized polypropylene lighting capacitors are designed for long-life in the high-temperature environments of high-intensity discharge (HID) lighting. For security reasons, the oil filled Hydra Lighting capacitors are protected with an overpressure fuse to give highest security.","_et_gb_content_width":"","footnotes":""},"class_list":["post-1382","page","type-page","status-publish","has-post-thumbnail","hentry"],"yoast_head":"<!-- This site is optimized with the Yoast SEO plugin v27.5 - https:\/\/yoast.com\/product\/yoast-seo-wordpress\/ -->\n<title>Kondenz\u00e1tory pro sv\u00edtidla - HYDRA a.s.<\/title>\n<meta name=\"robots\" content=\"index, follow, max-snippet:-1, max-image-preview:large, max-video-preview:-1\" \/>\n<link rel=\"canonical\" href=\"https:\/\/www.hydra-components.com\/cs\/lighting-capacitors\/\" \/>\n<meta property=\"og:locale\" content=\"cs_CZ\" \/>\n<meta property=\"og:type\" content=\"article\" \/>\n<meta property=\"og:title\" content=\"Kondenz\u00e1tory pro sv\u00edtidla - HYDRA a.s.\" \/>\n<meta property=\"og:description\" content=\"Kondenz\u00e1tory pro sv\u00edtidla I kdy\u017e modern\u00ed LED sv\u00edtidla ji\u017e nevy\u017eaduj\u00ed kondenz\u00e1tory, jsou na sv\u011bt\u011b dosud miliony HID sv\u00edtidel, kter\u00e1 kondenz\u00e1tory vy\u017eaduj\u00ed. Proto Hydra dod\u00e1v\u00e1 ka\u017ed\u00fd rok do sv\u011bta p\u0159ibli\u017en\u011b 2 miliony kondenz\u00e1tor\u016f pro sv\u00edtidla tam, kde se je\u0161t\u011b pou\u017e\u00edvaj\u00ed HID sv\u00edtidla. Olejem pln\u011bn\u00e9 kondenz\u00e1tory Hydra pro sv\u00edtidla, vyroben\u00e9 z pokovovan\u00e9ho polypropyl\u00e9nu, jsou zkonstruov\u00e1ny pro dlouhou [&hellip;]\" \/>\n<meta property=\"og:url\" content=\"https:\/\/www.hydra-components.com\/cs\/lighting-capacitors\/\" \/>\n<meta property=\"og:site_name\" content=\"HYDRA a.s.\" \/>\n<meta property=\"article:modified_time\" content=\"2019-04-25T01:46:12+00:00\" \/>\n<meta property=\"og:image\" content=\"https:\/\/www.hydra-components.com\/wp-content\/uploads\/2018\/11\/light.jpg\" \/>\n\t<meta property=\"og:image:width\" content=\"480\" \/>\n\t<meta property=\"og:image:height\" content=\"320\" \/>\n\t<meta property=\"og:image:type\" content=\"image\/jpeg\" \/>\n<meta name=\"twitter:card\" content=\"summary_large_image\" \/>\n<meta name=\"twitter:label1\" content=\"Odhadovan\u00e1 doba \u010dten\u00ed\" \/>\n\t<meta name=\"twitter:data1\" content=\"1 minuta\" \/>\n<script type=\"application\/ld+json\" class=\"yoast-schema-graph\">{\"@context\":\"https:\\\/\\\/schema.org\",\"@graph\":[{\"@type\":\"WebPage\",\"@id\":\"https:\\\/\\\/www.hydra-components.com\\\/cs\\\/lighting-capacitors\\\/\",\"url\":\"https:\\\/\\\/www.hydra-components.com\\\/cs\\\/lighting-capacitors\\\/\",\"name\":\"Kondenz\u00e1tory pro sv\u00edtidla - HYDRA a.s.\",\"isPartOf\":{\"@id\":\"https:\\\/\\\/www.hydra-components.com\\\/#website\"},\"primaryImageOfPage\":{\"@id\":\"https:\\\/\\\/www.hydra-components.com\\\/cs\\\/lighting-capacitors\\\/#primaryimage\"},\"image\":{\"@id\":\"https:\\\/\\\/www.hydra-components.com\\\/cs\\\/lighting-capacitors\\\/#primaryimage\"},\"thumbnailUrl\":\"https:\\\/\\\/www.hydra-components.com\\\/wp-content\\\/uploads\\\/2018\\\/11\\\/light.jpg\",\"datePublished\":\"2019-01-11T08:05:22+00:00\",\"dateModified\":\"2019-04-25T01:46:12+00:00\",\"breadcrumb\":{\"@id\":\"https:\\\/\\\/www.hydra-components.com\\\/cs\\\/lighting-capacitors\\\/#breadcrumb\"},\"inLanguage\":\"cs\",\"potentialAction\":[{\"@type\":\"ReadAction\",\"target\":[\"https:\\\/\\\/www.hydra-components.com\\\/cs\\\/lighting-capacitors\\\/\"]}]},{\"@type\":\"ImageObject\",\"inLanguage\":\"cs\",\"@id\":\"https:\\\/\\\/www.hydra-components.com\\\/cs\\\/lighting-capacitors\\\/#primaryimage\",\"url\":\"https:\\\/\\\/www.hydra-components.com\\\/wp-content\\\/uploads\\\/2018\\\/11\\\/light.jpg\",\"contentUrl\":\"https:\\\/\\\/www.hydra-components.com\\\/wp-content\\\/uploads\\\/2018\\\/11\\\/light.jpg\",\"width\":480,\"height\":320},{\"@type\":\"BreadcrumbList\",\"@id\":\"https:\\\/\\\/www.hydra-components.com\\\/cs\\\/lighting-capacitors\\\/#breadcrumb\",\"itemListElement\":[{\"@type\":\"ListItem\",\"position\":1,\"name\":\"Home\",\"item\":\"https:\\\/\\\/www.hydra-components.com\\\/cs\\\/\"},{\"@type\":\"ListItem\",\"position\":2,\"name\":\"Kondenz\u00e1tory pro sv\u00edtidla\"}]},{\"@type\":\"WebSite\",\"@id\":\"https:\\\/\\\/www.hydra-components.com\\\/#website\",\"url\":\"https:\\\/\\\/www.hydra-components.com\\\/\",\"name\":\"HYDRA a.s. | Highest Quality Capacitors\",\"description\":\"Highest Quality Capacitors\",\"publisher\":{\"@id\":\"https:\\\/\\\/www.hydra-components.com\\\/#organization\"},\"potentialAction\":[{\"@type\":\"SearchAction\",\"target\":{\"@type\":\"EntryPoint\",\"urlTemplate\":\"https:\\\/\\\/www.hydra-components.com\\\/?s={search_term_string}\"},\"query-input\":{\"@type\":\"PropertyValueSpecification\",\"valueRequired\":true,\"valueName\":\"search_term_string\"}}],\"inLanguage\":\"cs\"},{\"@type\":\"Organization\",\"@id\":\"https:\\\/\\\/www.hydra-components.com\\\/#organization\",\"name\":\"HYDRA a.s.\",\"url\":\"https:\\\/\\\/www.hydra-components.com\\\/\",\"logo\":{\"@type\":\"ImageObject\",\"inLanguage\":\"cs\",\"@id\":\"https:\\\/\\\/www.hydra-components.com\\\/#\\\/schema\\\/logo\\\/image\\\/\",\"url\":\"https:\\\/\\\/www.hydra-components.com\\\/wp-content\\\/uploads\\\/2019\\\/03\\\/Hydra-with-R.jpg\",\"contentUrl\":\"https:\\\/\\\/www.hydra-components.com\\\/wp-content\\\/uploads\\\/2019\\\/03\\\/Hydra-with-R.jpg\",\"width\":360,\"height\":66,\"caption\":\"HYDRA a.s.\"},\"image\":{\"@id\":\"https:\\\/\\\/www.hydra-components.com\\\/#\\\/schema\\\/logo\\\/image\\\/\"}}]}<\/script>\n<!-- \/ Yoast SEO plugin. -->","yoast_head_json":{"title":"Kondenz\u00e1tory pro sv\u00edtidla - HYDRA a.s.","robots":{"index":"index","follow":"follow","max-snippet":"max-snippet:-1","max-image-preview":"max-image-preview:large","max-video-preview":"max-video-preview:-1"},"canonical":"https:\/\/www.hydra-components.com\/cs\/lighting-capacitors\/","og_locale":"cs_CZ","og_type":"article","og_title":"Kondenz\u00e1tory pro sv\u00edtidla - HYDRA a.s.","og_description":"Kondenz\u00e1tory pro sv\u00edtidla I kdy\u017e modern\u00ed LED sv\u00edtidla ji\u017e nevy\u017eaduj\u00ed kondenz\u00e1tory, jsou na sv\u011bt\u011b dosud miliony HID sv\u00edtidel, kter\u00e1 kondenz\u00e1tory vy\u017eaduj\u00ed. Proto Hydra dod\u00e1v\u00e1 ka\u017ed\u00fd rok do sv\u011bta p\u0159ibli\u017en\u011b 2 miliony kondenz\u00e1tor\u016f pro sv\u00edtidla tam, kde se je\u0161t\u011b pou\u017e\u00edvaj\u00ed HID sv\u00edtidla. Olejem pln\u011bn\u00e9 kondenz\u00e1tory Hydra pro sv\u00edtidla, vyroben\u00e9 z pokovovan\u00e9ho polypropyl\u00e9nu, jsou zkonstruov\u00e1ny pro dlouhou [&hellip;]","og_url":"https:\/\/www.hydra-components.com\/cs\/lighting-capacitors\/","og_site_name":"HYDRA a.s.","article_modified_time":"2019-04-25T01:46:12+00:00","og_image":[{"width":480,"height":320,"url":"https:\/\/www.hydra-components.com\/wp-content\/uploads\/2018\/11\/light.jpg","type":"image\/jpeg"}],"twitter_card":"summary_large_image","twitter_misc":{"Odhadovan\u00e1 doba \u010dten\u00ed":"1 minuta"},"schema":{"@context":"https:\/\/schema.org","@graph":[{"@type":"WebPage","@id":"https:\/\/www.hydra-components.com\/cs\/lighting-capacitors\/","url":"https:\/\/www.hydra-components.com\/cs\/lighting-capacitors\/","name":"Kondenz\u00e1tory pro sv\u00edtidla - HYDRA a.s.","isPartOf":{"@id":"https:\/\/www.hydra-components.com\/#website"},"primaryImageOfPage":{"@id":"https:\/\/www.hydra-components.com\/cs\/lighting-capacitors\/#primaryimage"},"image":{"@id":"https:\/\/www.hydra-components.com\/cs\/lighting-capacitors\/#primaryimage"},"thumbnailUrl":"https:\/\/www.hydra-components.com\/wp-content\/uploads\/2018\/11\/light.jpg","datePublished":"2019-01-11T08:05:22+00:00","dateModified":"2019-04-25T01:46:12+00:00","breadcrumb":{"@id":"https:\/\/www.hydra-components.com\/cs\/lighting-capacitors\/#breadcrumb"},"inLanguage":"cs","potentialAction":[{"@type":"ReadAction","target":["https:\/\/www.hydra-components.com\/cs\/lighting-capacitors\/"]}]},{"@type":"ImageObject","inLanguage":"cs","@id":"https:\/\/www.hydra-components.com\/cs\/lighting-capacitors\/#primaryimage","url":"https:\/\/www.hydra-components.com\/wp-content\/uploads\/2018\/11\/light.jpg","contentUrl":"https:\/\/www.hydra-components.com\/wp-content\/uploads\/2018\/11\/light.jpg","width":480,"height":320},{"@type":"BreadcrumbList","@id":"https:\/\/www.hydra-components.com\/cs\/lighting-capacitors\/#breadcrumb","itemListElement":[{"@type":"ListItem","position":1,"name":"Home","item":"https:\/\/www.hydra-components.com\/cs\/"},{"@type":"ListItem","position":2,"name":"Kondenz\u00e1tory pro sv\u00edtidla"}]},{"@type":"WebSite","@id":"https:\/\/www.hydra-components.com\/#website","url":"https:\/\/www.hydra-components.com\/","name":"HYDRA a.s. | Highest Quality Capacitors","description":"Highest Quality Capacitors","publisher":{"@id":"https:\/\/www.hydra-components.com\/#organization"},"potentialAction":[{"@type":"SearchAction","target":{"@type":"EntryPoint","urlTemplate":"https:\/\/www.hydra-components.com\/?s={search_term_string}"},"query-input":{"@type":"PropertyValueSpecification","valueRequired":true,"valueName":"search_term_string"}}],"inLanguage":"cs"},{"@type":"Organization","@id":"https:\/\/www.hydra-components.com\/#organization","name":"HYDRA a.s.","url":"https:\/\/www.hydra-components.com\/","logo":{"@type":"ImageObject","inLanguage":"cs","@id":"https:\/\/www.hydra-components.com\/#\/schema\/logo\/image\/","url":"https:\/\/www.hydra-components.com\/wp-content\/uploads\/2019\/03\/Hydra-with-R.jpg","contentUrl":"https:\/\/www.hydra-components.com\/wp-content\/uploads\/2019\/03\/Hydra-with-R.jpg","width":360,"height":66,"caption":"HYDRA a.s."},"image":{"@id":"https:\/\/www.hydra-components.com\/#\/schema\/logo\/image\/"}}]}},"_links":{"self":[{"href":"https:\/\/www.hydra-components.com\/cs\/wp-json\/wp\/v2\/pages\/1382","targetHints":{"allow":["GET"]}}],"collection":[{"href":"https:\/\/www.hydra-components.com\/cs\/wp-json\/wp\/v2\/pages"}],"about":[{"href":"https:\/\/www.hydra-components.com\/cs\/wp-json\/wp\/v2\/types\/page"}],"author":[{"embeddable":true,"href":"https:\/\/www.hydra-components.com\/cs\/wp-json\/wp\/v2\/users\/1"}],"replies":[{"embeddable":true,"href":"https:\/\/www.hydra-components.com\/cs\/wp-json\/wp\/v2\/comments?post=1382"}],"version-history":[{"count":4,"href":"https:\/\/www.hydra-components.com\/cs\/wp-json\/wp\/v2\/pages\/1382\/revisions"}],"predecessor-version":[{"id":1565,"href":"https:\/\/www.hydra-components.com\/cs\/wp-json\/wp\/v2\/pages\/1382\/revisions\/1565"}],"wp:featuredmedia":[{"embeddable":true,"href":"https:\/\/www.hydra-components.com\/cs\/wp-json\/wp\/v2\/media\/1383"}],"wp:attachment":[{"href":"https:\/\/www.hydra-components.com\/cs\/wp-json\/wp\/v2\/media?parent=1382"}],"curies":[{"name":"wp","href":"https:\/\/api.w.org\/{rel}","templated":true}]}}