{"id":1387,"date":"2018-03-05T15:54:06","date_gmt":"2018-03-05T15:54:06","guid":{"rendered":"https:\/\/hydra.vn\/kondenzatory-dc-link\/"},"modified":"2020-08-27T09:22:02","modified_gmt":"2020-08-27T02:22:02","slug":"dc-link-capacitors","status":"publish","type":"page","link":"https:\/\/www.hydra-components.com\/cs\/dc-link-capacitors\/","title":{"rendered":"Kondenz\u00e1tory DC-Link"},"content":{"rendered":"<p>[et_pb_section fb_built=&#8220;1&#8243; admin_label=&#8220;section&#8220; _builder_version=&#8220;3.22&#8243;][et_pb_row admin_label=&#8220;row&#8220; _builder_version=&#8220;3.25&#8243; background_size=&#8220;initial&#8220; background_position=&#8220;top_left&#8220; background_repeat=&#8220;repeat&#8220;][et_pb_column type=&#8220;4_4&#8243; _builder_version=&#8220;3.25&#8243; custom_padding=&#8220;|||&#8220; custom_padding__hover=&#8220;|||&#8220;][et_pb_text admin_label=&#8220;Text&#8220; _builder_version=&#8220;3.27.4&#8243; background_size=&#8220;initial&#8220; background_position=&#8220;top_left&#8220; background_repeat=&#8220;repeat&#8220;]<\/p>\n<h3>Kondenz\u00e1tory DC-Link<\/h3>\n<p>Kondenz\u00e1tory DC-Link se pou\u017e\u00edvaj\u00ed pro m\u011bni\u010de v\u0161eho druhu, UPS, v\u011btrn\u00e9 elektr\u00e1rny, sol\u00e1rn\u00ed elektr\u00e1rny, pohonnou technologii apod. Hydra vyr\u00e1b\u00ed v\u00e1lcov\u00e9 kondenz\u00e1tory DC-Link v nejvy\u0161\u0161\u00ed kvalit\u011b podle p\u0159esn\u00fdch pot\u0159eb na\u0161ich klient\u016f.<br \/> V\u0161echny kondenz\u00e1tory DC-Link Hydra jsou pln\u011bn\u00e9 polyuretanovou a epoxidovou prysky\u0159ic\u00ed a spl\u0148uj\u00ed ty nejn\u00e1ro\u010dn\u011bj\u0161\u00ed po\u017eadavky. Na kondenz\u00e1tory Hydra se spol\u00e9h\u00e1 mnoho technicky n\u00e1ro\u010dn\u00fdch spole\u010dnost\u00ed po cel\u00e9m sv\u011bt\u011b.<\/p>\n<p>[\/et_pb_text][et_pb_gallery gallery_ids=&#8220;924,920&#8243; posts_number=&#8220;2&#8243; show_title_and_caption=&#8220;off&#8220; _builder_version=&#8220;3.19.13&#8243;][\/et_pb_gallery][et_pb_text _builder_version=&#8220;3.27.4&#8243;]<\/p>\n<p style=\"text-align: justify;\">Hydra vyr\u00e1b\u00ed v\u011bt\u0161inu kondenz\u00e1tor\u016f podle p\u0159esn\u00fdch po\u017eadavk\u016f z\u00e1kazn\u00edk\u016f a d\u00edky sv\u00e9 flexibilit\u011b je schopna dod\u00e1vat i men\u0161\u00ed mno\u017estv\u00ed bez vzniku v\u00edcen\u00e1klad\u016f pro z\u00e1kazn\u00edky.<\/p>\n<p style=\"text-align: justify;\">Jeliko\u017e Hydra vyr\u00e1b\u00ed v\u011bt\u0161inou kondenz\u00e1tory na m\u00edru, nen\u00ed zde \u017e\u00e1dn\u00fd obecn\u00fd standard. Nicm\u00e9n\u011b v katalogu na\u0161ich v\u00fdrobk\u016f najdete v\u0161echny informace o r\u016fzn\u00fdch typech a dostupn\u00fdch velikostech, a to na: https:\/\/www.hydra-components.com\/catalogues\/<\/p>\n<p>[\/et_pb_text][\/et_pb_column][\/et_pb_row][\/et_pb_section]<\/p>\n","protected":false},"excerpt":{"rendered":"<p>Kondenz\u00e1tory DC-Link Kondenz\u00e1tory DC-Link se pou\u017e\u00edvaj\u00ed pro m\u011bni\u010de v\u0161eho druhu, UPS, v\u011btrn\u00e9 elektr\u00e1rny, sol\u00e1rn\u00ed elektr\u00e1rny, pohonnou technologii apod. Hydra vyr\u00e1b\u00ed v\u00e1lcov\u00e9 kondenz\u00e1tory DC-Link v nejvy\u0161\u0161\u00ed kvalit\u011b podle p\u0159esn\u00fdch pot\u0159eb na\u0161ich klient\u016f. V\u0161echny kondenz\u00e1tory DC-Link Hydra jsou pln\u011bn\u00e9 polyuretanovou a epoxidovou prysky\u0159ic\u00ed a spl\u0148uj\u00ed ty nejn\u00e1ro\u010dn\u011bj\u0161\u00ed po\u017eadavky. Na kondenz\u00e1tory Hydra se spol\u00e9h\u00e1 mnoho technicky n\u00e1ro\u010dn\u00fdch spole\u010dnost\u00ed [&hellip;]<\/p>\n","protected":false},"author":1,"featured_media":1530,"parent":0,"menu_order":0,"comment_status":"closed","ping_status":"closed","template":"","meta":{"_et_pb_use_builder":"on","_et_pb_old_content":"DC-Link capacitors are used for all kind of inverters, UPS, Wind Power, Photovoltaic, drive technology...\r\nHydra produce cylindrical DC-Link capacitors with highest quality due to the exact needs of the clients.\r\nAll Hydra DC-Link are filled with resin \/ Epoxi and fulfill highest requirements. So a lot of companies with highest technical expectations rely on Hydra capacitors.","_et_gb_content_width":"","footnotes":""},"class_list":["post-1387","page","type-page","status-publish","has-post-thumbnail","hentry"],"yoast_head":"<!-- This site is optimized with the Yoast SEO plugin v27.5 - https:\/\/yoast.com\/product\/yoast-seo-wordpress\/ -->\n<title>Kondenz\u00e1tory DC-Link - HYDRA a.s.<\/title>\n<meta name=\"robots\" content=\"index, follow, max-snippet:-1, max-image-preview:large, max-video-preview:-1\" \/>\n<link rel=\"canonical\" href=\"https:\/\/www.hydra-components.com\/cs\/dc-link-capacitors\/\" \/>\n<meta property=\"og:locale\" content=\"cs_CZ\" \/>\n<meta property=\"og:type\" content=\"article\" \/>\n<meta property=\"og:title\" content=\"Kondenz\u00e1tory DC-Link - HYDRA a.s.\" \/>\n<meta property=\"og:description\" content=\"Kondenz\u00e1tory DC-Link Kondenz\u00e1tory DC-Link se pou\u017e\u00edvaj\u00ed pro m\u011bni\u010de v\u0161eho druhu, UPS, v\u011btrn\u00e9 elektr\u00e1rny, sol\u00e1rn\u00ed elektr\u00e1rny, pohonnou technologii apod. Hydra vyr\u00e1b\u00ed v\u00e1lcov\u00e9 kondenz\u00e1tory DC-Link v nejvy\u0161\u0161\u00ed kvalit\u011b podle p\u0159esn\u00fdch pot\u0159eb na\u0161ich klient\u016f. V\u0161echny kondenz\u00e1tory DC-Link Hydra jsou pln\u011bn\u00e9 polyuretanovou a epoxidovou prysky\u0159ic\u00ed a spl\u0148uj\u00ed ty nejn\u00e1ro\u010dn\u011bj\u0161\u00ed po\u017eadavky. Na kondenz\u00e1tory Hydra se spol\u00e9h\u00e1 mnoho technicky n\u00e1ro\u010dn\u00fdch spole\u010dnost\u00ed [&hellip;]\" \/>\n<meta property=\"og:url\" content=\"https:\/\/www.hydra-components.com\/cs\/dc-link-capacitors\/\" \/>\n<meta property=\"og:site_name\" content=\"HYDRA a.s.\" \/>\n<meta property=\"article:modified_time\" content=\"2020-08-27T02:22:02+00:00\" \/>\n<meta property=\"og:image\" content=\"https:\/\/www.hydra-components.com\/wp-content\/uploads\/2018\/11\/DC-link.jpg\" \/>\n\t<meta property=\"og:image:width\" content=\"480\" \/>\n\t<meta property=\"og:image:height\" content=\"320\" \/>\n\t<meta property=\"og:image:type\" content=\"image\/jpeg\" \/>\n<meta name=\"twitter:card\" content=\"summary_large_image\" \/>\n<meta name=\"twitter:label1\" content=\"Odhadovan\u00e1 doba \u010dten\u00ed\" \/>\n\t<meta name=\"twitter:data1\" content=\"1 minuta\" \/>\n<script type=\"application\/ld+json\" class=\"yoast-schema-graph\">{\"@context\":\"https:\\\/\\\/schema.org\",\"@graph\":[{\"@type\":\"WebPage\",\"@id\":\"https:\\\/\\\/www.hydra-components.com\\\/cs\\\/dc-link-capacitors\\\/\",\"url\":\"https:\\\/\\\/www.hydra-components.com\\\/cs\\\/dc-link-capacitors\\\/\",\"name\":\"Kondenz\u00e1tory DC-Link - HYDRA a.s.\",\"isPartOf\":{\"@id\":\"https:\\\/\\\/www.hydra-components.com\\\/#website\"},\"primaryImageOfPage\":{\"@id\":\"https:\\\/\\\/www.hydra-components.com\\\/cs\\\/dc-link-capacitors\\\/#primaryimage\"},\"image\":{\"@id\":\"https:\\\/\\\/www.hydra-components.com\\\/cs\\\/dc-link-capacitors\\\/#primaryimage\"},\"thumbnailUrl\":\"https:\\\/\\\/www.hydra-components.com\\\/wp-content\\\/uploads\\\/2018\\\/11\\\/DC-link.jpg\",\"datePublished\":\"2018-03-05T15:54:06+00:00\",\"dateModified\":\"2020-08-27T02:22:02+00:00\",\"breadcrumb\":{\"@id\":\"https:\\\/\\\/www.hydra-components.com\\\/cs\\\/dc-link-capacitors\\\/#breadcrumb\"},\"inLanguage\":\"cs\",\"potentialAction\":[{\"@type\":\"ReadAction\",\"target\":[\"https:\\\/\\\/www.hydra-components.com\\\/cs\\\/dc-link-capacitors\\\/\"]}]},{\"@type\":\"ImageObject\",\"inLanguage\":\"cs\",\"@id\":\"https:\\\/\\\/www.hydra-components.com\\\/cs\\\/dc-link-capacitors\\\/#primaryimage\",\"url\":\"https:\\\/\\\/www.hydra-components.com\\\/wp-content\\\/uploads\\\/2018\\\/11\\\/DC-link.jpg\",\"contentUrl\":\"https:\\\/\\\/www.hydra-components.com\\\/wp-content\\\/uploads\\\/2018\\\/11\\\/DC-link.jpg\",\"width\":480,\"height\":320},{\"@type\":\"BreadcrumbList\",\"@id\":\"https:\\\/\\\/www.hydra-components.com\\\/cs\\\/dc-link-capacitors\\\/#breadcrumb\",\"itemListElement\":[{\"@type\":\"ListItem\",\"position\":1,\"name\":\"Home\",\"item\":\"https:\\\/\\\/www.hydra-components.com\\\/cs\\\/\"},{\"@type\":\"ListItem\",\"position\":2,\"name\":\"Kondenz\u00e1tory DC-Link\"}]},{\"@type\":\"WebSite\",\"@id\":\"https:\\\/\\\/www.hydra-components.com\\\/#website\",\"url\":\"https:\\\/\\\/www.hydra-components.com\\\/\",\"name\":\"HYDRA a.s. | Highest Quality Capacitors\",\"description\":\"Highest Quality Capacitors\",\"publisher\":{\"@id\":\"https:\\\/\\\/www.hydra-components.com\\\/#organization\"},\"potentialAction\":[{\"@type\":\"SearchAction\",\"target\":{\"@type\":\"EntryPoint\",\"urlTemplate\":\"https:\\\/\\\/www.hydra-components.com\\\/?s={search_term_string}\"},\"query-input\":{\"@type\":\"PropertyValueSpecification\",\"valueRequired\":true,\"valueName\":\"search_term_string\"}}],\"inLanguage\":\"cs\"},{\"@type\":\"Organization\",\"@id\":\"https:\\\/\\\/www.hydra-components.com\\\/#organization\",\"name\":\"HYDRA a.s.\",\"url\":\"https:\\\/\\\/www.hydra-components.com\\\/\",\"logo\":{\"@type\":\"ImageObject\",\"inLanguage\":\"cs\",\"@id\":\"https:\\\/\\\/www.hydra-components.com\\\/#\\\/schema\\\/logo\\\/image\\\/\",\"url\":\"https:\\\/\\\/www.hydra-components.com\\\/wp-content\\\/uploads\\\/2019\\\/03\\\/Hydra-with-R.jpg\",\"contentUrl\":\"https:\\\/\\\/www.hydra-components.com\\\/wp-content\\\/uploads\\\/2019\\\/03\\\/Hydra-with-R.jpg\",\"width\":360,\"height\":66,\"caption\":\"HYDRA a.s.\"},\"image\":{\"@id\":\"https:\\\/\\\/www.hydra-components.com\\\/#\\\/schema\\\/logo\\\/image\\\/\"}}]}<\/script>\n<!-- \/ Yoast SEO plugin. -->","yoast_head_json":{"title":"Kondenz\u00e1tory DC-Link - HYDRA a.s.","robots":{"index":"index","follow":"follow","max-snippet":"max-snippet:-1","max-image-preview":"max-image-preview:large","max-video-preview":"max-video-preview:-1"},"canonical":"https:\/\/www.hydra-components.com\/cs\/dc-link-capacitors\/","og_locale":"cs_CZ","og_type":"article","og_title":"Kondenz\u00e1tory DC-Link - HYDRA a.s.","og_description":"Kondenz\u00e1tory DC-Link Kondenz\u00e1tory DC-Link se pou\u017e\u00edvaj\u00ed pro m\u011bni\u010de v\u0161eho druhu, UPS, v\u011btrn\u00e9 elektr\u00e1rny, sol\u00e1rn\u00ed elektr\u00e1rny, pohonnou technologii apod. Hydra vyr\u00e1b\u00ed v\u00e1lcov\u00e9 kondenz\u00e1tory DC-Link v nejvy\u0161\u0161\u00ed kvalit\u011b podle p\u0159esn\u00fdch pot\u0159eb na\u0161ich klient\u016f. V\u0161echny kondenz\u00e1tory DC-Link Hydra jsou pln\u011bn\u00e9 polyuretanovou a epoxidovou prysky\u0159ic\u00ed a spl\u0148uj\u00ed ty nejn\u00e1ro\u010dn\u011bj\u0161\u00ed po\u017eadavky. Na kondenz\u00e1tory Hydra se spol\u00e9h\u00e1 mnoho technicky n\u00e1ro\u010dn\u00fdch spole\u010dnost\u00ed [&hellip;]","og_url":"https:\/\/www.hydra-components.com\/cs\/dc-link-capacitors\/","og_site_name":"HYDRA a.s.","article_modified_time":"2020-08-27T02:22:02+00:00","og_image":[{"width":480,"height":320,"url":"https:\/\/www.hydra-components.com\/wp-content\/uploads\/2018\/11\/DC-link.jpg","type":"image\/jpeg"}],"twitter_card":"summary_large_image","twitter_misc":{"Odhadovan\u00e1 doba \u010dten\u00ed":"1 minuta"},"schema":{"@context":"https:\/\/schema.org","@graph":[{"@type":"WebPage","@id":"https:\/\/www.hydra-components.com\/cs\/dc-link-capacitors\/","url":"https:\/\/www.hydra-components.com\/cs\/dc-link-capacitors\/","name":"Kondenz\u00e1tory DC-Link - HYDRA a.s.","isPartOf":{"@id":"https:\/\/www.hydra-components.com\/#website"},"primaryImageOfPage":{"@id":"https:\/\/www.hydra-components.com\/cs\/dc-link-capacitors\/#primaryimage"},"image":{"@id":"https:\/\/www.hydra-components.com\/cs\/dc-link-capacitors\/#primaryimage"},"thumbnailUrl":"https:\/\/www.hydra-components.com\/wp-content\/uploads\/2018\/11\/DC-link.jpg","datePublished":"2018-03-05T15:54:06+00:00","dateModified":"2020-08-27T02:22:02+00:00","breadcrumb":{"@id":"https:\/\/www.hydra-components.com\/cs\/dc-link-capacitors\/#breadcrumb"},"inLanguage":"cs","potentialAction":[{"@type":"ReadAction","target":["https:\/\/www.hydra-components.com\/cs\/dc-link-capacitors\/"]}]},{"@type":"ImageObject","inLanguage":"cs","@id":"https:\/\/www.hydra-components.com\/cs\/dc-link-capacitors\/#primaryimage","url":"https:\/\/www.hydra-components.com\/wp-content\/uploads\/2018\/11\/DC-link.jpg","contentUrl":"https:\/\/www.hydra-components.com\/wp-content\/uploads\/2018\/11\/DC-link.jpg","width":480,"height":320},{"@type":"BreadcrumbList","@id":"https:\/\/www.hydra-components.com\/cs\/dc-link-capacitors\/#breadcrumb","itemListElement":[{"@type":"ListItem","position":1,"name":"Home","item":"https:\/\/www.hydra-components.com\/cs\/"},{"@type":"ListItem","position":2,"name":"Kondenz\u00e1tory DC-Link"}]},{"@type":"WebSite","@id":"https:\/\/www.hydra-components.com\/#website","url":"https:\/\/www.hydra-components.com\/","name":"HYDRA a.s. | Highest Quality Capacitors","description":"Highest Quality Capacitors","publisher":{"@id":"https:\/\/www.hydra-components.com\/#organization"},"potentialAction":[{"@type":"SearchAction","target":{"@type":"EntryPoint","urlTemplate":"https:\/\/www.hydra-components.com\/?s={search_term_string}"},"query-input":{"@type":"PropertyValueSpecification","valueRequired":true,"valueName":"search_term_string"}}],"inLanguage":"cs"},{"@type":"Organization","@id":"https:\/\/www.hydra-components.com\/#organization","name":"HYDRA a.s.","url":"https:\/\/www.hydra-components.com\/","logo":{"@type":"ImageObject","inLanguage":"cs","@id":"https:\/\/www.hydra-components.com\/#\/schema\/logo\/image\/","url":"https:\/\/www.hydra-components.com\/wp-content\/uploads\/2019\/03\/Hydra-with-R.jpg","contentUrl":"https:\/\/www.hydra-components.com\/wp-content\/uploads\/2019\/03\/Hydra-with-R.jpg","width":360,"height":66,"caption":"HYDRA a.s."},"image":{"@id":"https:\/\/www.hydra-components.com\/#\/schema\/logo\/image\/"}}]}},"_links":{"self":[{"href":"https:\/\/www.hydra-components.com\/cs\/wp-json\/wp\/v2\/pages\/1387","targetHints":{"allow":["GET"]}}],"collection":[{"href":"https:\/\/www.hydra-components.com\/cs\/wp-json\/wp\/v2\/pages"}],"about":[{"href":"https:\/\/www.hydra-components.com\/cs\/wp-json\/wp\/v2\/types\/page"}],"author":[{"embeddable":true,"href":"https:\/\/www.hydra-components.com\/cs\/wp-json\/wp\/v2\/users\/1"}],"replies":[{"embeddable":true,"href":"https:\/\/www.hydra-components.com\/cs\/wp-json\/wp\/v2\/comments?post=1387"}],"version-history":[{"count":6,"href":"https:\/\/www.hydra-components.com\/cs\/wp-json\/wp\/v2\/pages\/1387\/revisions"}],"predecessor-version":[{"id":2132,"href":"https:\/\/www.hydra-components.com\/cs\/wp-json\/wp\/v2\/pages\/1387\/revisions\/2132"}],"wp:featuredmedia":[{"embeddable":true,"href":"https:\/\/www.hydra-components.com\/cs\/wp-json\/wp\/v2\/media\/1530"}],"wp:attachment":[{"href":"https:\/\/www.hydra-components.com\/cs\/wp-json\/wp\/v2\/media?parent=1387"}],"curies":[{"name":"wp","href":"https:\/\/api.w.org\/{rel}","templated":true}]}}