{"id":3131,"date":"2023-07-21T05:18:29","date_gmt":"2023-07-21T04:18:29","guid":{"rendered":"https:\/\/www.hydra-components.com\/hydra-as\/"},"modified":"2023-07-21T05:18:30","modified_gmt":"2023-07-21T04:18:30","slug":"hydra-as","status":"publish","type":"page","link":"https:\/\/www.hydra-components.com\/cs\/hydra-as\/","title":{"rendered":"hydra as"},"content":{"rendered":"<p>[et_pb_section fb_built=&#8220;1&#8243; _builder_version=&#8220;4.5.7&#8243; _module_preset=&#8220;default&#8220; hover_enabled=&#8220;0&#8243;][et_pb_row _builder_version=&#8220;4.5.7&#8243; _module_preset=&#8220;default&#8220; column_structure=&#8220;3_5,2_5&#8243;][et_pb_column _builder_version=&#8220;4.5.7&#8243; _module_preset=&#8220;default&#8220; type=&#8220;3_5&#8243;][et_pb_code _builder_version=&#8220;4.5.7&#8243; _module_preset=&#8220;default&#8220; hover_enabled=&#8220;0&#8243;]<iframe loading=\"lazy\" width=\"560\" height=\"315\" src=\"https:\/\/www.youtube.com\/embed\/DTzECvSBLZE?controls=1&#038;autoplay=1&#038;rel=0\" frameborder=\"0\" allow=\"accelerometer; autoplay; clipboard-write; encrypted-media; gyroscope; picture-in-picture\" allowfullscreen><\/iframe>[\/et_pb_code][\/et_pb_column][et_pb_column _builder_version=&#8220;4.5.7&#8243; _module_preset=&#8220;default&#8220; type=&#8220;2_5&#8243;][et_pb_text _builder_version=&#8220;4.5.7&#8243; _module_preset=&#8220;default&#8220; hover_enabled=&#8220;0&#8243;]<\/p>\n<h4 class=\"title\"><span style=\"color: #ff0000;\">HYDRA a.s<\/span><\/h4>\n<div class=\"textwidget custom-html-widget\">\n<ul>\n<li>Pr\u016fmyslov\u00e1 1110<\/li>\n<li>506 01 Ji\u010d\u00edn | \u010cesk\u00e1 republika<\/li>\n<li>Tel: +420 493 504 111<\/li>\n<li>Email: office@hydra-components.com<\/li>\n<\/ul>\n<\/div>\n<p>[\/et_pb_text][\/et_pb_column][\/et_pb_row][\/et_pb_section]<\/p>\n","protected":false},"excerpt":{"rendered":"<p>HYDRA a.s Pr\u016fmyslov\u00e1 1110 506 01 Ji\u010d\u00edn | \u010cesk\u00e1 republika Tel: +420 493 504 111 Email: office@hydra-components.com<\/p>\n","protected":false},"author":1,"featured_media":0,"parent":0,"menu_order":0,"comment_status":"closed","ping_status":"closed","template":"","meta":{"_et_pb_use_builder":"on","_et_pb_old_content":"","_et_gb_content_width":"","footnotes":""},"class_list":["post-3131","page","type-page","status-publish","hentry"],"yoast_head":"<!-- This site is optimized with the Yoast SEO plugin v27.5 - https:\/\/yoast.com\/product\/yoast-seo-wordpress\/ -->\n<title>hydra as - HYDRA a.s.<\/title>\n<meta name=\"robots\" content=\"index, follow, max-snippet:-1, max-image-preview:large, max-video-preview:-1\" \/>\n<link rel=\"canonical\" href=\"https:\/\/www.hydra-components.com\/cs\/hydra-as\/\" \/>\n<meta property=\"og:locale\" content=\"cs_CZ\" \/>\n<meta property=\"og:type\" content=\"article\" \/>\n<meta property=\"og:title\" content=\"hydra as - HYDRA a.s.\" \/>\n<meta property=\"og:description\" content=\"HYDRA a.s Pr\u016fmyslov\u00e1 1110 506 01 Ji\u010d\u00edn | \u010cesk\u00e1 republika Tel: +420 493 504 111 Email: office@hydra-components.com\" \/>\n<meta property=\"og:url\" content=\"https:\/\/www.hydra-components.com\/cs\/hydra-as\/\" \/>\n<meta property=\"og:site_name\" content=\"HYDRA a.s.\" \/>\n<meta property=\"article:modified_time\" content=\"2023-07-21T04:18:30+00:00\" \/>\n<meta property=\"og:image\" content=\"https:\/\/www.hydra-components.com\/wp-content\/uploads\/2019\/03\/headermobile.jpg\" \/>\n\t<meta property=\"og:image:width\" content=\"920\" \/>\n\t<meta property=\"og:image:height\" content=\"720\" \/>\n\t<meta property=\"og:image:type\" content=\"image\/jpeg\" \/>\n<meta name=\"twitter:card\" content=\"summary_large_image\" \/>\n<script type=\"application\/ld+json\" class=\"yoast-schema-graph\">{\"@context\":\"https:\\\/\\\/schema.org\",\"@graph\":[{\"@type\":\"WebPage\",\"@id\":\"https:\\\/\\\/www.hydra-components.com\\\/cs\\\/hydra-as\\\/\",\"url\":\"https:\\\/\\\/www.hydra-components.com\\\/cs\\\/hydra-as\\\/\",\"name\":\"hydra as - HYDRA a.s.\",\"isPartOf\":{\"@id\":\"https:\\\/\\\/www.hydra-components.com\\\/#website\"},\"datePublished\":\"2023-07-21T04:18:29+00:00\",\"dateModified\":\"2023-07-21T04:18:30+00:00\",\"breadcrumb\":{\"@id\":\"https:\\\/\\\/www.hydra-components.com\\\/cs\\\/hydra-as\\\/#breadcrumb\"},\"inLanguage\":\"cs\",\"potentialAction\":[{\"@type\":\"ReadAction\",\"target\":[\"https:\\\/\\\/www.hydra-components.com\\\/cs\\\/hydra-as\\\/\"]}]},{\"@type\":\"BreadcrumbList\",\"@id\":\"https:\\\/\\\/www.hydra-components.com\\\/cs\\\/hydra-as\\\/#breadcrumb\",\"itemListElement\":[{\"@type\":\"ListItem\",\"position\":1,\"name\":\"Home\",\"item\":\"https:\\\/\\\/www.hydra-components.com\\\/cs\\\/\"},{\"@type\":\"ListItem\",\"position\":2,\"name\":\"hydra as\"}]},{\"@type\":\"WebSite\",\"@id\":\"https:\\\/\\\/www.hydra-components.com\\\/#website\",\"url\":\"https:\\\/\\\/www.hydra-components.com\\\/\",\"name\":\"HYDRA a.s. | Highest Quality Capacitors\",\"description\":\"Highest Quality Capacitors\",\"publisher\":{\"@id\":\"https:\\\/\\\/www.hydra-components.com\\\/#organization\"},\"potentialAction\":[{\"@type\":\"SearchAction\",\"target\":{\"@type\":\"EntryPoint\",\"urlTemplate\":\"https:\\\/\\\/www.hydra-components.com\\\/?s={search_term_string}\"},\"query-input\":{\"@type\":\"PropertyValueSpecification\",\"valueRequired\":true,\"valueName\":\"search_term_string\"}}],\"inLanguage\":\"cs\"},{\"@type\":\"Organization\",\"@id\":\"https:\\\/\\\/www.hydra-components.com\\\/#organization\",\"name\":\"HYDRA a.s.\",\"url\":\"https:\\\/\\\/www.hydra-components.com\\\/\",\"logo\":{\"@type\":\"ImageObject\",\"inLanguage\":\"cs\",\"@id\":\"https:\\\/\\\/www.hydra-components.com\\\/#\\\/schema\\\/logo\\\/image\\\/\",\"url\":\"https:\\\/\\\/www.hydra-components.com\\\/wp-content\\\/uploads\\\/2019\\\/03\\\/Hydra-with-R.jpg\",\"contentUrl\":\"https:\\\/\\\/www.hydra-components.com\\\/wp-content\\\/uploads\\\/2019\\\/03\\\/Hydra-with-R.jpg\",\"width\":360,\"height\":66,\"caption\":\"HYDRA a.s.\"},\"image\":{\"@id\":\"https:\\\/\\\/www.hydra-components.com\\\/#\\\/schema\\\/logo\\\/image\\\/\"}}]}<\/script>\n<!-- \/ Yoast SEO plugin. -->","yoast_head_json":{"title":"hydra as - HYDRA a.s.","robots":{"index":"index","follow":"follow","max-snippet":"max-snippet:-1","max-image-preview":"max-image-preview:large","max-video-preview":"max-video-preview:-1"},"canonical":"https:\/\/www.hydra-components.com\/cs\/hydra-as\/","og_locale":"cs_CZ","og_type":"article","og_title":"hydra as - HYDRA a.s.","og_description":"HYDRA a.s Pr\u016fmyslov\u00e1 1110 506 01 Ji\u010d\u00edn | \u010cesk\u00e1 republika Tel: +420 493 504 111 Email: office@hydra-components.com","og_url":"https:\/\/www.hydra-components.com\/cs\/hydra-as\/","og_site_name":"HYDRA a.s.","article_modified_time":"2023-07-21T04:18:30+00:00","og_image":[{"width":920,"height":720,"url":"https:\/\/www.hydra-components.com\/wp-content\/uploads\/2019\/03\/headermobile.jpg","type":"image\/jpeg"}],"twitter_card":"summary_large_image","schema":{"@context":"https:\/\/schema.org","@graph":[{"@type":"WebPage","@id":"https:\/\/www.hydra-components.com\/cs\/hydra-as\/","url":"https:\/\/www.hydra-components.com\/cs\/hydra-as\/","name":"hydra as - HYDRA a.s.","isPartOf":{"@id":"https:\/\/www.hydra-components.com\/#website"},"datePublished":"2023-07-21T04:18:29+00:00","dateModified":"2023-07-21T04:18:30+00:00","breadcrumb":{"@id":"https:\/\/www.hydra-components.com\/cs\/hydra-as\/#breadcrumb"},"inLanguage":"cs","potentialAction":[{"@type":"ReadAction","target":["https:\/\/www.hydra-components.com\/cs\/hydra-as\/"]}]},{"@type":"BreadcrumbList","@id":"https:\/\/www.hydra-components.com\/cs\/hydra-as\/#breadcrumb","itemListElement":[{"@type":"ListItem","position":1,"name":"Home","item":"https:\/\/www.hydra-components.com\/cs\/"},{"@type":"ListItem","position":2,"name":"hydra as"}]},{"@type":"WebSite","@id":"https:\/\/www.hydra-components.com\/#website","url":"https:\/\/www.hydra-components.com\/","name":"HYDRA a.s. | Highest Quality Capacitors","description":"Highest Quality Capacitors","publisher":{"@id":"https:\/\/www.hydra-components.com\/#organization"},"potentialAction":[{"@type":"SearchAction","target":{"@type":"EntryPoint","urlTemplate":"https:\/\/www.hydra-components.com\/?s={search_term_string}"},"query-input":{"@type":"PropertyValueSpecification","valueRequired":true,"valueName":"search_term_string"}}],"inLanguage":"cs"},{"@type":"Organization","@id":"https:\/\/www.hydra-components.com\/#organization","name":"HYDRA a.s.","url":"https:\/\/www.hydra-components.com\/","logo":{"@type":"ImageObject","inLanguage":"cs","@id":"https:\/\/www.hydra-components.com\/#\/schema\/logo\/image\/","url":"https:\/\/www.hydra-components.com\/wp-content\/uploads\/2019\/03\/Hydra-with-R.jpg","contentUrl":"https:\/\/www.hydra-components.com\/wp-content\/uploads\/2019\/03\/Hydra-with-R.jpg","width":360,"height":66,"caption":"HYDRA a.s."},"image":{"@id":"https:\/\/www.hydra-components.com\/#\/schema\/logo\/image\/"}}]}},"_links":{"self":[{"href":"https:\/\/www.hydra-components.com\/cs\/wp-json\/wp\/v2\/pages\/3131","targetHints":{"allow":["GET"]}}],"collection":[{"href":"https:\/\/www.hydra-components.com\/cs\/wp-json\/wp\/v2\/pages"}],"about":[{"href":"https:\/\/www.hydra-components.com\/cs\/wp-json\/wp\/v2\/types\/page"}],"author":[{"embeddable":true,"href":"https:\/\/www.hydra-components.com\/cs\/wp-json\/wp\/v2\/users\/1"}],"replies":[{"embeddable":true,"href":"https:\/\/www.hydra-components.com\/cs\/wp-json\/wp\/v2\/comments?post=3131"}],"version-history":[{"count":1,"href":"https:\/\/www.hydra-components.com\/cs\/wp-json\/wp\/v2\/pages\/3131\/revisions"}],"predecessor-version":[{"id":3132,"href":"https:\/\/www.hydra-components.com\/cs\/wp-json\/wp\/v2\/pages\/3131\/revisions\/3132"}],"wp:attachment":[{"href":"https:\/\/www.hydra-components.com\/cs\/wp-json\/wp\/v2\/media?parent=3131"}],"curies":[{"name":"wp","href":"https:\/\/api.w.org\/{rel}","templated":true}]}}