{"id":1285,"date":"2019-04-03T06:47:02","date_gmt":"2019-04-03T06:47:02","guid":{"rendered":"https:\/\/hydra.vn\/uber-uns\/"},"modified":"2024-05-17T07:24:06","modified_gmt":"2024-05-17T06:24:06","slug":"geschichte","status":"publish","type":"page","link":"https:\/\/www.hydra-components.com\/de\/geschichte\/","title":{"rendered":"Geschichte"},"content":{"rendered":"<p>[et_pb_section fb_built=&#8220;1&#8243; _builder_version=&#8220;3.22&#8243; background_color=&#8220;rgba(86,73,71,0.1)&#8220;][et_pb_row _builder_version=&#8220;3.25&#8243; background_size=&#8220;initial&#8220; background_position=&#8220;top_left&#8220; background_repeat=&#8220;repeat&#8220;][et_pb_column type=&#8220;4_4&#8243; _builder_version=&#8220;3.25&#8243; custom_padding=&#8220;|||&#8220; custom_padding__hover=&#8220;|||&#8220;][et_pb_text _builder_version=&#8220;4.5.7&#8243; header_font=&#8220;||||||||&#8220; background_size=&#8220;initial&#8220; background_position=&#8220;top_left&#8220; background_repeat=&#8220;repeat&#8220; hover_enabled=&#8220;0&#8243;]<\/p>\n<p style=\"text-align: justify;\">Hydra ist seit \u00fcber 100 Jahren einer der erfahrensten Kondensatorenhersteller der Welt. Urspr\u00fcnglich in Deutschland (Berlin) gegr\u00fcndet, war Hydra 60 Jahre lang Bestandteil der AEG, bevor sie sich selbst\u00e4ndig machte.<\/p>\n<p style=\"text-align: justify;\">Hydra produziert mit zwei Produktionsst\u00e4tten mehr als 20 Millionen Kondensatoren pro Jahr. Unser Hauptsitz und 50% der Produktion befinden sich in der Tschechischen Republik. Die andere Anlage befindet sich in Vietnam, wo Hydra f\u00fcr asiatische M\u00e4rkte produziert und auch Auftr\u00e4ge f\u00fcr hohe St\u00fcckzahlen f\u00fcr den europ\u00e4ischen Markt fertigt<\/p>\n<p style=\"text-align: justify;\">Unser Ziel hier bei Hydra ist es, unsere Kondensatoren in h\u00f6chster Qualit\u00e4t herzustellen. W\u00e4hrend der Produktion pr\u00fcft Hydra alle Kondensatoren, um eine 100%ige Produktzuverl\u00e4ssigkeit zu gew\u00e4hrleisten. W\u00e4hrend der Postproduktion f\u00fchren wir erneut einen zus\u00e4tzlichen Zufallstest durch. Erst nachdem alle Tests bestanden wurden, werden die Kondensatoren zur Lieferung freigegeben.<\/p>\n<p style=\"text-align: justify;\">Aufgrund unserer Sorgfalt und unseres kompetenten Personals verpflichten wir uns, unseren Kunden ein Qualit\u00e4tsprodukt zu bieten. Unser gewissenhafter Ansatz, unseren Kunden ein Produkt zu bieten, auf das sie sich verlassen k\u00f6nnen und auf das wir stolz sein k\u00f6nnen, hat uns zu einem f\u00fchrenden Unternehmen auf diesem Gebiet gemacht. Mit 100%igen Tests w\u00e4hrend des Produktionsprozesses k\u00f6nnen wir Ihnen ein qualitativ hochwertiges Produkt liefern. Aufgrund dieses h\u00f6chsten Qualit\u00e4tsniveaus ist die Feldausfallrate mit weniger als 1 ppm seit einigen Jahren extrem niedrig &#8211; und selbst diese Ausf\u00e4lle wurden durch extreme klimatische Bedingungen verursacht.<\/p>\n<p style=\"text-align: justify;\">Aufgrund unseres hohen Qualit\u00e4tsstandards hat sich Hydra zu einem der f\u00fchrenden Anbieter f\u00fcr den Markt f\u00fcr Haushaltsger\u00e4te entwickelt, wo Hydra Kondensatoren f\u00fcr alle gro\u00dfen Ger\u00e4tehersteller liefert.<\/p>\n<p style=\"text-align: justify;\">Hydra bietet seine Produkte auch an fast alle Hersteller von Pumpen, Motoren, Kompressoren und auch Fensterhebern an.<\/p>\n<p style=\"text-align: justify;\">Hydra ist einer der f\u00fchrenden Anbieter in diesen Massenm\u00e4rkten, in denen Qualit\u00e4t ein Schl\u00fcsselfaktor ist.<\/p>\n<p style=\"text-align: justify;\">Dar\u00fcber hinaus hat sich Hydra in den letzten 3 Jahren auf dem Markt f\u00fcr Leistungskondensatoren sehr stark entwickelt. Von 2016 bis 2017 stieg die Produktion um 50%. Von 2017 bis 2018 stieg die Produktion um 70%. F\u00fcr 2019 erwarten wir ein zus\u00e4tzliches Wachstum von 50%. Diese starke Steigerung ist das Ergebnis von hoher Qualit\u00e4t, Flexibilit\u00e4t bei ma\u00dfgefertigten Kondensatoren, kurzen Lieferzeiten und unserem Engagement f\u00fcr Sie.<\/p>\n<p>\u00a0 <strong>Geschichte<\/strong><\/p>\n<table style=\"width: 100%; float: left;\">\n<tbody>\n<tr>\n<td style=\"width: 3%;\"><span style=\"color: #333300;\">1899:<\/span><\/td>\n<td style=\"width: 61.5048%; text-align: justify;\">Hydra wurde durch den Erwerb der Hydrawerke Krayn &amp; Koenig als Elektrizit\u00e4ts-Aktiengesellschaft Hydrawerk gegr\u00fcndet<\/td>\n<td style=\"width: 27.4952%; text-align: justify;\" rowspan=\"6\"><span style=\"color: #333300;\"><img loading=\"lazy\" decoding=\"async\" class=\"wp-image-877 alignnone size-medium\" style=\"display: block; margin-left: auto; margin-right: auto;\" src=\"https:\/\/hydra.vn\/wp-content\/uploads\/2019\/02\/s-l1600-1-300x267.jpg\" alt=\"\" width=\"188\" height=\"164\" \/><img loading=\"lazy\" decoding=\"async\" class=\"wp-image-874 alignnone size-medium\" style=\"display: block; margin-left: auto; margin-right: auto;\" src=\"https:\/\/hydra.vn\/wp-content\/uploads\/2019\/02\/s-l1600-300x256.jpg\" alt=\"\" width=\"188\" height=\"166\" \/><\/span> <span style=\"color: #333300;\"><img loading=\"lazy\" decoding=\"async\" class=\"wp-image-870 alignnone size-medium\" style=\"display: block; margin-left: auto; margin-right: auto;\" src=\"https:\/\/hydra.vn\/wp-content\/uploads\/2019\/02\/s-l500-300x225.jpg\" alt=\"\" width=\"188\" height=\"147\" \/><\/span><\/td>\n<\/tr>\n<tr>\n<td style=\"width: 3%;\"><span style=\"color: #333300;\">1922:<\/span><\/td>\n<td style=\"width: 61.5048%; text-align: justify;\">Beginn der Produktion von Papierkondensatoren<\/td>\n<\/tr>\n<tr>\n<td style=\"width: 3%;\"><span style=\"color: #333300;\">1924:<\/span><\/td>\n<td style=\"width: 61.5048%; text-align: justify;\">Beginn der Produktion von Leistungskondensatoren f\u00fcr die Leistungsfaktorkorrektur (PFC)<\/td>\n<\/tr>\n<tr>\n<td style=\"width: 3%;\"><span style=\"color: #333300;\">1925:<\/span><\/td>\n<td style=\"width: 61.5048%; text-align: justify;\">Hydra wurde von AEG gekauft<\/td>\n<\/tr>\n<tr>\n<td style=\"width: 3%;\"><span style=\"color: #333300;\">1936:<\/span><\/td>\n<td style=\"width: 61.5048%; text-align: justify;\">Die Elektrizit\u00e4ts-Aktiengesellschaft Hydrawerk wurde in Hydrawerk AG umbenannt<\/td>\n<\/tr>\n<tr>\n<td style=\"width: 3%;\"><span style=\"color: #333300;\">1939:<\/span><\/td>\n<td style=\"width: 61.5048%; text-align: justify;\">Neue Fabriken in Berlin und in Freiberg er\u00f6ffnet<\/td>\n<\/tr>\n<tr>\n<td style=\"width: 3%;\"><span style=\"color: #333300;\">1941:<\/span><\/td>\n<td style=\"width: 61.5048%; text-align: justify;\">In Berlin wurden 2 neue Fabriken er\u00f6ffnet<\/td>\n<td style=\"width: 27.4952%; text-align: justify;\" rowspan=\"9\">\u00a0<\/td>\n<\/tr>\n<tr>\n<td style=\"width: 3%;\"><span style=\"color: #333300;\">1945:<\/span><\/td>\n<td style=\"width: 61.5048%; text-align: justify;\">W\u00e4hrend des 2. Weltkrieges wurde Hydra vollst\u00e4ndig zerst\u00f6rt.<\/td>\n<\/tr>\n<tr>\n<td style=\"width: 3%;\"><span style=\"color: #333300;\">1975:<\/span><\/td>\n<td style=\"width: 61.5048%; text-align: justify;\">AEG-Telefunken \u00fcbernimmt die Entwicklung, Produktion und den Vertrieb der auf Hochspannungskondensatoren spezialisierten Hydrawerke AG.<\/td>\n<\/tr>\n<tr>\n<td style=\"width: 3%;\"><span style=\"color: #333300;\">1985:<\/span><\/td>\n<td style=\"width: 61.5048%; text-align: justify;\">AEG-Telefunken wurde von Daimler Benz gekauft und in AEG AG umbenannt<\/td>\n<\/tr>\n<tr>\n<td style=\"width: 3%;\"><span style=\"color: #333300;\">1992:<\/span><\/td>\n<td style=\"width: 61.5048%; text-align: justify;\">Wechseln Sie von Papierkondensatoren zu Folienkondensatoren<\/td>\n<\/tr>\n<tr>\n<td style=\"width: 3%;\"><span style=\"color: #333300;\">1996:<\/span><\/td>\n<td style=\"width: 61.5048%; text-align: justify;\">Die Hydrawerke AG wurde in AEG Kondensatoren und Wandler GmbH umbenannt und an eine britische Investmentgesellschaft verkauft<\/td>\n<\/tr>\n<tr>\n<td style=\"width: 3%;\"><span style=\"color: #333300;\">1998:<\/span><\/td>\n<td style=\"width: 61.5048%; text-align: justify;\">Die AEG Kondensatoren und Wandler GmbH wurde von der eigenen Gesch\u00e4ftsf\u00fchrung und privaten Investoren gekauft. Dar\u00fcber hinaus wurde die AEG Components s.r.o in Tschechien gegr\u00fcndet.<\/td>\n<\/tr>\n<tr>\n<td style=\"width: 3%;\"><span style=\"color: #333300;\">1999:<\/span><\/td>\n<td style=\"width: 61.5048%; text-align: justify;\">Er\u00f6ffnung einer neuen Fabrik in der Tschechischen Republik mit dem Namen Hydra a.s. (Verlegung des Hauptsitzes in die Tschechische Republik)<\/td>\n<\/tr>\n<tr>\n<td style=\"width: 3%;\"><span style=\"color: #333300;\">2011:<\/span><\/td>\n<td style=\"width: 61.5048%; text-align: justify;\">Das Berliner Unternehmen wurde in Hydra Components GmbH umbenannt und AEG Components in Tschechien wurde in Hydra a.s. umbenannt.<\/td>\n<\/tr>\n<tr>\n<td style=\"width: 3%;\"><span style=\"color: #333300;\">2012:<\/span><\/td>\n<td style=\"width: 61.5048%; text-align: justify;\">In Vietnam wurde mit dem Bau einer neuen Produktionsst\u00e4tte begonnen.<\/td>\n<td style=\"width: 27.4952%;\" rowspan=\"3\"><span style=\"color: #333300;\"><img loading=\"lazy\" decoding=\"async\" class=\"wp-image-1024 alignnone size-medium\" style=\"display: block; margin-left: auto; margin-right: auto;\" src=\"https:\/\/hydra.vn\/wp-content\/uploads\/2019\/02\/Gruppe-1_P-M-L-800-300x161.png\" alt=\"\" width=\"285\" height=\"145\" \/><img loading=\"lazy\" decoding=\"async\" class=\"wp-image-1025 alignnone size-medium\" style=\"display: block; margin-left: auto; margin-right: auto;\" src=\"https:\/\/hydra.vn\/wp-content\/uploads\/2019\/02\/Gruppe-2-E-Edcl-S0-800-300x157.png\" alt=\"\" width=\"300\" height=\"157\" srcset=\"https:\/\/www.hydra-components.com\/wp-content\/uploads\/2019\/02\/Gruppe-2-E-Edcl-S0-800-300x157.png 300w, https:\/\/www.hydra-components.com\/wp-content\/uploads\/2019\/02\/Gruppe-2-E-Edcl-S0-800-768x402.png 768w, https:\/\/www.hydra-components.com\/wp-content\/uploads\/2019\/02\/Gruppe-2-E-Edcl-S0-800-1024x535.png 1024w, https:\/\/www.hydra-components.com\/wp-content\/uploads\/2019\/02\/Gruppe-2-E-Edcl-S0-800-1080x565.png 1080w, https:\/\/www.hydra-components.com\/wp-content\/uploads\/2019\/02\/Gruppe-2-E-Edcl-S0-800.png 1530w\" sizes=\"(max-width: 300px) 100vw, 300px\" \/><\/span><\/td>\n<\/tr>\n<tr>\n<td style=\"width: 3%;\"><span style=\"color: #333300;\">2014:<\/span><\/td>\n<td style=\"width: 61.5048%; text-align: justify;\">Die Produktion beginnt in einer weiteren neuen Fabrik von HYDRA Vietnam.<\/td>\n<\/tr>\n<tr>\n<td style=\"width: 3%;\"><span style=\"color: #333300;\">2018:<\/span><\/td>\n<td style=\"width: 61.5048%; text-align: justify;\">Neuer strategischer Distributor in China.<\/td>\n<\/tr>\n<\/tbody>\n<\/table>\n<p>&nbsp;<\/p>\n<p>[\/et_pb_text][\/et_pb_column][\/et_pb_row][\/et_pb_section]<\/p>\n","protected":false},"excerpt":{"rendered":"<p>Hydra ist seit \u00fcber 100 Jahren einer der erfahrensten Kondensatorenhersteller der Welt. Urspr\u00fcnglich in Deutschland (Berlin) gegr\u00fcndet, war Hydra 60 Jahre lang Bestandteil der AEG, bevor sie sich selbst\u00e4ndig machte. Hydra produziert mit zwei Produktionsst\u00e4tten mehr als 20 Millionen Kondensatoren pro Jahr. Unser Hauptsitz und 50% der Produktion befinden sich in der Tschechischen Republik. Die [&hellip;]<\/p>\n","protected":false},"author":1,"featured_media":1286,"parent":0,"menu_order":0,"comment_status":"closed","ping_status":"closed","template":"","meta":{"_et_pb_use_builder":"on","_et_pb_old_content":"","_et_gb_content_width":"","footnotes":""},"class_list":["post-1285","page","type-page","status-publish","has-post-thumbnail","hentry"],"yoast_head":"<!-- This site is optimized with the Yoast SEO plugin v27.5 - https:\/\/yoast.com\/product\/yoast-seo-wordpress\/ -->\n<title>Geschichte - HYDRA a.s.<\/title>\n<meta name=\"robots\" content=\"index, follow, max-snippet:-1, max-image-preview:large, max-video-preview:-1\" \/>\n<link rel=\"canonical\" href=\"https:\/\/www.hydra-components.com\/de\/geschichte\/\" \/>\n<meta property=\"og:locale\" content=\"de_DE\" \/>\n<meta property=\"og:type\" content=\"article\" \/>\n<meta property=\"og:title\" content=\"Geschichte - HYDRA a.s.\" \/>\n<meta property=\"og:description\" content=\"Hydra ist seit \u00fcber 100 Jahren einer der erfahrensten Kondensatorenhersteller der Welt. Urspr\u00fcnglich in Deutschland (Berlin) gegr\u00fcndet, war Hydra 60 Jahre lang Bestandteil der AEG, bevor sie sich selbst\u00e4ndig machte. Hydra produziert mit zwei Produktionsst\u00e4tten mehr als 20 Millionen Kondensatoren pro Jahr. Unser Hauptsitz und 50% der Produktion befinden sich in der Tschechischen Republik. Die [&hellip;]\" \/>\n<meta property=\"og:url\" content=\"https:\/\/www.hydra-components.com\/de\/geschichte\/\" \/>\n<meta property=\"og:site_name\" content=\"HYDRA a.s.\" \/>\n<meta property=\"article:modified_time\" content=\"2024-05-17T06:24:06+00:00\" \/>\n<meta property=\"og:image\" content=\"https:\/\/www.hydra-components.com\/wp-content\/uploads\/2018\/03\/HYDRA-Czech_factory.jpg\" \/>\n\t<meta property=\"og:image:width\" content=\"340\" \/>\n\t<meta property=\"og:image:height\" content=\"187\" \/>\n\t<meta property=\"og:image:type\" content=\"image\/jpeg\" \/>\n<meta name=\"twitter:card\" content=\"summary_large_image\" \/>\n<meta name=\"twitter:label1\" content=\"Gesch\u00e4tzte Lesezeit\" \/>\n\t<meta name=\"twitter:data1\" content=\"3\u00a0Minuten\" \/>\n<script type=\"application\/ld+json\" class=\"yoast-schema-graph\">{\"@context\":\"https:\\\/\\\/schema.org\",\"@graph\":[{\"@type\":\"WebPage\",\"@id\":\"https:\\\/\\\/www.hydra-components.com\\\/de\\\/geschichte\\\/\",\"url\":\"https:\\\/\\\/www.hydra-components.com\\\/de\\\/geschichte\\\/\",\"name\":\"Geschichte - HYDRA a.s.\",\"isPartOf\":{\"@id\":\"https:\\\/\\\/www.hydra-components.com\\\/#website\"},\"primaryImageOfPage\":{\"@id\":\"https:\\\/\\\/www.hydra-components.com\\\/de\\\/geschichte\\\/#primaryimage\"},\"image\":{\"@id\":\"https:\\\/\\\/www.hydra-components.com\\\/de\\\/geschichte\\\/#primaryimage\"},\"thumbnailUrl\":\"https:\\\/\\\/www.hydra-components.com\\\/wp-content\\\/uploads\\\/2018\\\/03\\\/HYDRA-Czech_factory.jpg\",\"datePublished\":\"2019-04-03T06:47:02+00:00\",\"dateModified\":\"2024-05-17T06:24:06+00:00\",\"breadcrumb\":{\"@id\":\"https:\\\/\\\/www.hydra-components.com\\\/de\\\/geschichte\\\/#breadcrumb\"},\"inLanguage\":\"de\",\"potentialAction\":[{\"@type\":\"ReadAction\",\"target\":[\"https:\\\/\\\/www.hydra-components.com\\\/de\\\/geschichte\\\/\"]}]},{\"@type\":\"ImageObject\",\"inLanguage\":\"de\",\"@id\":\"https:\\\/\\\/www.hydra-components.com\\\/de\\\/geschichte\\\/#primaryimage\",\"url\":\"https:\\\/\\\/www.hydra-components.com\\\/wp-content\\\/uploads\\\/2018\\\/03\\\/HYDRA-Czech_factory.jpg\",\"contentUrl\":\"https:\\\/\\\/www.hydra-components.com\\\/wp-content\\\/uploads\\\/2018\\\/03\\\/HYDRA-Czech_factory.jpg\",\"width\":340,\"height\":187},{\"@type\":\"BreadcrumbList\",\"@id\":\"https:\\\/\\\/www.hydra-components.com\\\/de\\\/geschichte\\\/#breadcrumb\",\"itemListElement\":[{\"@type\":\"ListItem\",\"position\":1,\"name\":\"Home\",\"item\":\"https:\\\/\\\/www.hydra-components.com\\\/de\\\/\"},{\"@type\":\"ListItem\",\"position\":2,\"name\":\"Geschichte\"}]},{\"@type\":\"WebSite\",\"@id\":\"https:\\\/\\\/www.hydra-components.com\\\/#website\",\"url\":\"https:\\\/\\\/www.hydra-components.com\\\/\",\"name\":\"HYDRA a.s. | Highest Quality Capacitors\",\"description\":\"Highest Quality Capacitors\",\"publisher\":{\"@id\":\"https:\\\/\\\/www.hydra-components.com\\\/#organization\"},\"potentialAction\":[{\"@type\":\"SearchAction\",\"target\":{\"@type\":\"EntryPoint\",\"urlTemplate\":\"https:\\\/\\\/www.hydra-components.com\\\/?s={search_term_string}\"},\"query-input\":{\"@type\":\"PropertyValueSpecification\",\"valueRequired\":true,\"valueName\":\"search_term_string\"}}],\"inLanguage\":\"de\"},{\"@type\":\"Organization\",\"@id\":\"https:\\\/\\\/www.hydra-components.com\\\/#organization\",\"name\":\"HYDRA a.s.\",\"url\":\"https:\\\/\\\/www.hydra-components.com\\\/\",\"logo\":{\"@type\":\"ImageObject\",\"inLanguage\":\"de\",\"@id\":\"https:\\\/\\\/www.hydra-components.com\\\/#\\\/schema\\\/logo\\\/image\\\/\",\"url\":\"https:\\\/\\\/www.hydra-components.com\\\/wp-content\\\/uploads\\\/2019\\\/03\\\/Hydra-with-R.jpg\",\"contentUrl\":\"https:\\\/\\\/www.hydra-components.com\\\/wp-content\\\/uploads\\\/2019\\\/03\\\/Hydra-with-R.jpg\",\"width\":360,\"height\":66,\"caption\":\"HYDRA a.s.\"},\"image\":{\"@id\":\"https:\\\/\\\/www.hydra-components.com\\\/#\\\/schema\\\/logo\\\/image\\\/\"}}]}<\/script>\n<!-- \/ Yoast SEO plugin. -->","yoast_head_json":{"title":"Geschichte - HYDRA a.s.","robots":{"index":"index","follow":"follow","max-snippet":"max-snippet:-1","max-image-preview":"max-image-preview:large","max-video-preview":"max-video-preview:-1"},"canonical":"https:\/\/www.hydra-components.com\/de\/geschichte\/","og_locale":"de_DE","og_type":"article","og_title":"Geschichte - HYDRA a.s.","og_description":"Hydra ist seit \u00fcber 100 Jahren einer der erfahrensten Kondensatorenhersteller der Welt. Urspr\u00fcnglich in Deutschland (Berlin) gegr\u00fcndet, war Hydra 60 Jahre lang Bestandteil der AEG, bevor sie sich selbst\u00e4ndig machte. Hydra produziert mit zwei Produktionsst\u00e4tten mehr als 20 Millionen Kondensatoren pro Jahr. Unser Hauptsitz und 50% der Produktion befinden sich in der Tschechischen Republik. Die [&hellip;]","og_url":"https:\/\/www.hydra-components.com\/de\/geschichte\/","og_site_name":"HYDRA a.s.","article_modified_time":"2024-05-17T06:24:06+00:00","og_image":[{"width":340,"height":187,"url":"https:\/\/www.hydra-components.com\/wp-content\/uploads\/2018\/03\/HYDRA-Czech_factory.jpg","type":"image\/jpeg"}],"twitter_card":"summary_large_image","twitter_misc":{"Gesch\u00e4tzte Lesezeit":"3\u00a0Minuten"},"schema":{"@context":"https:\/\/schema.org","@graph":[{"@type":"WebPage","@id":"https:\/\/www.hydra-components.com\/de\/geschichte\/","url":"https:\/\/www.hydra-components.com\/de\/geschichte\/","name":"Geschichte - HYDRA a.s.","isPartOf":{"@id":"https:\/\/www.hydra-components.com\/#website"},"primaryImageOfPage":{"@id":"https:\/\/www.hydra-components.com\/de\/geschichte\/#primaryimage"},"image":{"@id":"https:\/\/www.hydra-components.com\/de\/geschichte\/#primaryimage"},"thumbnailUrl":"https:\/\/www.hydra-components.com\/wp-content\/uploads\/2018\/03\/HYDRA-Czech_factory.jpg","datePublished":"2019-04-03T06:47:02+00:00","dateModified":"2024-05-17T06:24:06+00:00","breadcrumb":{"@id":"https:\/\/www.hydra-components.com\/de\/geschichte\/#breadcrumb"},"inLanguage":"de","potentialAction":[{"@type":"ReadAction","target":["https:\/\/www.hydra-components.com\/de\/geschichte\/"]}]},{"@type":"ImageObject","inLanguage":"de","@id":"https:\/\/www.hydra-components.com\/de\/geschichte\/#primaryimage","url":"https:\/\/www.hydra-components.com\/wp-content\/uploads\/2018\/03\/HYDRA-Czech_factory.jpg","contentUrl":"https:\/\/www.hydra-components.com\/wp-content\/uploads\/2018\/03\/HYDRA-Czech_factory.jpg","width":340,"height":187},{"@type":"BreadcrumbList","@id":"https:\/\/www.hydra-components.com\/de\/geschichte\/#breadcrumb","itemListElement":[{"@type":"ListItem","position":1,"name":"Home","item":"https:\/\/www.hydra-components.com\/de\/"},{"@type":"ListItem","position":2,"name":"Geschichte"}]},{"@type":"WebSite","@id":"https:\/\/www.hydra-components.com\/#website","url":"https:\/\/www.hydra-components.com\/","name":"HYDRA a.s. | Highest Quality Capacitors","description":"Highest Quality Capacitors","publisher":{"@id":"https:\/\/www.hydra-components.com\/#organization"},"potentialAction":[{"@type":"SearchAction","target":{"@type":"EntryPoint","urlTemplate":"https:\/\/www.hydra-components.com\/?s={search_term_string}"},"query-input":{"@type":"PropertyValueSpecification","valueRequired":true,"valueName":"search_term_string"}}],"inLanguage":"de"},{"@type":"Organization","@id":"https:\/\/www.hydra-components.com\/#organization","name":"HYDRA a.s.","url":"https:\/\/www.hydra-components.com\/","logo":{"@type":"ImageObject","inLanguage":"de","@id":"https:\/\/www.hydra-components.com\/#\/schema\/logo\/image\/","url":"https:\/\/www.hydra-components.com\/wp-content\/uploads\/2019\/03\/Hydra-with-R.jpg","contentUrl":"https:\/\/www.hydra-components.com\/wp-content\/uploads\/2019\/03\/Hydra-with-R.jpg","width":360,"height":66,"caption":"HYDRA a.s."},"image":{"@id":"https:\/\/www.hydra-components.com\/#\/schema\/logo\/image\/"}}]}},"_links":{"self":[{"href":"https:\/\/www.hydra-components.com\/de\/wp-json\/wp\/v2\/pages\/1285","targetHints":{"allow":["GET"]}}],"collection":[{"href":"https:\/\/www.hydra-components.com\/de\/wp-json\/wp\/v2\/pages"}],"about":[{"href":"https:\/\/www.hydra-components.com\/de\/wp-json\/wp\/v2\/types\/page"}],"author":[{"embeddable":true,"href":"https:\/\/www.hydra-components.com\/de\/wp-json\/wp\/v2\/users\/1"}],"replies":[{"embeddable":true,"href":"https:\/\/www.hydra-components.com\/de\/wp-json\/wp\/v2\/comments?post=1285"}],"version-history":[{"count":7,"href":"https:\/\/www.hydra-components.com\/de\/wp-json\/wp\/v2\/pages\/1285\/revisions"}],"predecessor-version":[{"id":4817,"href":"https:\/\/www.hydra-components.com\/de\/wp-json\/wp\/v2\/pages\/1285\/revisions\/4817"}],"wp:featuredmedia":[{"embeddable":true,"href":"https:\/\/www.hydra-components.com\/de\/wp-json\/wp\/v2\/media\/1286"}],"wp:attachment":[{"href":"https:\/\/www.hydra-components.com\/de\/wp-json\/wp\/v2\/media?parent=1285"}],"curies":[{"name":"wp","href":"https:\/\/api.w.org\/{rel}","templated":true}]}}