{"id":1299,"date":"2019-04-03T07:12:41","date_gmt":"2019-04-03T07:12:41","guid":{"rendered":"https:\/\/hydra.vn\/zertifikate\/"},"modified":"2026-03-13T11:25:25","modified_gmt":"2026-03-13T10:25:25","slug":"zertifikate","status":"publish","type":"page","link":"https:\/\/www.hydra-components.com\/de\/zertifikate\/","title":{"rendered":"UNTERLAGEN"},"content":{"rendered":"<p>[et_pb_section fb_built=&#8220;1&#8243; _builder_version=&#8220;4.16&#8243; background_color=&#8220;rgba(86,73,71,0.1)&#8220; global_colors_info=&#8220;{}&#8220;][et_pb_row _builder_version=&#8220;4.16&#8243; background_size=&#8220;initial&#8220; background_position=&#8220;top_left&#8220; background_repeat=&#8220;repeat&#8220; global_colors_info=&#8220;{}&#8220;][et_pb_column type=&#8220;4_4&#8243; _builder_version=&#8220;4.16&#8243; custom_padding=&#8220;|||&#8220; global_colors_info=&#8220;{}&#8220; custom_padding__hover=&#8220;|||&#8220;][et_pb_accordion _builder_version=&#8220;4.16&#8243; body_font=&#8220;||||||||&#8220; body_font_size=&#8220;15px&#8220; global_colors_info=&#8220;{}&#8220;][et_pb_accordion_item open=&#8220;on&#8220; icon_color=&#8220;#e02b20&#8243; _builder_version=&#8220;4.16&#8243; background_color=&#8220;rgba(176,216,138,0.19)&#8220; border_width_all=&#8220;0px&#8220; border_width_bottom=&#8220;0px&#8220; global_colors_info=&#8220;{}&#8220;]<\/p>\n<p style=\"text-align: justify;\">Qualit\u00e4t ist bei Hydra die Nummer eins. Wir sind stolz darauf, kontinuierlich an der Bereitstellung von Qualit\u00e4tsprodukten zu arbeiten. Da Qualit\u00e4t die Nummer eins ist, hilft uns unsere Qualit\u00e4tskontrolle w\u00e4hrend des Herstellungsprozesses, die hohe Kundenzufriedenheit aufrechtzuerhalten und die Spezifikationen unserer Kunden zu erf\u00fcllen. Die Kunden unseres Unternehmens stehen im Mittelpunkt unserer Aktivit\u00e4ten.\u00a0Um die Erwartungen unserer Kunden und Partner zu erf\u00fcllen, arbeiten wir kontinuierlich daran, unser Engagement f\u00fcr Sie zu verbessern.<\/p>\n<p>[\/et_pb_accordion_item][\/et_pb_accordion][et_pb_text _builder_version=&#8220;4.16&#8243; global_colors_info=&#8220;{}&#8220;]<\/p>\n<h3>Qualit\u00e4tsmanagement-Zertifikate<\/h3>\n<p>[\/et_pb_text][et_pb_gallery gallery_ids=&#8220;3101,3106,3111&#8243; posts_number=&#8220;7&#8243; orientation=&#8220;portrait&#8220; show_title_and_caption=&#8220;off&#8220; _builder_version=&#8220;4.16&#8243; global_colors_info=&#8220;{}&#8220;][\/et_pb_gallery][et_pb_text _builder_version=&#8220;4.16&#8243; global_colors_info=&#8220;{}&#8220;]<\/p>\n<h3>VDE-Zertifikate<\/h3>\n<p>[\/et_pb_text][et_pb_text _builder_version=&#8220;4.27.0&#8243; _module_preset=&#8220;default&#8220; custom_margin=&#8220;||69px|||&#8220; global_colors_info=&#8220;{}&#8220;]<\/p>\n<p><a href=\"https:\/\/www.hydra-components.com\/wp-content\/uploads\/2024\/09\/VDE_CERTIFICATE_0040008073_ORDER_289378_10648539.pdf\" target=\"_blank\" rel=\"noopener\"><br \/><img loading=\"lazy\" decoding=\"async\" src=\"https:\/\/www.hydra-components.com\/wp-content\/uploads\/2024\/09\/VDE_CERTIFICATE_0040008073_ORDER_289378_10648539-1.jpg\" width=\"220\" height=\"150\" \/>\u00a0 \u00a0 \u00a0 \u00a0 \u00a0 \u00a0 \u00a0 \u00a0 \u00a0<\/a><a href=\"https:\/\/www.hydra-components.com\/wp-content\/uploads\/2024\/09\/VDE_CERTIFICATE_HA092413_ORDER_290457_10911248.pdf\" target=\"_blank\" rel=\"noopener\"><img loading=\"lazy\" decoding=\"async\" src=\"https:\/\/www.hydra-components.com\/wp-content\/uploads\/2024\/09\/VDE_CERTIFICATE_HA092413_ORDER_290457_10911248-2.jpg\" width=\"220\" height=\"150\" \/><\/a>\u00a0 \u00a0 \u00a0 \u00a0 \u00a0 \u00a0 \u00a0 \u00a0 \u00a0<a href=\"https:\/\/www.hydra-components.com\/wp-content\/uploads\/2024\/09\/VDE_CERTIFICATE_HA121040_ORDER_308886_12009644.pdf\" target=\"_blank\" rel=\"noopener\"><img loading=\"lazy\" decoding=\"async\" src=\"https:\/\/www.hydra-components.com\/wp-content\/uploads\/2024\/09\/VDE_CERTIFICATE_HA121040_ORDER_308886_12009644-3.jpg\" width=\"220\" height=\"150\" \/><\/a>\u00a0 \u00a0 \u00a0 \u00a0 \u00a0 \u00a0 \u00a0 \u00a0 \u00a0<a href=\"https:\/\/www.hydra-components.com\/wp-content\/uploads\/2024\/09\/VDE_CERTIFICATE_HA121204_ORDER_289404_10647841.pdf\" target=\"_blank\" rel=\"noopener\"><img loading=\"lazy\" decoding=\"async\" src=\"https:\/\/www.hydra-components.com\/wp-content\/uploads\/2024\/09\/VDE_CERTIFICATE_HA121204_ORDER_289404_10647841-4.jpg\" width=\"220\" height=\"150\" \/><\/a><\/p>\n<p>&nbsp;<\/p>\n<p><a href=\"https:\/\/www.hydra-components.com\/wp-content\/uploads\/2024\/09\/VDE_CERTIFICATE_HA121207_ORDER_289387_10651151.pdf\" target=\"_blank\" rel=\"noopener\"><img loading=\"lazy\" decoding=\"async\" src=\"https:\/\/www.hydra-components.com\/wp-content\/uploads\/2024\/09\/VDE_CERTIFICATE_HA121207_ORDER_289387_10651151-5.jpg\" width=\"220\" height=\"150\" \/><\/a>\u00a0 \u00a0 \u00a0 \u00a0 \u00a0 \u00a0 \u00a0 \u00a0 \u00a0<a href=\"https:\/\/www.hydra-components.com\/wp-content\/uploads\/2024\/09\/VDE_CERTIFICATE_HA124120_ORDER_290455_10908116.pdf\" target=\"_blank\" rel=\"noopener\"><img loading=\"lazy\" decoding=\"async\" src=\"https:\/\/www.hydra-components.com\/wp-content\/uploads\/2024\/09\/VDE_CERTIFICATE_HA124120_ORDER_290455_10908116-6.jpg\" width=\"220\" height=\"150\" \/><\/a>\u00a0 \u00a0 \u00a0 \u00a0 \u00a0 \u00a0 \u00a0 \u00a0 \u00a0<a href=\"https:\/\/www.hydra-components.com\/wp-content\/uploads\/2024\/09\/VDE_CERTIFICATE_HA133029_ORDER_289333_10664000.pdf\" target=\"_blank\" rel=\"noopener\"><img loading=\"lazy\" decoding=\"async\" src=\"https:\/\/www.hydra-components.com\/wp-content\/uploads\/2024\/09\/VDE_CERTIFICATE_HA133029_ORDER_289333_10664000-7.jpg\" width=\"220\" height=\"150\" \/><\/a>\u00a0 \u00a0 \u00a0 \u00a0 \u00a0 \u00a0 \u00a0 \u00a0 \u00a0<a href=\"https:\/\/www.hydra-components.com\/wp-content\/uploads\/2024\/09\/VDE_CERTIFICATE_HA135963_ORDER_289370_10664870.pdf\" target=\"_blank\" rel=\"noopener\"><img loading=\"lazy\" decoding=\"async\" src=\"https:\/\/www.hydra-components.com\/wp-content\/uploads\/2024\/09\/VDE_CERTIFICATE_HA135963_ORDER_289370_10664870-8.jpg\" width=\"220\" height=\"150\" \/><\/a><\/p>\n<p>[\/et_pb_text][et_pb_text _builder_version=&#8220;4.16&#8243; global_colors_info=&#8220;{}&#8220;]<\/p>\n<h3>UL-Zertifikate<\/h3>\n<p>[\/et_pb_text][et_pb_gallery gallery_ids=&#8220;3194,3199,3204,3209,3214,3219&#8243; posts_number=&#8220;6&#8243; orientation=&#8220;portrait&#8220; show_title_and_caption=&#8220;off&#8220; _builder_version=&#8220;4.16&#8243; global_colors_info=&#8220;{}&#8220;][\/et_pb_gallery][et_pb_text _builder_version=&#8220;4.16&#8243; global_colors_info=&#8220;{}&#8220;]<\/p>\n<h3>CQC-Zertifikate<\/h3>\n<p>[\/et_pb_text][et_pb_gallery gallery_ids=&#8220;2180,2185,2190,2195,2200,2205&#8243; posts_number=&#8220;12&#8243; orientation=&#8220;portrait&#8220; show_title_and_caption=&#8220;off&#8220; _builder_version=&#8220;4.16&#8243; global_colors_info=&#8220;{}&#8220;][\/et_pb_gallery][et_pb_text _builder_version=&#8220;4.27.4&#8243; _module_preset=&#8220;default&#8220; link_option_url_new_window=&#8220;on&#8220; locked=&#8220;off&#8220; global_colors_info=&#8220;{}&#8220;]<a href=\"https:\/\/www.hydra-components.com\/wp-content\/uploads\/2025\/05\/CQC19006225788_MKP-322-2019_JC-EN.pdf\" rel=\"attachment wp-att-3056 noopener noreferrer\" target=\"_blank\">\u00a0<img decoding=\"async\" src=\"https:\/\/www.hydra-components.com\/wp-content\/uploads\/2025\/05\/CQC19006225788_MKP-322-2019_JC-EN.png\" alt=\"Popis obr\u00e1zku\" width=\"230\" \/>\u00a0 \u00a0 \u00a0 \u00a0 \u00a0 <\/a><a href=\"https:\/\/www.hydra-components.com\/wp-content\/uploads\/2025\/05\/CQC19006229059_MKP-500-2019-JC.pdf\" rel=\"attachment wp-att-3056 noopener noreferrer\" target=\"_blank\"><img decoding=\"async\" src=\"https:\/\/www.hydra-components.com\/wp-content\/uploads\/2025\/05\/CQC19006229059_MKP-500-2019-JC.png\" alt=\"Popis obr\u00e1zku\" width=\"230\" \/>\u00a0 \u00a0 \u00a0 \u00a0 \u00a0\u00a0<\/a> <a href=\"https:\/\/www.hydra-components.com\/wp-content\/uploads\/2025\/05\/CQC19006225787_MKP-321-2019_JC-EN.pdf\" rel=\"attachment wp-att-3056 noopener noreferrer\" target=\"_blank\"><img decoding=\"async\" src=\"https:\/\/www.hydra-components.com\/wp-content\/uploads\/2025\/05\/CQC19006225787_MKP-321-2019_JC-EN.png\" alt=\"Popis obr\u00e1zku\" width=\"230\" \/>\u00a0 \u00a0 \u00a0 \u00a0 \u00a0<\/a> <a href=\"https:\/\/www.hydra-components.com\/wp-content\/uploads\/2025\/05\/CQC19006215729_322_2023_VN.pdf\" rel=\"attachment wp-att-3056 noopener noreferrer\" target=\"_blank\"><img decoding=\"async\" src=\"https:\/\/www.hydra-components.com\/wp-content\/uploads\/2025\/05\/CQC19006215729_322_2023_VN.png\" alt=\"Popis obr\u00e1zku\" width=\"230\" \/><\/a><a href=\"https:\/\/www.hydra-components.com\/wp-content\/uploads\/2025\/05\/CQC19006215725_321_2023_VN.pdf\" rel=\"attachment wp-att-3056 noopener noreferrer\" target=\"_blank\"><img decoding=\"async\" src=\"https:\/\/www.hydra-components.com\/wp-content\/uploads\/2025\/05\/CQC19006215725_321_2023_VN.png\" alt=\"Popis obr\u00e1zku\" width=\"230\" \/>\u00a0\u00a0\u00a0\u00a0\u00a0\u00a0\u00a0\u00a0<\/a>\u00a0 \u00a0<a href=\"https:\/\/www.hydra-components.com\/wp-content\/uploads\/2025\/05\/CQC19006222523_500_2023_VN.pdf\" rel=\"attachment wp-att-3056 noopener noreferrer\" target=\"_blank\"><img decoding=\"async\" src=\"https:\/\/www.hydra-components.com\/wp-content\/uploads\/2025\/05\/CQC19006222523_500_2023_VN.png\" alt=\"Popis obr\u00e1zku\" width=\"230\" \/><\/a>[\/et_pb_text][et_pb_text _builder_version=&#8220;4.16&#8243; _module_preset=&#8220;default&#8220; global_colors_info=&#8220;{}&#8220;]<a href=\"https:\/\/www.hydra-components.com\/wp-content\/uploads\/2023\/06\/Code_of_Conduct_Hydra.pdf\" target=\"_blank\" rel=\"noopener noreferrer\"> <a\/>[\/et_pb_text][et_pb_code _builder_version=&#8220;4.16&#8243; _module_preset=&#8220;default&#8220; global_colors_info=&#8220;{}&#8220;][\/et_pb_code][et_pb_code _builder_version=&#8220;4.16&#8243; _module_preset=&#8220;default&#8220; global_colors_info=&#8220;{}&#8220; min_height=&#8220;44px&#8220;][\/et_pb_code][et_pb_text _builder_version=&#8220;4.16&#8243; global_colors_info=&#8220;{}&#8220; min_height=&#8220;41px&#8220;]<\/p>\n<h3><span>Weitere Dokumente<\/span><\/h3>\n<p>[\/et_pb_text][et_pb_gallery gallery_ids=&#8220;5737,3044&#8243; posts_number=&#8220;12&#8243; orientation=&#8220;portrait&#8220; show_title_and_caption=&#8220;off&#8220; _builder_version=&#8220;4.27.4&#8243; hover_enabled=&#8220;0&#8243; global_colors_info=&#8220;{}&#8220; sticky_enabled=&#8220;0&#8243;][\/et_pb_gallery][et_pb_text _builder_version=&#8220;4.27.4&#8243; _module_preset=&#8220;default&#8220; link_option_url_new_window=&#8220;on&#8220; global_colors_info=&#8220;{}&#8220;]<\/p>\n<p><a href=\"https:\/\/www.hydra-components.com\/wp-content\/uploads\/2025\/03\/Certificate_of_conformity_REACH_2025.pdf\" rel=\"attachment wp-att-3056 noopener noreferrer\" target=\"_blank\"><img decoding=\"async\" src=\"https:\/\/www.hydra-components.com\/wp-content\/uploads\/2025\/03\/Certificate_of_conformity_REACH_2025.png\" alt=\"Popis obr\u00e1zku\" width=\"230\" \/>\u00a0 \u00a0 \u00a0 \u00a0 \u00a0\u00a0 <\/a><a href=\"https:\/\/www.hydra-components.com\/wp-content\/uploads\/2025\/03\/Green0meter_CO2_2024.pdf\" rel=\"attachment wp-att-3056 noopener noreferrer\" target=\"_blank\"><img decoding=\"async\" src=\"https:\/\/www.hydra-components.com\/wp-content\/uploads\/2025\/03\/Green0meter_CO2_2024.png\" alt=\"Popis obr\u00e1zku\" width=\"230\" \/>\u00a0\u00a0\u00a0\u00a0\u00a0\u00a0\u00a0\u00a0\u00a0\u00a0\u00a0<\/a> <a href=\"https:\/\/www.hydra-components.com\/wp-content\/uploads\/2025\/05\/Anti-Corruption-Policy_EN-2025.pdf\" rel=\"attachment wp-att-3056 noopener noreferrer\" target=\"_blank\"><img decoding=\"async\" src=\"https:\/\/www.hydra-components.com\/wp-content\/uploads\/2025\/05\/Anti-Corruption-Policy_EN-2025.png\" alt=\"Popis obr\u00e1zku\" width=\"230\" \/><\/a>\u00a0 \u00a0 \u00a0 \u00a0 \u00a0 <a href=\"https:\/\/www.hydra-components.com\/wp-content\/uploads\/2025\/05\/Hydra_certificate_of_conformity_RoHS_2025.pdf\" rel=\"attachment wp-att-3056 noopener noreferrer\" target=\"_blank\"><img decoding=\"async\" src=\"https:\/\/www.hydra-components.com\/wp-content\/uploads\/2025\/05\/Hydra_certificate_of_conformity_RoHS_2025.png\" alt=\"Popis obr\u00e1zku\" width=\"230\" \/><\/a><\/p>\n<p>&nbsp;<\/p>\n<p>&nbsp;<\/p>\n<p><a href=\"https:\/\/www.hydra-components.com\/wp-content\/uploads\/2025\/05\/Conflict-Mineral-Policy_2024.pdf\" rel=\"attachment wp-att-3056 noopener noreferrer\" target=\"_blank\"><img decoding=\"async\" src=\"https:\/\/www.hydra-components.com\/wp-content\/uploads\/2025\/05\/Conflict-Mineral-Policy_2024.png\" alt=\"Popis obr\u00e1zku\" width=\"230\" \/>\u00a0\u00a0\u00a0\u00a0\u00a0\u00a0\u00a0\u00a0<\/a>\u00a0 \u00a0<a href=\"https:\/\/www.hydra-components.com\/wp-content\/uploads\/2025\/05\/Declaration-of-conformity-UKCA_Motor-Capacitors_Hydra.pdf\" rel=\"attachment wp-att-3056 noopener noreferrer\" target=\"_blank\"><img decoding=\"async\" src=\"https:\/\/www.hydra-components.com\/wp-content\/uploads\/2025\/05\/Declaration-of-conformity-UKCA_Motor-Capacitors_Hydra.png\" alt=\"Popis obr\u00e1zku\" width=\"230\" \/><\/a><\/p>\n<p>[\/et_pb_text][\/et_pb_column][\/et_pb_row][et_pb_row _builder_version=&#8220;4.16&#8243; _module_preset=&#8220;default&#8220; global_colors_info=&#8220;{}&#8220;][et_pb_column type=&#8220;4_4&#8243; _builder_version=&#8220;4.16&#8243; _module_preset=&#8220;default&#8220; global_colors_info=&#8220;{}&#8220;][et_pb_text _builder_version=&#8220;4.16&#8243; global_colors_info=&#8220;{}&#8220;]<\/p>\n<h3>Code of Conduct<\/h3>\n<p>[\/et_pb_text][et_pb_text _builder_version=&#8220;4.27.4&#8243; _module_preset=&#8220;default&#8220; link_option_url_new_window=&#8220;on&#8220; global_colors_info=&#8220;{}&#8220;]<\/p>\n<p><a href=\"https:\/\/www.hydra-components.com\/wp-content\/uploads\/2025\/05\/Code_of_Conduct_2024.pdf\" rel=\"attachment wp-att-3056 noopener noreferrer\" target=\"_blank\">Code_of_Conduct_Hydra<\/a> (Click link)<\/p>\n<p>[\/et_pb_text][\/et_pb_column][\/et_pb_row][et_pb_row _builder_version=&#8220;4.16&#8243; _module_preset=&#8220;default&#8220; global_colors_info=&#8220;{}&#8220;][et_pb_column type=&#8220;4_4&#8243; _builder_version=&#8220;4.16&#8243; _module_preset=&#8220;default&#8220; global_colors_info=&#8220;{}&#8220;][et_pb_text _builder_version=&#8220;4.27.4&#8243; custom_padding=&#8220;4px|||||&#8220; global_colors_info=&#8220;{}&#8220;]<\/p>\n<h3>General Terms and Condition<\/h3>\n<p>[\/et_pb_text][et_pb_text _builder_version=&#8220;4.27.4&#8243; _module_preset=&#8220;default&#8220; link_option_url_new_window=&#8220;on&#8220; global_colors_info=&#8220;{}&#8220;]<a href=\"https:\/\/www.hydra-components.com\/wp-content\/uploads\/2023\/05\/VOP-aj-1.pdf\" rel=\"attachment wp-att-3056 noopener noreferrer\" target=\"_blank\">General Terms and Conditions<\/a> (Click link)[\/et_pb_text][\/et_pb_column][\/et_pb_row][\/et_pb_section]<\/p>\n","protected":false},"excerpt":{"rendered":"<p>Qualit\u00e4t ist bei Hydra die Nummer eins. Wir sind stolz darauf, kontinuierlich an der Bereitstellung von Qualit\u00e4tsprodukten zu arbeiten. Da Qualit\u00e4t die Nummer eins ist, hilft uns unsere Qualit\u00e4tskontrolle w\u00e4hrend des Herstellungsprozesses, die hohe Kundenzufriedenheit aufrechtzuerhalten und die Spezifikationen unserer Kunden zu erf\u00fcllen. Die Kunden unseres Unternehmens stehen im Mittelpunkt unserer Aktivit\u00e4ten.\u00a0Um die Erwartungen unserer [&hellip;]<\/p>\n","protected":false},"author":1,"featured_media":0,"parent":0,"menu_order":0,"comment_status":"closed","ping_status":"closed","template":"","meta":{"_et_pb_use_builder":"on","_et_pb_old_content":"","_et_gb_content_width":"","footnotes":""},"class_list":["post-1299","page","type-page","status-publish","hentry"],"yoast_head":"<!-- This site is optimized with the Yoast SEO plugin v27.4 - https:\/\/yoast.com\/product\/yoast-seo-wordpress\/ -->\n<title>UNTERLAGEN - HYDRA a.s.<\/title>\n<meta name=\"robots\" content=\"index, follow, max-snippet:-1, max-image-preview:large, max-video-preview:-1\" \/>\n<link rel=\"canonical\" href=\"https:\/\/www.hydra-components.com\/de\/zertifikate\/\" \/>\n<meta property=\"og:locale\" content=\"de_DE\" \/>\n<meta property=\"og:type\" content=\"article\" \/>\n<meta property=\"og:title\" content=\"UNTERLAGEN - HYDRA a.s.\" \/>\n<meta property=\"og:description\" content=\"Qualit\u00e4t ist bei Hydra die Nummer eins. Wir sind stolz darauf, kontinuierlich an der Bereitstellung von Qualit\u00e4tsprodukten zu arbeiten. Da Qualit\u00e4t die Nummer eins ist, hilft uns unsere Qualit\u00e4tskontrolle w\u00e4hrend des Herstellungsprozesses, die hohe Kundenzufriedenheit aufrechtzuerhalten und die Spezifikationen unserer Kunden zu erf\u00fcllen. Die Kunden unseres Unternehmens stehen im Mittelpunkt unserer Aktivit\u00e4ten.\u00a0Um die Erwartungen unserer [&hellip;]\" \/>\n<meta property=\"og:url\" content=\"https:\/\/www.hydra-components.com\/de\/zertifikate\/\" \/>\n<meta property=\"og:site_name\" content=\"HYDRA a.s.\" \/>\n<meta property=\"article:modified_time\" content=\"2026-03-13T10:25:25+00:00\" \/>\n<meta property=\"og:image\" content=\"https:\/\/www.hydra-components.com\/wp-content\/uploads\/2024\/09\/VDE_CERTIFICATE_0040008073_ORDER_289378_10648539-1.jpg\" \/>\n<meta name=\"twitter:card\" content=\"summary_large_image\" \/>\n<meta name=\"twitter:label1\" content=\"Gesch\u00e4tzte Lesezeit\" \/>\n\t<meta name=\"twitter:data1\" content=\"3\u00a0Minuten\" \/>\n<script type=\"application\/ld+json\" class=\"yoast-schema-graph\">{\"@context\":\"https:\\\/\\\/schema.org\",\"@graph\":[{\"@type\":\"WebPage\",\"@id\":\"https:\\\/\\\/www.hydra-components.com\\\/de\\\/zertifikate\\\/\",\"url\":\"https:\\\/\\\/www.hydra-components.com\\\/de\\\/zertifikate\\\/\",\"name\":\"UNTERLAGEN - HYDRA a.s.\",\"isPartOf\":{\"@id\":\"https:\\\/\\\/www.hydra-components.com\\\/#website\"},\"primaryImageOfPage\":{\"@id\":\"https:\\\/\\\/www.hydra-components.com\\\/de\\\/zertifikate\\\/#primaryimage\"},\"image\":{\"@id\":\"https:\\\/\\\/www.hydra-components.com\\\/de\\\/zertifikate\\\/#primaryimage\"},\"thumbnailUrl\":\"https:\\\/\\\/www.hydra-components.com\\\/wp-content\\\/uploads\\\/2024\\\/09\\\/VDE_CERTIFICATE_0040008073_ORDER_289378_10648539-1.jpg\",\"datePublished\":\"2019-04-03T07:12:41+00:00\",\"dateModified\":\"2026-03-13T10:25:25+00:00\",\"breadcrumb\":{\"@id\":\"https:\\\/\\\/www.hydra-components.com\\\/de\\\/zertifikate\\\/#breadcrumb\"},\"inLanguage\":\"de\",\"potentialAction\":[{\"@type\":\"ReadAction\",\"target\":[\"https:\\\/\\\/www.hydra-components.com\\\/de\\\/zertifikate\\\/\"]}]},{\"@type\":\"ImageObject\",\"inLanguage\":\"de\",\"@id\":\"https:\\\/\\\/www.hydra-components.com\\\/de\\\/zertifikate\\\/#primaryimage\",\"url\":\"https:\\\/\\\/www.hydra-components.com\\\/wp-content\\\/uploads\\\/2024\\\/09\\\/VDE_CERTIFICATE_0040008073_ORDER_289378_10648539-1.jpg\",\"contentUrl\":\"https:\\\/\\\/www.hydra-components.com\\\/wp-content\\\/uploads\\\/2024\\\/09\\\/VDE_CERTIFICATE_0040008073_ORDER_289378_10648539-1.jpg\"},{\"@type\":\"BreadcrumbList\",\"@id\":\"https:\\\/\\\/www.hydra-components.com\\\/de\\\/zertifikate\\\/#breadcrumb\",\"itemListElement\":[{\"@type\":\"ListItem\",\"position\":1,\"name\":\"Home\",\"item\":\"https:\\\/\\\/www.hydra-components.com\\\/de\\\/\"},{\"@type\":\"ListItem\",\"position\":2,\"name\":\"UNTERLAGEN\"}]},{\"@type\":\"WebSite\",\"@id\":\"https:\\\/\\\/www.hydra-components.com\\\/#website\",\"url\":\"https:\\\/\\\/www.hydra-components.com\\\/\",\"name\":\"HYDRA a.s. | Highest Quality Capacitors\",\"description\":\"Highest Quality Capacitors\",\"publisher\":{\"@id\":\"https:\\\/\\\/www.hydra-components.com\\\/#organization\"},\"potentialAction\":[{\"@type\":\"SearchAction\",\"target\":{\"@type\":\"EntryPoint\",\"urlTemplate\":\"https:\\\/\\\/www.hydra-components.com\\\/?s={search_term_string}\"},\"query-input\":{\"@type\":\"PropertyValueSpecification\",\"valueRequired\":true,\"valueName\":\"search_term_string\"}}],\"inLanguage\":\"de\"},{\"@type\":\"Organization\",\"@id\":\"https:\\\/\\\/www.hydra-components.com\\\/#organization\",\"name\":\"HYDRA a.s.\",\"url\":\"https:\\\/\\\/www.hydra-components.com\\\/\",\"logo\":{\"@type\":\"ImageObject\",\"inLanguage\":\"de\",\"@id\":\"https:\\\/\\\/www.hydra-components.com\\\/#\\\/schema\\\/logo\\\/image\\\/\",\"url\":\"https:\\\/\\\/www.hydra-components.com\\\/wp-content\\\/uploads\\\/2019\\\/03\\\/Hydra-with-R.jpg\",\"contentUrl\":\"https:\\\/\\\/www.hydra-components.com\\\/wp-content\\\/uploads\\\/2019\\\/03\\\/Hydra-with-R.jpg\",\"width\":360,\"height\":66,\"caption\":\"HYDRA a.s.\"},\"image\":{\"@id\":\"https:\\\/\\\/www.hydra-components.com\\\/#\\\/schema\\\/logo\\\/image\\\/\"}}]}<\/script>\n<!-- \/ Yoast SEO plugin. -->","yoast_head_json":{"title":"UNTERLAGEN - HYDRA a.s.","robots":{"index":"index","follow":"follow","max-snippet":"max-snippet:-1","max-image-preview":"max-image-preview:large","max-video-preview":"max-video-preview:-1"},"canonical":"https:\/\/www.hydra-components.com\/de\/zertifikate\/","og_locale":"de_DE","og_type":"article","og_title":"UNTERLAGEN - HYDRA a.s.","og_description":"Qualit\u00e4t ist bei Hydra die Nummer eins. Wir sind stolz darauf, kontinuierlich an der Bereitstellung von Qualit\u00e4tsprodukten zu arbeiten. Da Qualit\u00e4t die Nummer eins ist, hilft uns unsere Qualit\u00e4tskontrolle w\u00e4hrend des Herstellungsprozesses, die hohe Kundenzufriedenheit aufrechtzuerhalten und die Spezifikationen unserer Kunden zu erf\u00fcllen. Die Kunden unseres Unternehmens stehen im Mittelpunkt unserer Aktivit\u00e4ten.\u00a0Um die Erwartungen unserer [&hellip;]","og_url":"https:\/\/www.hydra-components.com\/de\/zertifikate\/","og_site_name":"HYDRA a.s.","article_modified_time":"2026-03-13T10:25:25+00:00","og_image":[{"url":"https:\/\/www.hydra-components.com\/wp-content\/uploads\/2024\/09\/VDE_CERTIFICATE_0040008073_ORDER_289378_10648539-1.jpg","type":"","width":"","height":""}],"twitter_card":"summary_large_image","twitter_misc":{"Gesch\u00e4tzte Lesezeit":"3\u00a0Minuten"},"schema":{"@context":"https:\/\/schema.org","@graph":[{"@type":"WebPage","@id":"https:\/\/www.hydra-components.com\/de\/zertifikate\/","url":"https:\/\/www.hydra-components.com\/de\/zertifikate\/","name":"UNTERLAGEN - HYDRA a.s.","isPartOf":{"@id":"https:\/\/www.hydra-components.com\/#website"},"primaryImageOfPage":{"@id":"https:\/\/www.hydra-components.com\/de\/zertifikate\/#primaryimage"},"image":{"@id":"https:\/\/www.hydra-components.com\/de\/zertifikate\/#primaryimage"},"thumbnailUrl":"https:\/\/www.hydra-components.com\/wp-content\/uploads\/2024\/09\/VDE_CERTIFICATE_0040008073_ORDER_289378_10648539-1.jpg","datePublished":"2019-04-03T07:12:41+00:00","dateModified":"2026-03-13T10:25:25+00:00","breadcrumb":{"@id":"https:\/\/www.hydra-components.com\/de\/zertifikate\/#breadcrumb"},"inLanguage":"de","potentialAction":[{"@type":"ReadAction","target":["https:\/\/www.hydra-components.com\/de\/zertifikate\/"]}]},{"@type":"ImageObject","inLanguage":"de","@id":"https:\/\/www.hydra-components.com\/de\/zertifikate\/#primaryimage","url":"https:\/\/www.hydra-components.com\/wp-content\/uploads\/2024\/09\/VDE_CERTIFICATE_0040008073_ORDER_289378_10648539-1.jpg","contentUrl":"https:\/\/www.hydra-components.com\/wp-content\/uploads\/2024\/09\/VDE_CERTIFICATE_0040008073_ORDER_289378_10648539-1.jpg"},{"@type":"BreadcrumbList","@id":"https:\/\/www.hydra-components.com\/de\/zertifikate\/#breadcrumb","itemListElement":[{"@type":"ListItem","position":1,"name":"Home","item":"https:\/\/www.hydra-components.com\/de\/"},{"@type":"ListItem","position":2,"name":"UNTERLAGEN"}]},{"@type":"WebSite","@id":"https:\/\/www.hydra-components.com\/#website","url":"https:\/\/www.hydra-components.com\/","name":"HYDRA a.s. | Highest Quality Capacitors","description":"Highest Quality Capacitors","publisher":{"@id":"https:\/\/www.hydra-components.com\/#organization"},"potentialAction":[{"@type":"SearchAction","target":{"@type":"EntryPoint","urlTemplate":"https:\/\/www.hydra-components.com\/?s={search_term_string}"},"query-input":{"@type":"PropertyValueSpecification","valueRequired":true,"valueName":"search_term_string"}}],"inLanguage":"de"},{"@type":"Organization","@id":"https:\/\/www.hydra-components.com\/#organization","name":"HYDRA a.s.","url":"https:\/\/www.hydra-components.com\/","logo":{"@type":"ImageObject","inLanguage":"de","@id":"https:\/\/www.hydra-components.com\/#\/schema\/logo\/image\/","url":"https:\/\/www.hydra-components.com\/wp-content\/uploads\/2019\/03\/Hydra-with-R.jpg","contentUrl":"https:\/\/www.hydra-components.com\/wp-content\/uploads\/2019\/03\/Hydra-with-R.jpg","width":360,"height":66,"caption":"HYDRA a.s."},"image":{"@id":"https:\/\/www.hydra-components.com\/#\/schema\/logo\/image\/"}}]}},"_links":{"self":[{"href":"https:\/\/www.hydra-components.com\/de\/wp-json\/wp\/v2\/pages\/1299","targetHints":{"allow":["GET"]}}],"collection":[{"href":"https:\/\/www.hydra-components.com\/de\/wp-json\/wp\/v2\/pages"}],"about":[{"href":"https:\/\/www.hydra-components.com\/de\/wp-json\/wp\/v2\/types\/page"}],"author":[{"embeddable":true,"href":"https:\/\/www.hydra-components.com\/de\/wp-json\/wp\/v2\/users\/1"}],"replies":[{"embeddable":true,"href":"https:\/\/www.hydra-components.com\/de\/wp-json\/wp\/v2\/comments?post=1299"}],"version-history":[{"count":31,"href":"https:\/\/www.hydra-components.com\/de\/wp-json\/wp\/v2\/pages\/1299\/revisions"}],"predecessor-version":[{"id":5744,"href":"https:\/\/www.hydra-components.com\/de\/wp-json\/wp\/v2\/pages\/1299\/revisions\/5744"}],"wp:attachment":[{"href":"https:\/\/www.hydra-components.com\/de\/wp-json\/wp\/v2\/media?parent=1299"}],"curies":[{"name":"wp","href":"https:\/\/api.w.org\/{rel}","templated":true}]}}