{"id":1330,"date":"2019-04-08T04:13:31","date_gmt":"2019-04-08T04:13:31","guid":{"rendered":"https:\/\/hydra.vn\/beleuchtungskondensatoren\/"},"modified":"2019-04-08T04:13:32","modified_gmt":"2019-04-08T04:13:32","slug":"beleuchtungskondensatoren","status":"publish","type":"page","link":"https:\/\/www.hydra-components.com\/de\/beleuchtungskondensatoren\/","title":{"rendered":"Beleuchtungskondensatoren"},"content":{"rendered":"<p>[et_pb_section fb_built=&#8220;1&#8243; admin_label=&#8220;section&#8220; _builder_version=&#8220;3.0.47&#8243;][et_pb_row admin_label=&#8220;row&#8220; _builder_version=&#8220;3.0.48&#8243; background_size=&#8220;initial&#8220; background_position=&#8220;top_left&#8220; background_repeat=&#8220;repeat&#8220;][et_pb_column type=&#8220;4_4&#8243; _builder_version=&#8220;3.0.47&#8243;][et_pb_text admin_label=&#8220;Text&#8220; _builder_version=&#8220;3.19.13&#8243; background_size=&#8220;initial&#8220; background_position=&#8220;top_left&#8220; background_repeat=&#8220;repeat&#8220;]<\/p>\n<h3 class=\"entry-title main_title\">Beleuchtungskondensatoren<\/h3>\n<p style=\"text-align: justify;\">Auch wenn moderne LED-Leuchten keinen Kondensator mehr ben\u00f6tigen, gibt es weltweit immer noch Millionen von HID-Leuchten, die immer noch Kondensatoren ben\u00f6tigen. So liefert Hydra weltweit jedes Jahr etwa 2 Millionen Lichtkondensatoren, da HID-Leuchten immer noch im Einsatz sind.<\/p>\n<p style=\"text-align: justify;\">Die \u00f6lgef\u00fcllten Hydra-metallisierten Polypropylen-Beleuchtungskondensatoren sind f\u00fcr eine lange Lebensdauer in Hochtemperatur-Umgebungen mit Hochdruckentladungsbeleuchtung (HID) ausgelegt. Aus Sicherheitsgr\u00fcnden sind die \u00f6lgef\u00fcllten Hydra-Beleuchtungskondensatoren mit einer \u00dcberdrucksicherung gesch\u00fctzt, um einen hohen Sicherheitsstandard zu gew\u00e4hrleisten.<\/p>\n<p>[\/et_pb_text][et_pb_gallery gallery_ids=&#8220;963,967&#8243; posts_number=&#8220;2&#8243; orientation=&#8220;portrait&#8220; show_title_and_caption=&#8220;off&#8220; _builder_version=&#8220;3.19.13&#8243;][\/et_pb_gallery][et_pb_text _builder_version=&#8220;3.19.13&#8243;]<\/p>\n<p style=\"text-align: justify;\">Wir bei Hydra produzieren die meisten unserer Kondensatoren nach den genauen Anforderungen unserer Kunden. Aufgrund unserer Flexibilit\u00e4t kann Hydra auch kleinere Mengen ohne zus\u00e4tzliche Kosten an unsere Kunden liefern.<\/p>\n<p style=\"text-align: justify;\">Da Hydra haupts\u00e4chlich ma\u00dfgefertigte Kondensatoren produziert, gibt es keinen allgemeinen Standard. Dennoch finden Sie unseren Produktkatalog mit allen Informationen zu verschiedenen Typen und m\u00f6glichen Gr\u00f6\u00dfen auf unserer Produktseite: <a href=\"https:\/\/www.hydra-components.com\/de\/kataloge\/\">https:\/\/www.hydra-components.com\/catalogues\/<\/a><\/p>\n<p>[\/et_pb_text][\/et_pb_column][\/et_pb_row][\/et_pb_section]<\/p>\n","protected":false},"excerpt":{"rendered":"<p>Beleuchtungskondensatoren Auch wenn moderne LED-Leuchten keinen Kondensator mehr ben\u00f6tigen, gibt es weltweit immer noch Millionen von HID-Leuchten, die immer noch Kondensatoren ben\u00f6tigen. So liefert Hydra weltweit jedes Jahr etwa 2 Millionen Lichtkondensatoren, da HID-Leuchten immer noch im Einsatz sind. Die \u00f6lgef\u00fcllten Hydra-metallisierten Polypropylen-Beleuchtungskondensatoren sind f\u00fcr eine lange Lebensdauer in Hochtemperatur-Umgebungen mit Hochdruckentladungsbeleuchtung (HID) ausgelegt. Aus [&hellip;]<\/p>\n","protected":false},"author":1,"featured_media":1331,"parent":0,"menu_order":0,"comment_status":"closed","ping_status":"closed","template":"","meta":{"_et_pb_use_builder":"on","_et_pb_old_content":"Even as modern LED lights do not need a capacitor anymore, there are still millions of old HID-Lights all over the world which still needs capacitors. So Hydra delivers about 2 Mio light capacitors every year to US and China, where still a lot of these HID-Lights are used.\nThe oil filled Hydra metallized polypropylene lighting capacitors are designed for long-life in the high-temperature environments of high-intensity discharge (HID) lighting. For security reasons, the oil filled Hydra Lighting capacitors are protected with an overpressure fuse to give highest security.","_et_gb_content_width":"","footnotes":""},"class_list":["post-1330","page","type-page","status-publish","has-post-thumbnail","hentry"],"yoast_head":"<!-- This site is optimized with the Yoast SEO plugin v27.5 - https:\/\/yoast.com\/product\/yoast-seo-wordpress\/ -->\n<title>Beleuchtungskondensatoren - HYDRA a.s.<\/title>\n<meta name=\"robots\" content=\"index, follow, max-snippet:-1, max-image-preview:large, max-video-preview:-1\" \/>\n<link rel=\"canonical\" href=\"https:\/\/www.hydra-components.com\/de\/beleuchtungskondensatoren\/\" \/>\n<meta property=\"og:locale\" content=\"de_DE\" \/>\n<meta property=\"og:type\" content=\"article\" \/>\n<meta property=\"og:title\" content=\"Beleuchtungskondensatoren - HYDRA a.s.\" \/>\n<meta property=\"og:description\" content=\"Beleuchtungskondensatoren Auch wenn moderne LED-Leuchten keinen Kondensator mehr ben\u00f6tigen, gibt es weltweit immer noch Millionen von HID-Leuchten, die immer noch Kondensatoren ben\u00f6tigen. So liefert Hydra weltweit jedes Jahr etwa 2 Millionen Lichtkondensatoren, da HID-Leuchten immer noch im Einsatz sind. Die \u00f6lgef\u00fcllten Hydra-metallisierten Polypropylen-Beleuchtungskondensatoren sind f\u00fcr eine lange Lebensdauer in Hochtemperatur-Umgebungen mit Hochdruckentladungsbeleuchtung (HID) ausgelegt. Aus [&hellip;]\" \/>\n<meta property=\"og:url\" content=\"https:\/\/www.hydra-components.com\/de\/beleuchtungskondensatoren\/\" \/>\n<meta property=\"og:site_name\" content=\"HYDRA a.s.\" \/>\n<meta property=\"article:modified_time\" content=\"2019-04-08T04:13:32+00:00\" \/>\n<meta property=\"og:image\" content=\"https:\/\/www.hydra-components.com\/wp-content\/uploads\/2018\/11\/light.jpg\" \/>\n\t<meta property=\"og:image:width\" content=\"480\" \/>\n\t<meta property=\"og:image:height\" content=\"320\" \/>\n\t<meta property=\"og:image:type\" content=\"image\/jpeg\" \/>\n<meta name=\"twitter:card\" content=\"summary_large_image\" \/>\n<meta name=\"twitter:label1\" content=\"Gesch\u00e4tzte Lesezeit\" \/>\n\t<meta name=\"twitter:data1\" content=\"1\u00a0Minute\" \/>\n<script type=\"application\/ld+json\" class=\"yoast-schema-graph\">{\"@context\":\"https:\\\/\\\/schema.org\",\"@graph\":[{\"@type\":\"WebPage\",\"@id\":\"https:\\\/\\\/www.hydra-components.com\\\/de\\\/beleuchtungskondensatoren\\\/\",\"url\":\"https:\\\/\\\/www.hydra-components.com\\\/de\\\/beleuchtungskondensatoren\\\/\",\"name\":\"Beleuchtungskondensatoren - HYDRA a.s.\",\"isPartOf\":{\"@id\":\"https:\\\/\\\/www.hydra-components.com\\\/#website\"},\"primaryImageOfPage\":{\"@id\":\"https:\\\/\\\/www.hydra-components.com\\\/de\\\/beleuchtungskondensatoren\\\/#primaryimage\"},\"image\":{\"@id\":\"https:\\\/\\\/www.hydra-components.com\\\/de\\\/beleuchtungskondensatoren\\\/#primaryimage\"},\"thumbnailUrl\":\"https:\\\/\\\/www.hydra-components.com\\\/wp-content\\\/uploads\\\/2018\\\/11\\\/light.jpg\",\"datePublished\":\"2019-04-08T04:13:31+00:00\",\"dateModified\":\"2019-04-08T04:13:32+00:00\",\"breadcrumb\":{\"@id\":\"https:\\\/\\\/www.hydra-components.com\\\/de\\\/beleuchtungskondensatoren\\\/#breadcrumb\"},\"inLanguage\":\"de\",\"potentialAction\":[{\"@type\":\"ReadAction\",\"target\":[\"https:\\\/\\\/www.hydra-components.com\\\/de\\\/beleuchtungskondensatoren\\\/\"]}]},{\"@type\":\"ImageObject\",\"inLanguage\":\"de\",\"@id\":\"https:\\\/\\\/www.hydra-components.com\\\/de\\\/beleuchtungskondensatoren\\\/#primaryimage\",\"url\":\"https:\\\/\\\/www.hydra-components.com\\\/wp-content\\\/uploads\\\/2018\\\/11\\\/light.jpg\",\"contentUrl\":\"https:\\\/\\\/www.hydra-components.com\\\/wp-content\\\/uploads\\\/2018\\\/11\\\/light.jpg\",\"width\":480,\"height\":320},{\"@type\":\"BreadcrumbList\",\"@id\":\"https:\\\/\\\/www.hydra-components.com\\\/de\\\/beleuchtungskondensatoren\\\/#breadcrumb\",\"itemListElement\":[{\"@type\":\"ListItem\",\"position\":1,\"name\":\"Home\",\"item\":\"https:\\\/\\\/www.hydra-components.com\\\/de\\\/\"},{\"@type\":\"ListItem\",\"position\":2,\"name\":\"Beleuchtungskondensatoren\"}]},{\"@type\":\"WebSite\",\"@id\":\"https:\\\/\\\/www.hydra-components.com\\\/#website\",\"url\":\"https:\\\/\\\/www.hydra-components.com\\\/\",\"name\":\"HYDRA a.s. | Highest Quality Capacitors\",\"description\":\"Highest Quality Capacitors\",\"publisher\":{\"@id\":\"https:\\\/\\\/www.hydra-components.com\\\/#organization\"},\"potentialAction\":[{\"@type\":\"SearchAction\",\"target\":{\"@type\":\"EntryPoint\",\"urlTemplate\":\"https:\\\/\\\/www.hydra-components.com\\\/?s={search_term_string}\"},\"query-input\":{\"@type\":\"PropertyValueSpecification\",\"valueRequired\":true,\"valueName\":\"search_term_string\"}}],\"inLanguage\":\"de\"},{\"@type\":\"Organization\",\"@id\":\"https:\\\/\\\/www.hydra-components.com\\\/#organization\",\"name\":\"HYDRA a.s.\",\"url\":\"https:\\\/\\\/www.hydra-components.com\\\/\",\"logo\":{\"@type\":\"ImageObject\",\"inLanguage\":\"de\",\"@id\":\"https:\\\/\\\/www.hydra-components.com\\\/#\\\/schema\\\/logo\\\/image\\\/\",\"url\":\"https:\\\/\\\/www.hydra-components.com\\\/wp-content\\\/uploads\\\/2019\\\/03\\\/Hydra-with-R.jpg\",\"contentUrl\":\"https:\\\/\\\/www.hydra-components.com\\\/wp-content\\\/uploads\\\/2019\\\/03\\\/Hydra-with-R.jpg\",\"width\":360,\"height\":66,\"caption\":\"HYDRA a.s.\"},\"image\":{\"@id\":\"https:\\\/\\\/www.hydra-components.com\\\/#\\\/schema\\\/logo\\\/image\\\/\"}}]}<\/script>\n<!-- \/ Yoast SEO plugin. -->","yoast_head_json":{"title":"Beleuchtungskondensatoren - HYDRA a.s.","robots":{"index":"index","follow":"follow","max-snippet":"max-snippet:-1","max-image-preview":"max-image-preview:large","max-video-preview":"max-video-preview:-1"},"canonical":"https:\/\/www.hydra-components.com\/de\/beleuchtungskondensatoren\/","og_locale":"de_DE","og_type":"article","og_title":"Beleuchtungskondensatoren - HYDRA a.s.","og_description":"Beleuchtungskondensatoren Auch wenn moderne LED-Leuchten keinen Kondensator mehr ben\u00f6tigen, gibt es weltweit immer noch Millionen von HID-Leuchten, die immer noch Kondensatoren ben\u00f6tigen. So liefert Hydra weltweit jedes Jahr etwa 2 Millionen Lichtkondensatoren, da HID-Leuchten immer noch im Einsatz sind. Die \u00f6lgef\u00fcllten Hydra-metallisierten Polypropylen-Beleuchtungskondensatoren sind f\u00fcr eine lange Lebensdauer in Hochtemperatur-Umgebungen mit Hochdruckentladungsbeleuchtung (HID) ausgelegt. Aus [&hellip;]","og_url":"https:\/\/www.hydra-components.com\/de\/beleuchtungskondensatoren\/","og_site_name":"HYDRA a.s.","article_modified_time":"2019-04-08T04:13:32+00:00","og_image":[{"width":480,"height":320,"url":"https:\/\/www.hydra-components.com\/wp-content\/uploads\/2018\/11\/light.jpg","type":"image\/jpeg"}],"twitter_card":"summary_large_image","twitter_misc":{"Gesch\u00e4tzte Lesezeit":"1\u00a0Minute"},"schema":{"@context":"https:\/\/schema.org","@graph":[{"@type":"WebPage","@id":"https:\/\/www.hydra-components.com\/de\/beleuchtungskondensatoren\/","url":"https:\/\/www.hydra-components.com\/de\/beleuchtungskondensatoren\/","name":"Beleuchtungskondensatoren - HYDRA a.s.","isPartOf":{"@id":"https:\/\/www.hydra-components.com\/#website"},"primaryImageOfPage":{"@id":"https:\/\/www.hydra-components.com\/de\/beleuchtungskondensatoren\/#primaryimage"},"image":{"@id":"https:\/\/www.hydra-components.com\/de\/beleuchtungskondensatoren\/#primaryimage"},"thumbnailUrl":"https:\/\/www.hydra-components.com\/wp-content\/uploads\/2018\/11\/light.jpg","datePublished":"2019-04-08T04:13:31+00:00","dateModified":"2019-04-08T04:13:32+00:00","breadcrumb":{"@id":"https:\/\/www.hydra-components.com\/de\/beleuchtungskondensatoren\/#breadcrumb"},"inLanguage":"de","potentialAction":[{"@type":"ReadAction","target":["https:\/\/www.hydra-components.com\/de\/beleuchtungskondensatoren\/"]}]},{"@type":"ImageObject","inLanguage":"de","@id":"https:\/\/www.hydra-components.com\/de\/beleuchtungskondensatoren\/#primaryimage","url":"https:\/\/www.hydra-components.com\/wp-content\/uploads\/2018\/11\/light.jpg","contentUrl":"https:\/\/www.hydra-components.com\/wp-content\/uploads\/2018\/11\/light.jpg","width":480,"height":320},{"@type":"BreadcrumbList","@id":"https:\/\/www.hydra-components.com\/de\/beleuchtungskondensatoren\/#breadcrumb","itemListElement":[{"@type":"ListItem","position":1,"name":"Home","item":"https:\/\/www.hydra-components.com\/de\/"},{"@type":"ListItem","position":2,"name":"Beleuchtungskondensatoren"}]},{"@type":"WebSite","@id":"https:\/\/www.hydra-components.com\/#website","url":"https:\/\/www.hydra-components.com\/","name":"HYDRA a.s. | Highest Quality Capacitors","description":"Highest Quality Capacitors","publisher":{"@id":"https:\/\/www.hydra-components.com\/#organization"},"potentialAction":[{"@type":"SearchAction","target":{"@type":"EntryPoint","urlTemplate":"https:\/\/www.hydra-components.com\/?s={search_term_string}"},"query-input":{"@type":"PropertyValueSpecification","valueRequired":true,"valueName":"search_term_string"}}],"inLanguage":"de"},{"@type":"Organization","@id":"https:\/\/www.hydra-components.com\/#organization","name":"HYDRA a.s.","url":"https:\/\/www.hydra-components.com\/","logo":{"@type":"ImageObject","inLanguage":"de","@id":"https:\/\/www.hydra-components.com\/#\/schema\/logo\/image\/","url":"https:\/\/www.hydra-components.com\/wp-content\/uploads\/2019\/03\/Hydra-with-R.jpg","contentUrl":"https:\/\/www.hydra-components.com\/wp-content\/uploads\/2019\/03\/Hydra-with-R.jpg","width":360,"height":66,"caption":"HYDRA a.s."},"image":{"@id":"https:\/\/www.hydra-components.com\/#\/schema\/logo\/image\/"}}]}},"_links":{"self":[{"href":"https:\/\/www.hydra-components.com\/de\/wp-json\/wp\/v2\/pages\/1330","targetHints":{"allow":["GET"]}}],"collection":[{"href":"https:\/\/www.hydra-components.com\/de\/wp-json\/wp\/v2\/pages"}],"about":[{"href":"https:\/\/www.hydra-components.com\/de\/wp-json\/wp\/v2\/types\/page"}],"author":[{"embeddable":true,"href":"https:\/\/www.hydra-components.com\/de\/wp-json\/wp\/v2\/users\/1"}],"replies":[{"embeddable":true,"href":"https:\/\/www.hydra-components.com\/de\/wp-json\/wp\/v2\/comments?post=1330"}],"version-history":[{"count":1,"href":"https:\/\/www.hydra-components.com\/de\/wp-json\/wp\/v2\/pages\/1330\/revisions"}],"predecessor-version":[{"id":1332,"href":"https:\/\/www.hydra-components.com\/de\/wp-json\/wp\/v2\/pages\/1330\/revisions\/1332"}],"wp:featuredmedia":[{"embeddable":true,"href":"https:\/\/www.hydra-components.com\/de\/wp-json\/wp\/v2\/media\/1331"}],"wp:attachment":[{"href":"https:\/\/www.hydra-components.com\/de\/wp-json\/wp\/v2\/media?parent=1330"}],"curies":[{"name":"wp","href":"https:\/\/api.w.org\/{rel}","templated":true}]}}