{"id":1477,"date":"2019-04-24T07:10:15","date_gmt":"2019-04-24T07:10:15","guid":{"rendered":"https:\/\/hydra.vn\/giay-chung-nhan\/"},"modified":"2026-03-13T11:31:29","modified_gmt":"2026-03-13T10:31:29","slug":"giay-chung-nhan","status":"publish","type":"page","link":"https:\/\/www.hydra-components.com\/vi\/giay-chung-nhan\/","title":{"rendered":"T\u00c0I LI\u1ec6U"},"content":{"rendered":"<p>[et_pb_section fb_built=&#8221;1&#8243; _builder_version=&#8221;4.16&#8243; background_color=&#8221;rgba(86,73,71,0.1)&#8221; global_colors_info=&#8221;{}&#8221;][et_pb_row _builder_version=&#8221;4.16&#8243; background_size=&#8221;initial&#8221; background_position=&#8221;top_left&#8221; background_repeat=&#8221;repeat&#8221; global_colors_info=&#8221;{}&#8221;][et_pb_column type=&#8221;4_4&#8243; _builder_version=&#8221;4.16&#8243; custom_padding=&#8221;|||&#8221; global_colors_info=&#8221;{}&#8221; custom_padding__hover=&#8221;|||&#8221;][et_pb_accordion _builder_version=&#8221;4.16&#8243; body_font=&#8221;||||||||&#8221; body_font_size=&#8221;15px&#8221; global_colors_info=&#8221;{}&#8221;][et_pb_accordion_item open=&#8221;on&#8221; icon_color=&#8221;#e02b20&#8243; _builder_version=&#8221;4.16&#8243; background_color=&#8221;rgba(176,216,138,0.19)&#8221; border_width_all=&#8221;0px&#8221; border_width_bottom=&#8221;0px&#8221; global_colors_info=&#8221;{}&#8221;]<\/p>\n<p style=\"text-align: justify;\">T\u1ea1i Hydra, \u201cCh\u1ea5t l\u01b0\u1ee3ng l\u00e0 h\u00e0ng \u0111\u1ea7u\u201d. Ch\u00fang t\u00f4i lu\u00f4n t\u1ef1 h\u00e0o kh\u00f4ng ng\u1eebng l\u00e0m vi\u1ec7c \u0111\u1ec3 cung c\u1ea5p s\u1ea3n ph\u1ea9m ch\u1ea5t l\u01b0\u1ee3ng t\u1ed1t nh\u1ea5t. V\u00ec ti\u00eau ch\u00ed ch\u1ea5t l\u01b0\u1ee3ng l\u00e0 h\u00e0ng \u0111\u1ea7u, n\u00ean kh\u00e2u ki\u1ec3m so\u00e1t ch\u1ea5t l\u01b0\u1ee3ng trong qu\u00e1 tr\u00ecnh s\u1ea3n xu\u1ea5t gi\u00fap ch\u00fang t\u00f4i duy tr\u00ec m\u1ee9c \u0111\u1ed9 h\u00e0i l\u00f2ng cao c\u1ee7a kh\u00e1ch h\u00e0ng v\u00e0 cho ph\u00e9p ch\u00fang t\u00f4i \u0111\u00e1p \u1ee9ng c\u00e1c th\u00f4ng s\u1ed1 k\u1ef9 thu\u1eadt c\u1ee7a kh\u00e1ch h\u00e0ng. C\u00e1c kh\u00e1ch h\u00e0ng c\u1ee7a doanh nghi\u1ec7p c\u1ee7a ch\u00fang t\u00f4i l\u00e0 trung t\u00e2m c\u1ee7a c\u00e1c ho\u1ea1t \u0111\u1ed9ng c\u1ee7a ch\u00fang t\u00f4i. \u0110\u1ec3 \u0111\u00e1p \u1ee9ng s\u1ef1 mong \u0111\u1ee3i c\u1ee7a kh\u00e1ch h\u00e0ng v\u00e0 \u0111\u1ed1i t\u00e1c, ch\u00fang t\u00f4i \u0111ang n\u1ed7 l\u1ef1c kh\u00f4ng ng\u1eebng \u0111\u1ec3 c\u1ea3i thi\u1ec7n cam k\u1ebft c\u1ee7a ch\u00fang t\u00f4i v\u1edbi b\u1ea1n.<\/p>\n<p>[\/et_pb_accordion_item][\/et_pb_accordion][et_pb_text _builder_version=&#8221;4.16&#8243; global_colors_info=&#8221;{}&#8221;]<\/p>\n<h3>Ch\u1ee9ng nh\u1eadn qu\u1ea3n l\u00fd ch\u1ea5t l\u01b0\u1ee3ng<\/h3>\n<p>[\/et_pb_text][et_pb_gallery gallery_ids=&#8221;3101,3106,3111&#8243; posts_number=&#8221;7&#8243; orientation=&#8221;portrait&#8221; show_title_and_caption=&#8221;off&#8221; _builder_version=&#8221;4.16&#8243; global_colors_info=&#8221;{}&#8221;][\/et_pb_gallery][et_pb_text _builder_version=&#8221;4.16&#8243; global_colors_info=&#8221;{}&#8221;]<\/p>\n<h3>Ch\u1ee9ng nh\u1eadn VDE<\/h3>\n<p>[\/et_pb_text][et_pb_text _builder_version=&#8221;4.27.0&#8243; _module_preset=&#8221;default&#8221; custom_margin=&#8221;||69px|||&#8221; global_colors_info=&#8221;{}&#8221;]<\/p>\n<p><a href=\"https:\/\/www.hydra-components.com\/wp-content\/uploads\/2024\/09\/VDE_CERTIFICATE_0040008073_ORDER_289378_10648539.pdf\" target=\"_blank\" rel=\"noopener\"><br \/><img loading=\"lazy\" decoding=\"async\" src=\"https:\/\/www.hydra-components.com\/wp-content\/uploads\/2024\/09\/VDE_CERTIFICATE_0040008073_ORDER_289378_10648539-1.jpg\" width=\"220\" height=\"150\" \/>\u00a0 \u00a0 \u00a0 \u00a0 \u00a0 \u00a0 \u00a0 \u00a0 \u00a0<\/a><a href=\"https:\/\/www.hydra-components.com\/wp-content\/uploads\/2024\/09\/VDE_CERTIFICATE_HA092413_ORDER_290457_10911248.pdf\" target=\"_blank\" rel=\"noopener\"><img loading=\"lazy\" decoding=\"async\" src=\"https:\/\/www.hydra-components.com\/wp-content\/uploads\/2024\/09\/VDE_CERTIFICATE_HA092413_ORDER_290457_10911248-2.jpg\" width=\"220\" height=\"150\" \/><\/a>\u00a0 \u00a0 \u00a0 \u00a0 \u00a0 \u00a0 \u00a0 \u00a0 \u00a0<a href=\"https:\/\/www.hydra-components.com\/wp-content\/uploads\/2024\/09\/VDE_CERTIFICATE_HA121040_ORDER_308886_12009644.pdf\" target=\"_blank\" rel=\"noopener\"><img loading=\"lazy\" decoding=\"async\" src=\"https:\/\/www.hydra-components.com\/wp-content\/uploads\/2024\/09\/VDE_CERTIFICATE_HA121040_ORDER_308886_12009644-3.jpg\" width=\"220\" height=\"150\" \/><\/a>\u00a0 \u00a0 \u00a0 \u00a0 \u00a0 \u00a0 \u00a0 \u00a0 \u00a0<a href=\"https:\/\/www.hydra-components.com\/wp-content\/uploads\/2024\/09\/VDE_CERTIFICATE_HA121204_ORDER_289404_10647841.pdf\" target=\"_blank\" rel=\"noopener\"><img loading=\"lazy\" decoding=\"async\" src=\"https:\/\/www.hydra-components.com\/wp-content\/uploads\/2024\/09\/VDE_CERTIFICATE_HA121204_ORDER_289404_10647841-4.jpg\" width=\"220\" height=\"150\" \/><\/a><\/p>\n<p>&nbsp;<\/p>\n<p><a href=\"https:\/\/www.hydra-components.com\/wp-content\/uploads\/2024\/09\/VDE_CERTIFICATE_HA121207_ORDER_289387_10651151.pdf\" target=\"_blank\" rel=\"noopener\"><img loading=\"lazy\" decoding=\"async\" src=\"https:\/\/www.hydra-components.com\/wp-content\/uploads\/2024\/09\/VDE_CERTIFICATE_HA121207_ORDER_289387_10651151-5.jpg\" width=\"220\" height=\"150\" \/><\/a>\u00a0 \u00a0 \u00a0 \u00a0 \u00a0 \u00a0 \u00a0 \u00a0 \u00a0<a href=\"https:\/\/www.hydra-components.com\/wp-content\/uploads\/2024\/09\/VDE_CERTIFICATE_HA124120_ORDER_290455_10908116.pdf\" target=\"_blank\" rel=\"noopener\"><img loading=\"lazy\" decoding=\"async\" src=\"https:\/\/www.hydra-components.com\/wp-content\/uploads\/2024\/09\/VDE_CERTIFICATE_HA124120_ORDER_290455_10908116-6.jpg\" width=\"220\" height=\"150\" \/><\/a>\u00a0 \u00a0 \u00a0 \u00a0 \u00a0 \u00a0 \u00a0 \u00a0 \u00a0<a href=\"https:\/\/www.hydra-components.com\/wp-content\/uploads\/2024\/09\/VDE_CERTIFICATE_HA133029_ORDER_289333_10664000.pdf\" target=\"_blank\" rel=\"noopener\"><img loading=\"lazy\" decoding=\"async\" src=\"https:\/\/www.hydra-components.com\/wp-content\/uploads\/2024\/09\/VDE_CERTIFICATE_HA133029_ORDER_289333_10664000-7.jpg\" width=\"220\" height=\"150\" \/><\/a>\u00a0 \u00a0 \u00a0 \u00a0 \u00a0 \u00a0 \u00a0 \u00a0 \u00a0<a href=\"https:\/\/www.hydra-components.com\/wp-content\/uploads\/2024\/09\/VDE_CERTIFICATE_HA135963_ORDER_289370_10664870.pdf\" target=\"_blank\" rel=\"noopener\"><img loading=\"lazy\" decoding=\"async\" src=\"https:\/\/www.hydra-components.com\/wp-content\/uploads\/2024\/09\/VDE_CERTIFICATE_HA135963_ORDER_289370_10664870-8.jpg\" width=\"220\" height=\"150\" \/><\/a><\/p>\n<p>[\/et_pb_text][et_pb_text _builder_version=&#8221;4.16&#8243; global_colors_info=&#8221;{}&#8221;]<\/p>\n<h3>Ch\u1ee9ng nh\u1eadn UL<\/h3>\n<p>[\/et_pb_text][et_pb_gallery gallery_ids=&#8221;3194,3199,3204,3209,3214,3219&#8243; posts_number=&#8221;6&#8243; orientation=&#8221;portrait&#8221; show_title_and_caption=&#8221;off&#8221; _builder_version=&#8221;4.16&#8243; global_colors_info=&#8221;{}&#8221;][\/et_pb_gallery][et_pb_text _builder_version=&#8221;4.16&#8243; global_colors_info=&#8221;{}&#8221;]<\/p>\n<h3>Ch\u1ee9ng nh\u1eadn CQC<\/h3>\n<p>[\/et_pb_text][et_pb_gallery gallery_ids=&#8221;2180,2185,2190,2195,2200,2205&#8243; posts_number=&#8221;12&#8243; orientation=&#8221;portrait&#8221; show_title_and_caption=&#8221;off&#8221; _builder_version=&#8221;4.16&#8243; global_colors_info=&#8221;{}&#8221;][\/et_pb_gallery][et_pb_text _builder_version=&#8221;4.27.4&#8243; _module_preset=&#8221;default&#8221; link_option_url_new_window=&#8221;on&#8221; locked=&#8221;off&#8221; global_colors_info=&#8221;{}&#8221;]<a href=\"https:\/\/www.hydra-components.com\/wp-content\/uploads\/2025\/05\/CQC19006225788_MKP-322-2019_JC-EN.pdf\" rel=\"attachment wp-att-3056 noopener noreferrer\" target=\"_blank\">\u00a0<img decoding=\"async\" src=\"https:\/\/www.hydra-components.com\/wp-content\/uploads\/2025\/05\/CQC19006225788_MKP-322-2019_JC-EN.png\" alt=\"Popis obr\u00e1zku\" width=\"230\" \/>\u00a0 \u00a0 \u00a0 \u00a0 \u00a0 <\/a><a href=\"https:\/\/www.hydra-components.com\/wp-content\/uploads\/2025\/05\/CQC19006229059_MKP-500-2019-JC.pdf\" rel=\"attachment wp-att-3056 noopener noreferrer\" target=\"_blank\"><img decoding=\"async\" src=\"https:\/\/www.hydra-components.com\/wp-content\/uploads\/2025\/05\/CQC19006229059_MKP-500-2019-JC.png\" alt=\"Popis obr\u00e1zku\" width=\"230\" \/>\u00a0 \u00a0 \u00a0 \u00a0 \u00a0\u00a0<\/a> <a href=\"https:\/\/www.hydra-components.com\/wp-content\/uploads\/2025\/05\/CQC19006225787_MKP-321-2019_JC-EN.pdf\" rel=\"attachment wp-att-3056 noopener noreferrer\" target=\"_blank\"><img decoding=\"async\" src=\"https:\/\/www.hydra-components.com\/wp-content\/uploads\/2025\/05\/CQC19006225787_MKP-321-2019_JC-EN.png\" alt=\"Popis obr\u00e1zku\" width=\"230\" \/>\u00a0 \u00a0 \u00a0 \u00a0 \u00a0<\/a> <a href=\"https:\/\/www.hydra-components.com\/wp-content\/uploads\/2025\/05\/CQC19006215729_322_2023_VN.pdf\" rel=\"attachment wp-att-3056 noopener noreferrer\" target=\"_blank\"><img decoding=\"async\" src=\"https:\/\/www.hydra-components.com\/wp-content\/uploads\/2025\/05\/CQC19006215729_322_2023_VN.png\" alt=\"Popis obr\u00e1zku\" width=\"230\" \/><\/a><a href=\"https:\/\/www.hydra-components.com\/wp-content\/uploads\/2025\/05\/CQC19006215725_321_2023_VN.pdf\" rel=\"attachment wp-att-3056 noopener noreferrer\" target=\"_blank\"><img decoding=\"async\" src=\"https:\/\/www.hydra-components.com\/wp-content\/uploads\/2025\/05\/CQC19006215725_321_2023_VN.png\" alt=\"Popis obr\u00e1zku\" width=\"230\" \/>\u00a0\u00a0\u00a0\u00a0\u00a0\u00a0\u00a0\u00a0<\/a>\u00a0 \u00a0<a href=\"https:\/\/www.hydra-components.com\/wp-content\/uploads\/2025\/05\/CQC19006222523_500_2023_VN.pdf\" rel=\"attachment wp-att-3056 noopener noreferrer\" target=\"_blank\"><img decoding=\"async\" src=\"https:\/\/www.hydra-components.com\/wp-content\/uploads\/2025\/05\/CQC19006222523_500_2023_VN.png\" alt=\"Popis obr\u00e1zku\" width=\"230\" \/><\/a>[\/et_pb_text][et_pb_text _builder_version=&#8221;4.16&#8243; _module_preset=&#8221;default&#8221; global_colors_info=&#8221;{}&#8221;]<a href=\"https:\/\/www.hydra-components.com\/wp-content\/uploads\/2023\/06\/Code_of_Conduct_Hydra.pdf\" target=\"_blank\" rel=\"noopener noreferrer\"> <a\/>[\/et_pb_text][et_pb_code _builder_version=&#8221;4.16&#8243; _module_preset=&#8221;default&#8221; global_colors_info=&#8221;{}&#8221;][\/et_pb_code][et_pb_code _builder_version=&#8221;4.16&#8243; _module_preset=&#8221;default&#8221; global_colors_info=&#8221;{}&#8221;][\/et_pb_code][et_pb_text _builder_version=&#8221;4.16&#8243; global_colors_info=&#8221;{}&#8221;]<\/p>\n<h3><span>Other documents<\/span><\/h3>\n<p>[\/et_pb_text][et_pb_gallery gallery_ids=&#8221;5739,3044&#8243; posts_number=&#8221;12&#8243; orientation=&#8221;portrait&#8221; show_title_and_caption=&#8221;off&#8221; _builder_version=&#8221;4.27.4&#8243; hover_enabled=&#8221;0&#8243; global_colors_info=&#8221;{}&#8221; sticky_enabled=&#8221;0&#8243;][\/et_pb_gallery][et_pb_text _builder_version=&#8221;4.27.4&#8243; _module_preset=&#8221;default&#8221; link_option_url_new_window=&#8221;on&#8221; global_colors_info=&#8221;{}&#8221;]<\/p>\n<p><a href=\"https:\/\/www.hydra-components.com\/wp-content\/uploads\/2025\/03\/Certificate_of_conformity_REACH_2025.pdf\" rel=\"attachment wp-att-3056 noopener noreferrer\" target=\"_blank\"><img decoding=\"async\" src=\"https:\/\/www.hydra-components.com\/wp-content\/uploads\/2025\/03\/Certificate_of_conformity_REACH_2025.png\" alt=\"Popis obr\u00e1zku\" width=\"230\" \/>\u00a0 \u00a0 \u00a0 \u00a0\u00a0 \u00a0 <\/a><a href=\"https:\/\/www.hydra-components.com\/wp-content\/uploads\/2025\/03\/Green0meter_CO2_2024.pdf\" rel=\"attachment wp-att-3056 noopener noreferrer\" target=\"_blank\"><img decoding=\"async\" src=\"https:\/\/www.hydra-components.com\/wp-content\/uploads\/2025\/03\/Green0meter_CO2_2024.png\" alt=\"Popis obr\u00e1zku\" width=\"230\" \/> \u00a0\u00a0 \u00a0 \u00a0 \u00a0 \u00a0<\/a> <a href=\"https:\/\/www.hydra-components.com\/wp-content\/uploads\/2025\/05\/Anti-Corruption-Policy_VN-2025.pdf\" rel=\"attachment wp-att-3056 noopener noreferrer\" target=\"_blank\"><img decoding=\"async\" src=\"https:\/\/www.hydra-components.com\/wp-content\/uploads\/2025\/05\/Anti-Corruption-Policy_VN-2025.png\" alt=\"Popis obr\u00e1zku\" width=\"230\" \/><\/a> \u00a0 \u00a0 \u00a0 \u00a0 \u00a0\u00a0 <a href=\"https:\/\/www.hydra-components.com\/wp-content\/uploads\/2025\/05\/Hydra_certificate_of_conformity_RoHS_2025.pdf\" rel=\"attachment wp-att-3056 noopener noreferrer\" target=\"_blank\"><img decoding=\"async\" src=\"https:\/\/www.hydra-components.com\/wp-content\/uploads\/2025\/05\/Hydra_certificate_of_conformity_RoHS_2025.png\" alt=\"Popis obr\u00e1zku\" width=\"230\" \/><\/a><\/p>\n<p>&nbsp;<\/p>\n<p>&nbsp;<\/p>\n<p><a href=\"https:\/\/www.hydra-components.com\/wp-content\/uploads\/2025\/05\/Conflict-Mineral-Policy_2024.pdf\" rel=\"attachment wp-att-3056 noopener noreferrer\" target=\"_blank\"><img decoding=\"async\" src=\"https:\/\/www.hydra-components.com\/wp-content\/uploads\/2025\/05\/Conflict-Mineral-Policy_2024.png\" alt=\"Popis obr\u00e1zku\" width=\"230\" \/>\u00a0\u00a0\u00a0\u00a0\u00a0\u00a0\u00a0\u00a0<\/a>\u00a0 \u00a0<a href=\"https:\/\/www.hydra-components.com\/wp-content\/uploads\/2025\/05\/Declaration-of-conformity-UKCA_Motor-Capacitors_Hydra.pdf\" rel=\"attachment wp-att-3056 noopener noreferrer\" target=\"_blank\"><img decoding=\"async\" src=\"https:\/\/www.hydra-components.com\/wp-content\/uploads\/2025\/05\/Declaration-of-conformity-UKCA_Motor-Capacitors_Hydra.png\" alt=\"Popis obr\u00e1zku\" width=\"230\" \/><\/a><\/p>\n<p>[\/et_pb_text][\/et_pb_column][\/et_pb_row][et_pb_row _builder_version=&#8221;4.16&#8243; _module_preset=&#8221;default&#8221; global_colors_info=&#8221;{}&#8221;][et_pb_column type=&#8221;4_4&#8243; _builder_version=&#8221;4.16&#8243; _module_preset=&#8221;default&#8221; global_colors_info=&#8221;{}&#8221;][et_pb_text _builder_version=&#8221;4.16&#8243; global_colors_info=&#8221;{}&#8221;]<\/p>\n<h3>Code of Conduct<\/h3>\n<p>[\/et_pb_text][et_pb_text _builder_version=&#8221;4.27.4&#8243; _module_preset=&#8221;default&#8221; link_option_url_new_window=&#8221;on&#8221; global_colors_info=&#8221;{}&#8221;]<\/p>\n<p><a href=\"https:\/\/www.hydra-components.com\/wp-content\/uploads\/2025\/05\/Code_of_Conduct_2024.pdf\" rel=\"attachment wp-att-3056 noopener noreferrer\" target=\"_blank\">Code_of_Conduct_Hydra<\/a> (Click link)<\/p>\n<p>[\/et_pb_text][\/et_pb_column][\/et_pb_row][et_pb_row _builder_version=&#8221;4.16&#8243; _module_preset=&#8221;default&#8221; global_colors_info=&#8221;{}&#8221;][et_pb_column type=&#8221;4_4&#8243; _builder_version=&#8221;4.16&#8243; _module_preset=&#8221;default&#8221; global_colors_info=&#8221;{}&#8221;][et_pb_text _builder_version=&#8221;4.27.4&#8243; custom_padding=&#8221;4px|||||&#8221; global_colors_info=&#8221;{}&#8221;]<\/p>\n<h3>General Terms and Condition<\/h3>\n<p>[\/et_pb_text][et_pb_text _builder_version=&#8221;4.27.4&#8243; _module_preset=&#8221;default&#8221; link_option_url_new_window=&#8221;on&#8221; global_colors_info=&#8221;{}&#8221;]<a href=\"https:\/\/www.hydra-components.com\/wp-content\/uploads\/2023\/05\/VOP-aj-1.pdf\" rel=\"attachment wp-att-3056 noopener noreferrer\" target=\"_blank\">General Terms and Conditions<\/a> (Click link)[\/et_pb_text][\/et_pb_column][\/et_pb_row][\/et_pb_section]<\/p>\n","protected":false},"excerpt":{"rendered":"<p>T\u1ea1i Hydra, \u201cCh\u1ea5t l\u01b0\u1ee3ng l\u00e0 h\u00e0ng \u0111\u1ea7u\u201d. Ch\u00fang t\u00f4i lu\u00f4n t\u1ef1 h\u00e0o kh\u00f4ng ng\u1eebng l\u00e0m vi\u1ec7c \u0111\u1ec3 cung c\u1ea5p s\u1ea3n ph\u1ea9m ch\u1ea5t l\u01b0\u1ee3ng t\u1ed1t nh\u1ea5t. V\u00ec ti\u00eau ch\u00ed ch\u1ea5t l\u01b0\u1ee3ng l\u00e0 h\u00e0ng \u0111\u1ea7u, n\u00ean kh\u00e2u ki\u1ec3m so\u00e1t ch\u1ea5t l\u01b0\u1ee3ng trong qu\u00e1 tr\u00ecnh s\u1ea3n xu\u1ea5t gi\u00fap ch\u00fang t\u00f4i duy tr\u00ec m\u1ee9c \u0111\u1ed9 h\u00e0i l\u00f2ng cao c\u1ee7a [&hellip;]<\/p>\n","protected":false},"author":1,"featured_media":0,"parent":0,"menu_order":0,"comment_status":"closed","ping_status":"closed","template":"","meta":{"_et_pb_use_builder":"on","_et_pb_old_content":"","_et_gb_content_width":"","footnotes":""},"class_list":["post-1477","page","type-page","status-publish","hentry"],"yoast_head":"<!-- This site is optimized with the Yoast SEO plugin v27.4 - https:\/\/yoast.com\/product\/yoast-seo-wordpress\/ -->\n<title>T\u00c0I LI\u1ec6U - HYDRA a.s.<\/title>\n<meta name=\"robots\" content=\"index, follow, max-snippet:-1, max-image-preview:large, max-video-preview:-1\" \/>\n<link rel=\"canonical\" href=\"https:\/\/www.hydra-components.com\/vi\/giay-chung-nhan\/\" \/>\n<meta property=\"og:locale\" content=\"vi_VN\" \/>\n<meta property=\"og:type\" content=\"article\" \/>\n<meta property=\"og:title\" content=\"T\u00c0I LI\u1ec6U - HYDRA a.s.\" \/>\n<meta property=\"og:description\" content=\"T\u1ea1i Hydra, \u201cCh\u1ea5t l\u01b0\u1ee3ng l\u00e0 h\u00e0ng \u0111\u1ea7u\u201d. Ch\u00fang t\u00f4i lu\u00f4n t\u1ef1 h\u00e0o kh\u00f4ng ng\u1eebng l\u00e0m vi\u1ec7c \u0111\u1ec3 cung c\u1ea5p s\u1ea3n ph\u1ea9m ch\u1ea5t l\u01b0\u1ee3ng t\u1ed1t nh\u1ea5t. V\u00ec ti\u00eau ch\u00ed ch\u1ea5t l\u01b0\u1ee3ng l\u00e0 h\u00e0ng \u0111\u1ea7u, n\u00ean kh\u00e2u ki\u1ec3m so\u00e1t ch\u1ea5t l\u01b0\u1ee3ng trong qu\u00e1 tr\u00ecnh s\u1ea3n xu\u1ea5t gi\u00fap ch\u00fang t\u00f4i duy tr\u00ec m\u1ee9c \u0111\u1ed9 h\u00e0i l\u00f2ng cao c\u1ee7a [&hellip;]\" \/>\n<meta property=\"og:url\" content=\"https:\/\/www.hydra-components.com\/vi\/giay-chung-nhan\/\" \/>\n<meta property=\"og:site_name\" content=\"HYDRA a.s.\" \/>\n<meta property=\"article:modified_time\" content=\"2026-03-13T10:31:29+00:00\" \/>\n<meta property=\"og:image\" content=\"https:\/\/www.hydra-components.com\/wp-content\/uploads\/2024\/09\/VDE_CERTIFICATE_0040008073_ORDER_289378_10648539-1.jpg\" \/>\n<meta name=\"twitter:card\" content=\"summary_large_image\" \/>\n<meta name=\"twitter:label1\" content=\"Est. reading time\" \/>\n\t<meta name=\"twitter:data1\" content=\"4 minutes\" \/>\n<script type=\"application\/ld+json\" class=\"yoast-schema-graph\">{\"@context\":\"https:\\\/\\\/schema.org\",\"@graph\":[{\"@type\":\"WebPage\",\"@id\":\"https:\\\/\\\/www.hydra-components.com\\\/vi\\\/giay-chung-nhan\\\/\",\"url\":\"https:\\\/\\\/www.hydra-components.com\\\/vi\\\/giay-chung-nhan\\\/\",\"name\":\"T\u00c0I LI\u1ec6U - HYDRA a.s.\",\"isPartOf\":{\"@id\":\"https:\\\/\\\/www.hydra-components.com\\\/#website\"},\"primaryImageOfPage\":{\"@id\":\"https:\\\/\\\/www.hydra-components.com\\\/vi\\\/giay-chung-nhan\\\/#primaryimage\"},\"image\":{\"@id\":\"https:\\\/\\\/www.hydra-components.com\\\/vi\\\/giay-chung-nhan\\\/#primaryimage\"},\"thumbnailUrl\":\"https:\\\/\\\/www.hydra-components.com\\\/wp-content\\\/uploads\\\/2024\\\/09\\\/VDE_CERTIFICATE_0040008073_ORDER_289378_10648539-1.jpg\",\"datePublished\":\"2019-04-24T07:10:15+00:00\",\"dateModified\":\"2026-03-13T10:31:29+00:00\",\"breadcrumb\":{\"@id\":\"https:\\\/\\\/www.hydra-components.com\\\/vi\\\/giay-chung-nhan\\\/#breadcrumb\"},\"inLanguage\":\"vi-VN\",\"potentialAction\":[{\"@type\":\"ReadAction\",\"target\":[\"https:\\\/\\\/www.hydra-components.com\\\/vi\\\/giay-chung-nhan\\\/\"]}]},{\"@type\":\"ImageObject\",\"inLanguage\":\"vi-VN\",\"@id\":\"https:\\\/\\\/www.hydra-components.com\\\/vi\\\/giay-chung-nhan\\\/#primaryimage\",\"url\":\"https:\\\/\\\/www.hydra-components.com\\\/wp-content\\\/uploads\\\/2024\\\/09\\\/VDE_CERTIFICATE_0040008073_ORDER_289378_10648539-1.jpg\",\"contentUrl\":\"https:\\\/\\\/www.hydra-components.com\\\/wp-content\\\/uploads\\\/2024\\\/09\\\/VDE_CERTIFICATE_0040008073_ORDER_289378_10648539-1.jpg\"},{\"@type\":\"BreadcrumbList\",\"@id\":\"https:\\\/\\\/www.hydra-components.com\\\/vi\\\/giay-chung-nhan\\\/#breadcrumb\",\"itemListElement\":[{\"@type\":\"ListItem\",\"position\":1,\"name\":\"Home\",\"item\":\"https:\\\/\\\/www.hydra-components.com\\\/vi\\\/\"},{\"@type\":\"ListItem\",\"position\":2,\"name\":\"T\u00c0I LI\u1ec6U\"}]},{\"@type\":\"WebSite\",\"@id\":\"https:\\\/\\\/www.hydra-components.com\\\/#website\",\"url\":\"https:\\\/\\\/www.hydra-components.com\\\/\",\"name\":\"HYDRA a.s. | Highest Quality Capacitors\",\"description\":\"Highest Quality Capacitors\",\"publisher\":{\"@id\":\"https:\\\/\\\/www.hydra-components.com\\\/#organization\"},\"potentialAction\":[{\"@type\":\"SearchAction\",\"target\":{\"@type\":\"EntryPoint\",\"urlTemplate\":\"https:\\\/\\\/www.hydra-components.com\\\/?s={search_term_string}\"},\"query-input\":{\"@type\":\"PropertyValueSpecification\",\"valueRequired\":true,\"valueName\":\"search_term_string\"}}],\"inLanguage\":\"vi-VN\"},{\"@type\":\"Organization\",\"@id\":\"https:\\\/\\\/www.hydra-components.com\\\/#organization\",\"name\":\"HYDRA a.s.\",\"url\":\"https:\\\/\\\/www.hydra-components.com\\\/\",\"logo\":{\"@type\":\"ImageObject\",\"inLanguage\":\"vi-VN\",\"@id\":\"https:\\\/\\\/www.hydra-components.com\\\/#\\\/schema\\\/logo\\\/image\\\/\",\"url\":\"https:\\\/\\\/www.hydra-components.com\\\/wp-content\\\/uploads\\\/2019\\\/03\\\/Hydra-with-R.jpg\",\"contentUrl\":\"https:\\\/\\\/www.hydra-components.com\\\/wp-content\\\/uploads\\\/2019\\\/03\\\/Hydra-with-R.jpg\",\"width\":360,\"height\":66,\"caption\":\"HYDRA a.s.\"},\"image\":{\"@id\":\"https:\\\/\\\/www.hydra-components.com\\\/#\\\/schema\\\/logo\\\/image\\\/\"}}]}<\/script>\n<!-- \/ Yoast SEO plugin. -->","yoast_head_json":{"title":"T\u00c0I LI\u1ec6U - HYDRA a.s.","robots":{"index":"index","follow":"follow","max-snippet":"max-snippet:-1","max-image-preview":"max-image-preview:large","max-video-preview":"max-video-preview:-1"},"canonical":"https:\/\/www.hydra-components.com\/vi\/giay-chung-nhan\/","og_locale":"vi_VN","og_type":"article","og_title":"T\u00c0I LI\u1ec6U - HYDRA a.s.","og_description":"T\u1ea1i Hydra, \u201cCh\u1ea5t l\u01b0\u1ee3ng l\u00e0 h\u00e0ng \u0111\u1ea7u\u201d. Ch\u00fang t\u00f4i lu\u00f4n t\u1ef1 h\u00e0o kh\u00f4ng ng\u1eebng l\u00e0m vi\u1ec7c \u0111\u1ec3 cung c\u1ea5p s\u1ea3n ph\u1ea9m ch\u1ea5t l\u01b0\u1ee3ng t\u1ed1t nh\u1ea5t. V\u00ec ti\u00eau ch\u00ed ch\u1ea5t l\u01b0\u1ee3ng l\u00e0 h\u00e0ng \u0111\u1ea7u, n\u00ean kh\u00e2u ki\u1ec3m so\u00e1t ch\u1ea5t l\u01b0\u1ee3ng trong qu\u00e1 tr\u00ecnh s\u1ea3n xu\u1ea5t gi\u00fap ch\u00fang t\u00f4i duy tr\u00ec m\u1ee9c \u0111\u1ed9 h\u00e0i l\u00f2ng cao c\u1ee7a [&hellip;]","og_url":"https:\/\/www.hydra-components.com\/vi\/giay-chung-nhan\/","og_site_name":"HYDRA a.s.","article_modified_time":"2026-03-13T10:31:29+00:00","og_image":[{"url":"https:\/\/www.hydra-components.com\/wp-content\/uploads\/2024\/09\/VDE_CERTIFICATE_0040008073_ORDER_289378_10648539-1.jpg","type":"","width":"","height":""}],"twitter_card":"summary_large_image","twitter_misc":{"Est. reading time":"4 minutes"},"schema":{"@context":"https:\/\/schema.org","@graph":[{"@type":"WebPage","@id":"https:\/\/www.hydra-components.com\/vi\/giay-chung-nhan\/","url":"https:\/\/www.hydra-components.com\/vi\/giay-chung-nhan\/","name":"T\u00c0I LI\u1ec6U - HYDRA a.s.","isPartOf":{"@id":"https:\/\/www.hydra-components.com\/#website"},"primaryImageOfPage":{"@id":"https:\/\/www.hydra-components.com\/vi\/giay-chung-nhan\/#primaryimage"},"image":{"@id":"https:\/\/www.hydra-components.com\/vi\/giay-chung-nhan\/#primaryimage"},"thumbnailUrl":"https:\/\/www.hydra-components.com\/wp-content\/uploads\/2024\/09\/VDE_CERTIFICATE_0040008073_ORDER_289378_10648539-1.jpg","datePublished":"2019-04-24T07:10:15+00:00","dateModified":"2026-03-13T10:31:29+00:00","breadcrumb":{"@id":"https:\/\/www.hydra-components.com\/vi\/giay-chung-nhan\/#breadcrumb"},"inLanguage":"vi-VN","potentialAction":[{"@type":"ReadAction","target":["https:\/\/www.hydra-components.com\/vi\/giay-chung-nhan\/"]}]},{"@type":"ImageObject","inLanguage":"vi-VN","@id":"https:\/\/www.hydra-components.com\/vi\/giay-chung-nhan\/#primaryimage","url":"https:\/\/www.hydra-components.com\/wp-content\/uploads\/2024\/09\/VDE_CERTIFICATE_0040008073_ORDER_289378_10648539-1.jpg","contentUrl":"https:\/\/www.hydra-components.com\/wp-content\/uploads\/2024\/09\/VDE_CERTIFICATE_0040008073_ORDER_289378_10648539-1.jpg"},{"@type":"BreadcrumbList","@id":"https:\/\/www.hydra-components.com\/vi\/giay-chung-nhan\/#breadcrumb","itemListElement":[{"@type":"ListItem","position":1,"name":"Home","item":"https:\/\/www.hydra-components.com\/vi\/"},{"@type":"ListItem","position":2,"name":"T\u00c0I LI\u1ec6U"}]},{"@type":"WebSite","@id":"https:\/\/www.hydra-components.com\/#website","url":"https:\/\/www.hydra-components.com\/","name":"HYDRA a.s. | Highest Quality Capacitors","description":"Highest Quality Capacitors","publisher":{"@id":"https:\/\/www.hydra-components.com\/#organization"},"potentialAction":[{"@type":"SearchAction","target":{"@type":"EntryPoint","urlTemplate":"https:\/\/www.hydra-components.com\/?s={search_term_string}"},"query-input":{"@type":"PropertyValueSpecification","valueRequired":true,"valueName":"search_term_string"}}],"inLanguage":"vi-VN"},{"@type":"Organization","@id":"https:\/\/www.hydra-components.com\/#organization","name":"HYDRA a.s.","url":"https:\/\/www.hydra-components.com\/","logo":{"@type":"ImageObject","inLanguage":"vi-VN","@id":"https:\/\/www.hydra-components.com\/#\/schema\/logo\/image\/","url":"https:\/\/www.hydra-components.com\/wp-content\/uploads\/2019\/03\/Hydra-with-R.jpg","contentUrl":"https:\/\/www.hydra-components.com\/wp-content\/uploads\/2019\/03\/Hydra-with-R.jpg","width":360,"height":66,"caption":"HYDRA a.s."},"image":{"@id":"https:\/\/www.hydra-components.com\/#\/schema\/logo\/image\/"}}]}},"_links":{"self":[{"href":"https:\/\/www.hydra-components.com\/vi\/wp-json\/wp\/v2\/pages\/1477","targetHints":{"allow":["GET"]}}],"collection":[{"href":"https:\/\/www.hydra-components.com\/vi\/wp-json\/wp\/v2\/pages"}],"about":[{"href":"https:\/\/www.hydra-components.com\/vi\/wp-json\/wp\/v2\/types\/page"}],"author":[{"embeddable":true,"href":"https:\/\/www.hydra-components.com\/vi\/wp-json\/wp\/v2\/users\/1"}],"replies":[{"embeddable":true,"href":"https:\/\/www.hydra-components.com\/vi\/wp-json\/wp\/v2\/comments?post=1477"}],"version-history":[{"count":29,"href":"https:\/\/www.hydra-components.com\/vi\/wp-json\/wp\/v2\/pages\/1477\/revisions"}],"predecessor-version":[{"id":5746,"href":"https:\/\/www.hydra-components.com\/vi\/wp-json\/wp\/v2\/pages\/1477\/revisions\/5746"}],"wp:attachment":[{"href":"https:\/\/www.hydra-components.com\/vi\/wp-json\/wp\/v2\/media?parent=1477"}],"curies":[{"name":"wp","href":"https:\/\/api.w.org\/{rel}","templated":true}]}}