{"id":1487,"date":"2019-04-24T07:31:48","date_gmt":"2019-04-24T07:31:48","guid":{"rendered":"https:\/\/hydra.vn\/nhan-su-quan-ly\/"},"modified":"2024-05-09T13:12:30","modified_gmt":"2024-05-09T12:12:30","slug":"nhan-su-quan-ly","status":"publish","type":"page","link":"https:\/\/www.hydra-components.com\/vi\/nhan-su-quan-ly\/","title":{"rendered":"Nh\u00e2n s\u1ef1 qu\u1ea3n l\u00fd"},"content":{"rendered":"<p>[et_pb_section fb_built=&#8221;1&#8243; admin_label=&#8221;section&#8221; _builder_version=&#8221;4.16&#8243; background_color=&#8221;rgba(86,73,71,0.1)&#8221; hover_enabled=&#8221;0&#8243; global_colors_info=&#8221;{}&#8221; sticky_enabled=&#8221;0&#8243;][et_pb_row column_structure=&#8221;1_2,1_2&#8243; admin_label=&#8221;row&#8221; _builder_version=&#8221;4.16&#8243; background_size=&#8221;initial&#8221; background_position=&#8221;top_left&#8221; background_repeat=&#8221;repeat&#8221; global_colors_info=&#8221;{}&#8221;][et_pb_column type=&#8221;1_2&#8243; _builder_version=&#8221;4.16&#8243; custom_padding=&#8221;|||&#8221; global_colors_info=&#8221;{}&#8221; custom_padding__hover=&#8221;|||&#8221;][et_pb_text _builder_version=&#8221;4.23.4&#8243; global_colors_info=&#8221;{}&#8221;]<strong>Jana My\u0161kov\u00e1, <em>Ch\u1ee7 t\u1ecbch \u0111i\u1ec1u h\u00e0nh<\/em><\/strong><br \/>\nTel.: +420 493 504 114<br \/>\nE-mail: <a href=\"mailto:jana.myskova@hydra-components.com\">jana.myskova@hydra-components.com<\/a><\/p>\n<p><strong>Ji\u0159\u00ed \u017d\u00e1\u010dek<\/strong>, <em><strong>Ph\u00f3 ch\u1ee7 t\u1ecbch \u0111i\u1ec1u h\u00e0nh<\/strong><\/em><br \/>\nTel.: +420 493 504 111<br \/>\nE-mail: <a href=\"mailto:office@hydra-components.com\">office@hydra-components.com<\/a><\/p>\n<p><strong>Ad\u00e9la Ku\u010derov\u00e1, tuy\u1ec3n d\u1ee5ng<br \/>\n<\/strong>Tel.: +420 493 504 113<br \/>\nE-mail: <a href=\"mailto:adela.kucerova@hydra-components.com\">adela.kucerova@hydra-components.com<\/a><\/p>\n<p><strong>Ban th\u01b0 k\u00fd<\/strong><br \/>\nTel.: +420 493 504 111<br \/>\nE-mail: <a href=\"mailto:office@hydra-components.com\">office@hydra-components.com<\/a>[\/et_pb_text][\/et_pb_column][et_pb_column type=&#8221;1_2&#8243; _builder_version=&#8221;4.16&#8243; custom_padding=&#8221;|||&#8221; global_colors_info=&#8221;{}&#8221; custom_padding__hover=&#8221;|||&#8221;][et_pb_text _builder_version=&#8221;4.16&#8243; global_colors_info=&#8221;{}&#8221;]<\/p>\n<p>HYDRA a.s.<br \/> Prumyslova 1110<br \/> 506 01 Jicin<br \/> Czech Republic<br \/> Tel. +420 493 504 111<br \/> <a href=\"mailto:office@hydra-components.com\">office@hydra-components.com<\/a><\/p>\n<p><img loading=\"lazy\" decoding=\"async\" src=\"https:\/\/www.hydra-components.com\/wp-content\/uploads\/2018\/08\/AEGFoto_big1-300x60.jpg\" width=\"330\" height=\"120\" alt=\"\" class=\"wp-image-206 alignnone size-medium\" \/><\/p>\n<p>[\/et_pb_text][et_pb_divider _builder_version=&#8221;4.16&#8243; global_colors_info=&#8221;{}&#8221;][\/et_pb_divider][\/et_pb_column][\/et_pb_row][\/et_pb_section]<\/p>\n","protected":false},"excerpt":{"rendered":"<p>Jana My\u0161kov\u00e1, Ch\u1ee7 t\u1ecbch \u0111i\u1ec1u h\u00e0nh Tel.: +420 493 504 114 E-mail: jana.myskova@hydra-components.com Ji\u0159\u00ed \u017d\u00e1\u010dek, Ph\u00f3 ch\u1ee7 t\u1ecbch \u0111i\u1ec1u h\u00e0nh Tel.: +420 493 504 111 E-mail: office@hydra-components.com Ad\u00e9la Ku\u010derov\u00e1, tuy\u1ec3n d\u1ee5ng Tel.: +420 493 504 113 E-mail: adela.kucerova@hydra-components.com Ban th\u01b0 k\u00fd Tel.: +420 493 504 111 E-mail: office@hydra-components.comHYDRA a.s. Prumyslova 1110 506 01 Jicin Czech [&hellip;]<\/p>\n","protected":false},"author":1,"featured_media":0,"parent":0,"menu_order":0,"comment_status":"closed","ping_status":"closed","template":"","meta":{"_et_pb_use_builder":"on","_et_pb_old_content":"&nbsp;\r\n<table style=\"border-collapse: collapse; width: 100%;\" border=\"0\">\r\n<tbody>\r\n<tr>\r\n<td style=\"width: 57.2345%;\"><strong>Mr. Zden\u011bk Jindr\u00e1k, <em>Chairman of the Board of Directors<\/em><\/strong>\r\ntel. +420 493 504 135,\r\nzdenek.jindrak@hydra-components.com\r\n\r\n<strong>Mr. Marek Svojanovsk\u00fd, <em>Board of Directors<\/em><\/strong>\r\ntel. +420 493 504 111,\r\noffice@hydra-components.com\r\n\r\n<strong>Mr. Winfried Ollendiek, <em>Director Sales &amp; Marketing<\/em><\/strong>\r\ntel. +49 30 40804 188,\r\nwinfried.ollendiek@hydra-components.de\r\n\r\n<strong>Mrs. So\u0148a Ru\u017eansk\u00e1, <em>HR manager<\/em><\/strong>\r\ntel.+420 493 504 140,\r\nsona.ruzanska@hydra-components.com\r\n\r\n<strong>Secretariat<\/strong>\r\ntel. +420 493 504 111,\r\noffice@hydra-components.com<\/td>\r\n<td style=\"width: 42.7655%;\">HYDRA a.s.\r\nPrumyslova 1110\r\n506 01 Jicin\r\nCzech Republic\r\nTel. +420 493 504 111\r\nFax +420 493 525 179\r\noffice@hydra-components.com<img class=\"alignnone wp-image-206\" src=\"https:\/\/mtoan.com\/wp-content\/uploads\/2018\/08\/AEGFoto_big1-300x60.jpg\" alt=\"\" width=\"319\" height=\"75\" \/><img class=\"alignnone size-medium wp-image-206\" src=\"https:\/\/hydra.vn\/wp-content\/uploads\/2018\/08\/AEGFoto_big1-300x60.jpg\" alt=\"\" width=\"300\" height=\"60\" \/><\/td>\r\n<\/tr>\r\n<\/tbody>\r\n<\/table>\r\n&nbsp;","_et_gb_content_width":"","footnotes":""},"class_list":["post-1487","page","type-page","status-publish","hentry"],"yoast_head":"<!-- This site is optimized with the Yoast SEO plugin v27.4 - https:\/\/yoast.com\/product\/yoast-seo-wordpress\/ -->\n<title>Nh\u00e2n s\u1ef1 qu\u1ea3n l\u00fd - HYDRA a.s.<\/title>\n<meta name=\"robots\" content=\"index, follow, max-snippet:-1, max-image-preview:large, max-video-preview:-1\" \/>\n<link rel=\"canonical\" href=\"https:\/\/www.hydra-components.com\/vi\/nhan-su-quan-ly\/\" \/>\n<meta property=\"og:locale\" content=\"vi_VN\" \/>\n<meta property=\"og:type\" content=\"article\" \/>\n<meta property=\"og:title\" content=\"Nh\u00e2n s\u1ef1 qu\u1ea3n l\u00fd - HYDRA a.s.\" \/>\n<meta property=\"og:description\" content=\"Jana My\u0161kov\u00e1, Ch\u1ee7 t\u1ecbch \u0111i\u1ec1u h\u00e0nh Tel.: +420 493 504 114 E-mail: jana.myskova@hydra-components.com Ji\u0159\u00ed \u017d\u00e1\u010dek, Ph\u00f3 ch\u1ee7 t\u1ecbch \u0111i\u1ec1u h\u00e0nh Tel.: +420 493 504 111 E-mail: office@hydra-components.com Ad\u00e9la Ku\u010derov\u00e1, tuy\u1ec3n d\u1ee5ng Tel.: +420 493 504 113 E-mail: adela.kucerova@hydra-components.com Ban th\u01b0 k\u00fd Tel.: +420 493 504 111 E-mail: office@hydra-components.comHYDRA a.s. Prumyslova 1110 506 01 Jicin Czech [&hellip;]\" \/>\n<meta property=\"og:url\" content=\"https:\/\/www.hydra-components.com\/vi\/nhan-su-quan-ly\/\" \/>\n<meta property=\"og:site_name\" content=\"HYDRA a.s.\" \/>\n<meta property=\"article:modified_time\" content=\"2024-05-09T12:12:30+00:00\" \/>\n<meta property=\"og:image\" content=\"https:\/\/www.hydra-components.com\/wp-content\/uploads\/2018\/08\/AEGFoto_big1-300x60.jpg\" \/>\n<meta name=\"twitter:card\" content=\"summary_large_image\" \/>\n<meta name=\"twitter:label1\" content=\"Est. reading time\" \/>\n\t<meta name=\"twitter:data1\" content=\"1 minute\" \/>\n<script type=\"application\/ld+json\" class=\"yoast-schema-graph\">{\"@context\":\"https:\\\/\\\/schema.org\",\"@graph\":[{\"@type\":\"WebPage\",\"@id\":\"https:\\\/\\\/www.hydra-components.com\\\/vi\\\/nhan-su-quan-ly\\\/\",\"url\":\"https:\\\/\\\/www.hydra-components.com\\\/vi\\\/nhan-su-quan-ly\\\/\",\"name\":\"Nh\u00e2n s\u1ef1 qu\u1ea3n l\u00fd - HYDRA a.s.\",\"isPartOf\":{\"@id\":\"https:\\\/\\\/www.hydra-components.com\\\/#website\"},\"primaryImageOfPage\":{\"@id\":\"https:\\\/\\\/www.hydra-components.com\\\/vi\\\/nhan-su-quan-ly\\\/#primaryimage\"},\"image\":{\"@id\":\"https:\\\/\\\/www.hydra-components.com\\\/vi\\\/nhan-su-quan-ly\\\/#primaryimage\"},\"thumbnailUrl\":\"https:\\\/\\\/www.hydra-components.com\\\/wp-content\\\/uploads\\\/2018\\\/08\\\/AEGFoto_big1-300x60.jpg\",\"datePublished\":\"2019-04-24T07:31:48+00:00\",\"dateModified\":\"2024-05-09T12:12:30+00:00\",\"breadcrumb\":{\"@id\":\"https:\\\/\\\/www.hydra-components.com\\\/vi\\\/nhan-su-quan-ly\\\/#breadcrumb\"},\"inLanguage\":\"vi-VN\",\"potentialAction\":[{\"@type\":\"ReadAction\",\"target\":[\"https:\\\/\\\/www.hydra-components.com\\\/vi\\\/nhan-su-quan-ly\\\/\"]}]},{\"@type\":\"ImageObject\",\"inLanguage\":\"vi-VN\",\"@id\":\"https:\\\/\\\/www.hydra-components.com\\\/vi\\\/nhan-su-quan-ly\\\/#primaryimage\",\"url\":\"https:\\\/\\\/www.hydra-components.com\\\/wp-content\\\/uploads\\\/2018\\\/08\\\/AEGFoto_big1-300x60.jpg\",\"contentUrl\":\"https:\\\/\\\/www.hydra-components.com\\\/wp-content\\\/uploads\\\/2018\\\/08\\\/AEGFoto_big1-300x60.jpg\"},{\"@type\":\"BreadcrumbList\",\"@id\":\"https:\\\/\\\/www.hydra-components.com\\\/vi\\\/nhan-su-quan-ly\\\/#breadcrumb\",\"itemListElement\":[{\"@type\":\"ListItem\",\"position\":1,\"name\":\"Home\",\"item\":\"https:\\\/\\\/www.hydra-components.com\\\/vi\\\/\"},{\"@type\":\"ListItem\",\"position\":2,\"name\":\"Nh\u00e2n s\u1ef1 qu\u1ea3n l\u00fd\"}]},{\"@type\":\"WebSite\",\"@id\":\"https:\\\/\\\/www.hydra-components.com\\\/#website\",\"url\":\"https:\\\/\\\/www.hydra-components.com\\\/\",\"name\":\"HYDRA a.s. | Highest Quality Capacitors\",\"description\":\"Highest Quality Capacitors\",\"publisher\":{\"@id\":\"https:\\\/\\\/www.hydra-components.com\\\/#organization\"},\"potentialAction\":[{\"@type\":\"SearchAction\",\"target\":{\"@type\":\"EntryPoint\",\"urlTemplate\":\"https:\\\/\\\/www.hydra-components.com\\\/?s={search_term_string}\"},\"query-input\":{\"@type\":\"PropertyValueSpecification\",\"valueRequired\":true,\"valueName\":\"search_term_string\"}}],\"inLanguage\":\"vi-VN\"},{\"@type\":\"Organization\",\"@id\":\"https:\\\/\\\/www.hydra-components.com\\\/#organization\",\"name\":\"HYDRA a.s.\",\"url\":\"https:\\\/\\\/www.hydra-components.com\\\/\",\"logo\":{\"@type\":\"ImageObject\",\"inLanguage\":\"vi-VN\",\"@id\":\"https:\\\/\\\/www.hydra-components.com\\\/#\\\/schema\\\/logo\\\/image\\\/\",\"url\":\"https:\\\/\\\/www.hydra-components.com\\\/wp-content\\\/uploads\\\/2019\\\/03\\\/Hydra-with-R.jpg\",\"contentUrl\":\"https:\\\/\\\/www.hydra-components.com\\\/wp-content\\\/uploads\\\/2019\\\/03\\\/Hydra-with-R.jpg\",\"width\":360,\"height\":66,\"caption\":\"HYDRA a.s.\"},\"image\":{\"@id\":\"https:\\\/\\\/www.hydra-components.com\\\/#\\\/schema\\\/logo\\\/image\\\/\"}}]}<\/script>\n<!-- \/ Yoast SEO plugin. -->","yoast_head_json":{"title":"Nh\u00e2n s\u1ef1 qu\u1ea3n l\u00fd - HYDRA a.s.","robots":{"index":"index","follow":"follow","max-snippet":"max-snippet:-1","max-image-preview":"max-image-preview:large","max-video-preview":"max-video-preview:-1"},"canonical":"https:\/\/www.hydra-components.com\/vi\/nhan-su-quan-ly\/","og_locale":"vi_VN","og_type":"article","og_title":"Nh\u00e2n s\u1ef1 qu\u1ea3n l\u00fd - HYDRA a.s.","og_description":"Jana My\u0161kov\u00e1, Ch\u1ee7 t\u1ecbch \u0111i\u1ec1u h\u00e0nh Tel.: +420 493 504 114 E-mail: jana.myskova@hydra-components.com Ji\u0159\u00ed \u017d\u00e1\u010dek, Ph\u00f3 ch\u1ee7 t\u1ecbch \u0111i\u1ec1u h\u00e0nh Tel.: +420 493 504 111 E-mail: office@hydra-components.com Ad\u00e9la Ku\u010derov\u00e1, tuy\u1ec3n d\u1ee5ng Tel.: +420 493 504 113 E-mail: adela.kucerova@hydra-components.com Ban th\u01b0 k\u00fd Tel.: +420 493 504 111 E-mail: office@hydra-components.comHYDRA a.s. Prumyslova 1110 506 01 Jicin Czech [&hellip;]","og_url":"https:\/\/www.hydra-components.com\/vi\/nhan-su-quan-ly\/","og_site_name":"HYDRA a.s.","article_modified_time":"2024-05-09T12:12:30+00:00","og_image":[{"url":"https:\/\/www.hydra-components.com\/wp-content\/uploads\/2018\/08\/AEGFoto_big1-300x60.jpg","type":"","width":"","height":""}],"twitter_card":"summary_large_image","twitter_misc":{"Est. reading time":"1 minute"},"schema":{"@context":"https:\/\/schema.org","@graph":[{"@type":"WebPage","@id":"https:\/\/www.hydra-components.com\/vi\/nhan-su-quan-ly\/","url":"https:\/\/www.hydra-components.com\/vi\/nhan-su-quan-ly\/","name":"Nh\u00e2n s\u1ef1 qu\u1ea3n l\u00fd - HYDRA a.s.","isPartOf":{"@id":"https:\/\/www.hydra-components.com\/#website"},"primaryImageOfPage":{"@id":"https:\/\/www.hydra-components.com\/vi\/nhan-su-quan-ly\/#primaryimage"},"image":{"@id":"https:\/\/www.hydra-components.com\/vi\/nhan-su-quan-ly\/#primaryimage"},"thumbnailUrl":"https:\/\/www.hydra-components.com\/wp-content\/uploads\/2018\/08\/AEGFoto_big1-300x60.jpg","datePublished":"2019-04-24T07:31:48+00:00","dateModified":"2024-05-09T12:12:30+00:00","breadcrumb":{"@id":"https:\/\/www.hydra-components.com\/vi\/nhan-su-quan-ly\/#breadcrumb"},"inLanguage":"vi-VN","potentialAction":[{"@type":"ReadAction","target":["https:\/\/www.hydra-components.com\/vi\/nhan-su-quan-ly\/"]}]},{"@type":"ImageObject","inLanguage":"vi-VN","@id":"https:\/\/www.hydra-components.com\/vi\/nhan-su-quan-ly\/#primaryimage","url":"https:\/\/www.hydra-components.com\/wp-content\/uploads\/2018\/08\/AEGFoto_big1-300x60.jpg","contentUrl":"https:\/\/www.hydra-components.com\/wp-content\/uploads\/2018\/08\/AEGFoto_big1-300x60.jpg"},{"@type":"BreadcrumbList","@id":"https:\/\/www.hydra-components.com\/vi\/nhan-su-quan-ly\/#breadcrumb","itemListElement":[{"@type":"ListItem","position":1,"name":"Home","item":"https:\/\/www.hydra-components.com\/vi\/"},{"@type":"ListItem","position":2,"name":"Nh\u00e2n s\u1ef1 qu\u1ea3n l\u00fd"}]},{"@type":"WebSite","@id":"https:\/\/www.hydra-components.com\/#website","url":"https:\/\/www.hydra-components.com\/","name":"HYDRA a.s. | Highest Quality Capacitors","description":"Highest Quality Capacitors","publisher":{"@id":"https:\/\/www.hydra-components.com\/#organization"},"potentialAction":[{"@type":"SearchAction","target":{"@type":"EntryPoint","urlTemplate":"https:\/\/www.hydra-components.com\/?s={search_term_string}"},"query-input":{"@type":"PropertyValueSpecification","valueRequired":true,"valueName":"search_term_string"}}],"inLanguage":"vi-VN"},{"@type":"Organization","@id":"https:\/\/www.hydra-components.com\/#organization","name":"HYDRA a.s.","url":"https:\/\/www.hydra-components.com\/","logo":{"@type":"ImageObject","inLanguage":"vi-VN","@id":"https:\/\/www.hydra-components.com\/#\/schema\/logo\/image\/","url":"https:\/\/www.hydra-components.com\/wp-content\/uploads\/2019\/03\/Hydra-with-R.jpg","contentUrl":"https:\/\/www.hydra-components.com\/wp-content\/uploads\/2019\/03\/Hydra-with-R.jpg","width":360,"height":66,"caption":"HYDRA a.s."},"image":{"@id":"https:\/\/www.hydra-components.com\/#\/schema\/logo\/image\/"}}]}},"_links":{"self":[{"href":"https:\/\/www.hydra-components.com\/vi\/wp-json\/wp\/v2\/pages\/1487","targetHints":{"allow":["GET"]}}],"collection":[{"href":"https:\/\/www.hydra-components.com\/vi\/wp-json\/wp\/v2\/pages"}],"about":[{"href":"https:\/\/www.hydra-components.com\/vi\/wp-json\/wp\/v2\/types\/page"}],"author":[{"embeddable":true,"href":"https:\/\/www.hydra-components.com\/vi\/wp-json\/wp\/v2\/users\/1"}],"replies":[{"embeddable":true,"href":"https:\/\/www.hydra-components.com\/vi\/wp-json\/wp\/v2\/comments?post=1487"}],"version-history":[{"count":11,"href":"https:\/\/www.hydra-components.com\/vi\/wp-json\/wp\/v2\/pages\/1487\/revisions"}],"predecessor-version":[{"id":4723,"href":"https:\/\/www.hydra-components.com\/vi\/wp-json\/wp\/v2\/pages\/1487\/revisions\/4723"}],"wp:attachment":[{"href":"https:\/\/www.hydra-components.com\/vi\/wp-json\/wp\/v2\/media?parent=1487"}],"curies":[{"name":"wp","href":"https:\/\/api.w.org\/{rel}","templated":true}]}}