{"id":1492,"date":"2019-04-24T07:37:42","date_gmt":"2019-04-24T07:37:42","guid":{"rendered":"https:\/\/hydra.vn\/tu-hieu-chinh-cong-suat\/"},"modified":"2024-05-09T12:18:35","modified_gmt":"2024-05-09T11:18:35","slug":"tu-dien-hieu-chinh-he-so-cong-suat","status":"publish","type":"page","link":"https:\/\/www.hydra-components.com\/vi\/tu-dien-hieu-chinh-he-so-cong-suat\/","title":{"rendered":"T\u1ee5 hi\u1ec7u ch\u1ec9nh c\u00f4ng su\u1ea5t"},"content":{"rendered":"<p>[et_pb_section fb_built=&#8221;1&#8243; admin_label=&#8221;section&#8221; _builder_version=&#8221;4.16&#8243; global_colors_info=&#8221;{}&#8221;][et_pb_row admin_label=&#8221;row&#8221; _builder_version=&#8221;4.16&#8243; background_size=&#8221;initial&#8221; background_position=&#8221;top_left&#8221; background_repeat=&#8221;repeat&#8221; global_colors_info=&#8221;{}&#8221;][et_pb_column type=&#8221;4_4&#8243; _builder_version=&#8221;4.16&#8243; custom_padding=&#8221;|||&#8221; global_colors_info=&#8221;{}&#8221; custom_padding__hover=&#8221;|||&#8221;][et_pb_text admin_label=&#8221;Text&#8221; _builder_version=&#8221;4.23.4&#8243; background_size=&#8221;initial&#8221; background_position=&#8221;top_left&#8221; background_repeat=&#8221;repeat&#8221; hover_enabled=&#8221;0&#8243; global_colors_info=&#8221;{}&#8221; sticky_enabled=&#8221;0&#8243;]<\/p>\n<h3>T\u1ee5 \u0111i\u1ec7n hi\u1ec7u ch\u1ec9nh h\u1ec7 s\u1ed1 c\u00f4ng su\u1ea5t<\/h3>\n<p style=\"text-align: justify;\">T\u1ee5 b\u00f9 (T\u1ee5 \u0111i\u1ec7n \u0111i\u1ec1u ch\u1ec9nh h\u1ec7 s\u1ed1 c\u00f4ng su\u1ea5t &#8211; PFC) \u0111\u01b0\u1ee3c s\u1eed d\u1ee5ng \u0111\u1ec3 gi\u1ea3m c\u00f4ng su\u1ea5t ph\u1ea3n kh\u00e1ng (\u0111\u01b0\u1ee3c t\u1ea1o ra b\u1edfi c\u00e1c m\u00e1y m\u00f3c s\u1ea3n xu\u1ea5t v\u00e0 l\u00e0m t\u0103ng t\u1ea3i l\u01b0\u1edbi \u0111i\u1ec7n). Lo\u1ea1i t\u1ee5 \u0111i\u1ec7n n\u00e0y \u0111\u01b0\u1ee3c s\u1eed d\u1ee5ng tr\u00ean to\u00e0n th\u1ebf gi\u1edbi. Hydra s\u1ea3n xu\u1ea5t c\u00e1c t\u1ee5 B\u00f9 PFC h\u00ecnh tr\u1ee5 1 ho\u1eb7c 3 pha v\u1edbi c\u00f4ng su\u1ea5t l\u00ean \u0111\u1ebfn 50 kvar. T\u1ea5t c\u1ea3 c\u00e1c t\u1ee5 b\u00f9 \u0111\u01b0\u1ee3c trang b\u1ecb m\u1ed9t c\u1ea7u ch\u00ec qu\u00e1 \u00e1p v\u00e0 \u0111\u01b0\u1ee3c \u0111\u1ed5 \u0111\u1ea7y d\u1ea7u ho\u1eb7c kh\u00ed \u0111\u1ec3 c\u00f3 ch\u1ea5t l\u01b0\u1ee3ng v\u00e0 an to\u00e0n cao nh\u1ea5t.<\/p>\n<p>[\/et_pb_text][et_pb_gallery gallery_ids=&#8221;994,998&#8243; posts_number=&#8221;2&#8243; orientation=&#8221;portrait&#8221; show_title_and_caption=&#8221;off&#8221; _builder_version=&#8221;4.16&#8243; global_colors_info=&#8221;{}&#8221;][\/et_pb_gallery][et_pb_text _builder_version=&#8221;4.16&#8243; global_colors_info=&#8221;{}&#8221;]<\/p>\n<p>\u00a0 Hydra s\u1ea3n xu\u1ea5t ch\u00ednh x\u00e1c h\u1ea7u h\u1ebft c\u00e1c t\u1ee5 \u0111i\u1ec7n theo y\u00eau c\u1ea7u c\u1ee7a kh\u00e1ch h\u00e0ng v\u00e0 Hydra c\u0169ng c\u00f3 th\u1ec3 linh ho\u1ea1t \u0111\u1ec3 cung c\u1ea5p s\u1ed1 l\u01b0\u1ee3ng nh\u1ecf h\u01a1n m\u00e0 kh\u00e1ch h\u00e0ng kh\u00f4ng ph\u1ea3i tr\u1ea3 th\u00eam chi ph\u00ed. V\u00ec Hydra s\u1ea3n xu\u1ea5t h\u1ea7u h\u1ebft c\u00e1c t\u1ee5 \u0111i\u1ec7n t\u00f9y ch\u1ec9nh, kh\u00f4ng c\u00f3 ti\u00eau chu\u1ea9n chung. Tuy nhi\u00ean, b\u1ea1n c\u00f3 th\u1ec3 t\u00ecm th\u1ea5y danh m\u1ee5c s\u1ea3n ph\u1ea9m c\u1ee7a ch\u00fang t\u00f4i v\u1edbi t\u1ea5t c\u1ea3 c\u00e1c th\u00f4ng tin v\u1ec1 c\u00e1c lo\u1ea1i kh\u00e1c nhau v\u00e0 k\u00edch c\u1ee1 c\u00f3 th\u1ec3 c\u00f3 tr\u00ean trang web s\u1ea3n ph\u1ea9m c\u1ee7a ch\u00fang t\u00f4i: <a href=\"https:\/\/hydra.vn\/vi\/catalogues\/\">https:\/\/hydra.vn\/catalogues\/<\/a> <img loading=\"lazy\" decoding=\"async\" src=\"http:\/\/www.hydra-components.cz\/en\/images\/odd.gif\" width=\"20\" height=\"10\" border=\"0\" \/> \u00a0\u00a0T\u1ee5 hi\u1ec7u ch\u1ec9nh c\u00f4ng su\u1ea5t <a href=\"https:\/\/hydra.vn\/wp-content\/uploads\/2019\/02\/PFC_EN_DE_2019.pdf\" rel=\"attachment wp-att-1116\">PFC_EN_DE_2019<\/a><\/p>\n<p>[\/et_pb_text][\/et_pb_column][\/et_pb_row][\/et_pb_section]<\/p>\n","protected":false},"excerpt":{"rendered":"<p>T\u1ee5 \u0111i\u1ec7n hi\u1ec7u ch\u1ec9nh h\u1ec7 s\u1ed1 c\u00f4ng su\u1ea5t T\u1ee5 b\u00f9 (T\u1ee5 \u0111i\u1ec7n \u0111i\u1ec1u ch\u1ec9nh h\u1ec7 s\u1ed1 c\u00f4ng su\u1ea5t &#8211; PFC) \u0111\u01b0\u1ee3c s\u1eed d\u1ee5ng \u0111\u1ec3 gi\u1ea3m c\u00f4ng su\u1ea5t ph\u1ea3n kh\u00e1ng (\u0111\u01b0\u1ee3c t\u1ea1o ra b\u1edfi c\u00e1c m\u00e1y m\u00f3c s\u1ea3n xu\u1ea5t v\u00e0 l\u00e0m t\u0103ng t\u1ea3i l\u01b0\u1edbi \u0111i\u1ec7n). Lo\u1ea1i t\u1ee5 \u0111i\u1ec7n n\u00e0y \u0111\u01b0\u1ee3c s\u1eed d\u1ee5ng tr\u00ean to\u00e0n th\u1ebf gi\u1edbi. [&hellip;]<\/p>\n","protected":false},"author":1,"featured_media":0,"parent":0,"menu_order":0,"comment_status":"closed","ping_status":"closed","template":"","meta":{"_et_pb_use_builder":"on","_et_pb_old_content":"","_et_gb_content_width":"","footnotes":""},"class_list":["post-1492","page","type-page","status-publish","hentry"],"yoast_head":"<!-- This site is optimized with the Yoast SEO plugin v27.4 - https:\/\/yoast.com\/product\/yoast-seo-wordpress\/ -->\n<title>T\u1ee5 hi\u1ec7u ch\u1ec9nh c\u00f4ng su\u1ea5t - HYDRA a.s.<\/title>\n<meta name=\"robots\" content=\"index, follow, max-snippet:-1, max-image-preview:large, max-video-preview:-1\" \/>\n<link rel=\"canonical\" href=\"https:\/\/www.hydra-components.com\/vi\/tu-dien-hieu-chinh-he-so-cong-suat\/\" \/>\n<meta property=\"og:locale\" content=\"vi_VN\" \/>\n<meta property=\"og:type\" content=\"article\" \/>\n<meta property=\"og:title\" content=\"T\u1ee5 hi\u1ec7u ch\u1ec9nh c\u00f4ng su\u1ea5t - HYDRA a.s.\" \/>\n<meta property=\"og:description\" content=\"T\u1ee5 \u0111i\u1ec7n hi\u1ec7u ch\u1ec9nh h\u1ec7 s\u1ed1 c\u00f4ng su\u1ea5t T\u1ee5 b\u00f9 (T\u1ee5 \u0111i\u1ec7n \u0111i\u1ec1u ch\u1ec9nh h\u1ec7 s\u1ed1 c\u00f4ng su\u1ea5t - PFC) \u0111\u01b0\u1ee3c s\u1eed d\u1ee5ng \u0111\u1ec3 gi\u1ea3m c\u00f4ng su\u1ea5t ph\u1ea3n kh\u00e1ng (\u0111\u01b0\u1ee3c t\u1ea1o ra b\u1edfi c\u00e1c m\u00e1y m\u00f3c s\u1ea3n xu\u1ea5t v\u00e0 l\u00e0m t\u0103ng t\u1ea3i l\u01b0\u1edbi \u0111i\u1ec7n). Lo\u1ea1i t\u1ee5 \u0111i\u1ec7n n\u00e0y \u0111\u01b0\u1ee3c s\u1eed d\u1ee5ng tr\u00ean to\u00e0n th\u1ebf gi\u1edbi. [&hellip;]\" \/>\n<meta property=\"og:url\" content=\"https:\/\/www.hydra-components.com\/vi\/tu-dien-hieu-chinh-he-so-cong-suat\/\" \/>\n<meta property=\"og:site_name\" content=\"HYDRA a.s.\" \/>\n<meta property=\"article:modified_time\" content=\"2024-05-09T11:18:35+00:00\" \/>\n<meta property=\"og:image\" content=\"http:\/\/www.hydra-components.cz\/en\/images\/odd.gif\" \/>\n<meta name=\"twitter:card\" content=\"summary_large_image\" \/>\n<meta name=\"twitter:label1\" content=\"Est. reading time\" \/>\n\t<meta name=\"twitter:data1\" content=\"2 minutes\" \/>\n<script type=\"application\/ld+json\" class=\"yoast-schema-graph\">{\"@context\":\"https:\\\/\\\/schema.org\",\"@graph\":[{\"@type\":\"WebPage\",\"@id\":\"https:\\\/\\\/www.hydra-components.com\\\/vi\\\/tu-dien-hieu-chinh-he-so-cong-suat\\\/\",\"url\":\"https:\\\/\\\/www.hydra-components.com\\\/vi\\\/tu-dien-hieu-chinh-he-so-cong-suat\\\/\",\"name\":\"T\u1ee5 hi\u1ec7u ch\u1ec9nh c\u00f4ng su\u1ea5t - HYDRA a.s.\",\"isPartOf\":{\"@id\":\"https:\\\/\\\/www.hydra-components.com\\\/#website\"},\"primaryImageOfPage\":{\"@id\":\"https:\\\/\\\/www.hydra-components.com\\\/vi\\\/tu-dien-hieu-chinh-he-so-cong-suat\\\/#primaryimage\"},\"image\":{\"@id\":\"https:\\\/\\\/www.hydra-components.com\\\/vi\\\/tu-dien-hieu-chinh-he-so-cong-suat\\\/#primaryimage\"},\"thumbnailUrl\":\"http:\\\/\\\/www.hydra-components.cz\\\/en\\\/images\\\/odd.gif\",\"datePublished\":\"2019-04-24T07:37:42+00:00\",\"dateModified\":\"2024-05-09T11:18:35+00:00\",\"breadcrumb\":{\"@id\":\"https:\\\/\\\/www.hydra-components.com\\\/vi\\\/tu-dien-hieu-chinh-he-so-cong-suat\\\/#breadcrumb\"},\"inLanguage\":\"vi-VN\",\"potentialAction\":[{\"@type\":\"ReadAction\",\"target\":[\"https:\\\/\\\/www.hydra-components.com\\\/vi\\\/tu-dien-hieu-chinh-he-so-cong-suat\\\/\"]}]},{\"@type\":\"ImageObject\",\"inLanguage\":\"vi-VN\",\"@id\":\"https:\\\/\\\/www.hydra-components.com\\\/vi\\\/tu-dien-hieu-chinh-he-so-cong-suat\\\/#primaryimage\",\"url\":\"http:\\\/\\\/www.hydra-components.cz\\\/en\\\/images\\\/odd.gif\",\"contentUrl\":\"http:\\\/\\\/www.hydra-components.cz\\\/en\\\/images\\\/odd.gif\"},{\"@type\":\"BreadcrumbList\",\"@id\":\"https:\\\/\\\/www.hydra-components.com\\\/vi\\\/tu-dien-hieu-chinh-he-so-cong-suat\\\/#breadcrumb\",\"itemListElement\":[{\"@type\":\"ListItem\",\"position\":1,\"name\":\"Home\",\"item\":\"https:\\\/\\\/www.hydra-components.com\\\/vi\\\/\"},{\"@type\":\"ListItem\",\"position\":2,\"name\":\"T\u1ee5 hi\u1ec7u ch\u1ec9nh c\u00f4ng su\u1ea5t\"}]},{\"@type\":\"WebSite\",\"@id\":\"https:\\\/\\\/www.hydra-components.com\\\/#website\",\"url\":\"https:\\\/\\\/www.hydra-components.com\\\/\",\"name\":\"HYDRA a.s. | Highest Quality Capacitors\",\"description\":\"Highest Quality Capacitors\",\"publisher\":{\"@id\":\"https:\\\/\\\/www.hydra-components.com\\\/#organization\"},\"potentialAction\":[{\"@type\":\"SearchAction\",\"target\":{\"@type\":\"EntryPoint\",\"urlTemplate\":\"https:\\\/\\\/www.hydra-components.com\\\/?s={search_term_string}\"},\"query-input\":{\"@type\":\"PropertyValueSpecification\",\"valueRequired\":true,\"valueName\":\"search_term_string\"}}],\"inLanguage\":\"vi-VN\"},{\"@type\":\"Organization\",\"@id\":\"https:\\\/\\\/www.hydra-components.com\\\/#organization\",\"name\":\"HYDRA a.s.\",\"url\":\"https:\\\/\\\/www.hydra-components.com\\\/\",\"logo\":{\"@type\":\"ImageObject\",\"inLanguage\":\"vi-VN\",\"@id\":\"https:\\\/\\\/www.hydra-components.com\\\/#\\\/schema\\\/logo\\\/image\\\/\",\"url\":\"https:\\\/\\\/www.hydra-components.com\\\/wp-content\\\/uploads\\\/2019\\\/03\\\/Hydra-with-R.jpg\",\"contentUrl\":\"https:\\\/\\\/www.hydra-components.com\\\/wp-content\\\/uploads\\\/2019\\\/03\\\/Hydra-with-R.jpg\",\"width\":360,\"height\":66,\"caption\":\"HYDRA a.s.\"},\"image\":{\"@id\":\"https:\\\/\\\/www.hydra-components.com\\\/#\\\/schema\\\/logo\\\/image\\\/\"}}]}<\/script>\n<!-- \/ Yoast SEO plugin. -->","yoast_head_json":{"title":"T\u1ee5 hi\u1ec7u ch\u1ec9nh c\u00f4ng su\u1ea5t - HYDRA a.s.","robots":{"index":"index","follow":"follow","max-snippet":"max-snippet:-1","max-image-preview":"max-image-preview:large","max-video-preview":"max-video-preview:-1"},"canonical":"https:\/\/www.hydra-components.com\/vi\/tu-dien-hieu-chinh-he-so-cong-suat\/","og_locale":"vi_VN","og_type":"article","og_title":"T\u1ee5 hi\u1ec7u ch\u1ec9nh c\u00f4ng su\u1ea5t - HYDRA a.s.","og_description":"T\u1ee5 \u0111i\u1ec7n hi\u1ec7u ch\u1ec9nh h\u1ec7 s\u1ed1 c\u00f4ng su\u1ea5t T\u1ee5 b\u00f9 (T\u1ee5 \u0111i\u1ec7n \u0111i\u1ec1u ch\u1ec9nh h\u1ec7 s\u1ed1 c\u00f4ng su\u1ea5t - PFC) \u0111\u01b0\u1ee3c s\u1eed d\u1ee5ng \u0111\u1ec3 gi\u1ea3m c\u00f4ng su\u1ea5t ph\u1ea3n kh\u00e1ng (\u0111\u01b0\u1ee3c t\u1ea1o ra b\u1edfi c\u00e1c m\u00e1y m\u00f3c s\u1ea3n xu\u1ea5t v\u00e0 l\u00e0m t\u0103ng t\u1ea3i l\u01b0\u1edbi \u0111i\u1ec7n). Lo\u1ea1i t\u1ee5 \u0111i\u1ec7n n\u00e0y \u0111\u01b0\u1ee3c s\u1eed d\u1ee5ng tr\u00ean to\u00e0n th\u1ebf gi\u1edbi. [&hellip;]","og_url":"https:\/\/www.hydra-components.com\/vi\/tu-dien-hieu-chinh-he-so-cong-suat\/","og_site_name":"HYDRA a.s.","article_modified_time":"2024-05-09T11:18:35+00:00","og_image":[{"url":"http:\/\/www.hydra-components.cz\/en\/images\/odd.gif","type":"","width":"","height":""}],"twitter_card":"summary_large_image","twitter_misc":{"Est. reading time":"2 minutes"},"schema":{"@context":"https:\/\/schema.org","@graph":[{"@type":"WebPage","@id":"https:\/\/www.hydra-components.com\/vi\/tu-dien-hieu-chinh-he-so-cong-suat\/","url":"https:\/\/www.hydra-components.com\/vi\/tu-dien-hieu-chinh-he-so-cong-suat\/","name":"T\u1ee5 hi\u1ec7u ch\u1ec9nh c\u00f4ng su\u1ea5t - HYDRA a.s.","isPartOf":{"@id":"https:\/\/www.hydra-components.com\/#website"},"primaryImageOfPage":{"@id":"https:\/\/www.hydra-components.com\/vi\/tu-dien-hieu-chinh-he-so-cong-suat\/#primaryimage"},"image":{"@id":"https:\/\/www.hydra-components.com\/vi\/tu-dien-hieu-chinh-he-so-cong-suat\/#primaryimage"},"thumbnailUrl":"http:\/\/www.hydra-components.cz\/en\/images\/odd.gif","datePublished":"2019-04-24T07:37:42+00:00","dateModified":"2024-05-09T11:18:35+00:00","breadcrumb":{"@id":"https:\/\/www.hydra-components.com\/vi\/tu-dien-hieu-chinh-he-so-cong-suat\/#breadcrumb"},"inLanguage":"vi-VN","potentialAction":[{"@type":"ReadAction","target":["https:\/\/www.hydra-components.com\/vi\/tu-dien-hieu-chinh-he-so-cong-suat\/"]}]},{"@type":"ImageObject","inLanguage":"vi-VN","@id":"https:\/\/www.hydra-components.com\/vi\/tu-dien-hieu-chinh-he-so-cong-suat\/#primaryimage","url":"http:\/\/www.hydra-components.cz\/en\/images\/odd.gif","contentUrl":"http:\/\/www.hydra-components.cz\/en\/images\/odd.gif"},{"@type":"BreadcrumbList","@id":"https:\/\/www.hydra-components.com\/vi\/tu-dien-hieu-chinh-he-so-cong-suat\/#breadcrumb","itemListElement":[{"@type":"ListItem","position":1,"name":"Home","item":"https:\/\/www.hydra-components.com\/vi\/"},{"@type":"ListItem","position":2,"name":"T\u1ee5 hi\u1ec7u ch\u1ec9nh c\u00f4ng su\u1ea5t"}]},{"@type":"WebSite","@id":"https:\/\/www.hydra-components.com\/#website","url":"https:\/\/www.hydra-components.com\/","name":"HYDRA a.s. | Highest Quality Capacitors","description":"Highest Quality Capacitors","publisher":{"@id":"https:\/\/www.hydra-components.com\/#organization"},"potentialAction":[{"@type":"SearchAction","target":{"@type":"EntryPoint","urlTemplate":"https:\/\/www.hydra-components.com\/?s={search_term_string}"},"query-input":{"@type":"PropertyValueSpecification","valueRequired":true,"valueName":"search_term_string"}}],"inLanguage":"vi-VN"},{"@type":"Organization","@id":"https:\/\/www.hydra-components.com\/#organization","name":"HYDRA a.s.","url":"https:\/\/www.hydra-components.com\/","logo":{"@type":"ImageObject","inLanguage":"vi-VN","@id":"https:\/\/www.hydra-components.com\/#\/schema\/logo\/image\/","url":"https:\/\/www.hydra-components.com\/wp-content\/uploads\/2019\/03\/Hydra-with-R.jpg","contentUrl":"https:\/\/www.hydra-components.com\/wp-content\/uploads\/2019\/03\/Hydra-with-R.jpg","width":360,"height":66,"caption":"HYDRA a.s."},"image":{"@id":"https:\/\/www.hydra-components.com\/#\/schema\/logo\/image\/"}}]}},"_links":{"self":[{"href":"https:\/\/www.hydra-components.com\/vi\/wp-json\/wp\/v2\/pages\/1492","targetHints":{"allow":["GET"]}}],"collection":[{"href":"https:\/\/www.hydra-components.com\/vi\/wp-json\/wp\/v2\/pages"}],"about":[{"href":"https:\/\/www.hydra-components.com\/vi\/wp-json\/wp\/v2\/types\/page"}],"author":[{"embeddable":true,"href":"https:\/\/www.hydra-components.com\/vi\/wp-json\/wp\/v2\/users\/1"}],"replies":[{"embeddable":true,"href":"https:\/\/www.hydra-components.com\/vi\/wp-json\/wp\/v2\/comments?post=1492"}],"version-history":[{"count":8,"href":"https:\/\/www.hydra-components.com\/vi\/wp-json\/wp\/v2\/pages\/1492\/revisions"}],"predecessor-version":[{"id":4704,"href":"https:\/\/www.hydra-components.com\/vi\/wp-json\/wp\/v2\/pages\/1492\/revisions\/4704"}],"wp:attachment":[{"href":"https:\/\/www.hydra-components.com\/vi\/wp-json\/wp\/v2\/media?parent=1492"}],"curies":[{"name":"wp","href":"https:\/\/api.w.org\/{rel}","templated":true}]}}