{"id":1494,"date":"2019-04-24T07:39:20","date_gmt":"2019-04-24T07:39:20","guid":{"rendered":"https:\/\/hydra.vn\/tu-loc\/"},"modified":"2019-04-24T07:39:20","modified_gmt":"2019-04-24T07:39:20","slug":"tu-loc","status":"publish","type":"page","link":"https:\/\/www.hydra-components.com\/vi\/tu-loc\/","title":{"rendered":"T\u1ee5 l\u1ecdc"},"content":{"rendered":"<p>[et_pb_section fb_built=&#8221;1&#8243; admin_label=&#8221;section&#8221; _builder_version=&#8221;3.0.47&#8243;][et_pb_row admin_label=&#8221;row&#8221; _builder_version=&#8221;3.0.48&#8243; background_size=&#8221;initial&#8221; background_position=&#8221;top_left&#8221; background_repeat=&#8221;repeat&#8221;][et_pb_column type=&#8221;4_4&#8243; _builder_version=&#8221;3.0.47&#8243;][et_pb_text admin_label=&#8221;Text&#8221; _builder_version=&#8221;3.19.13&#8243; background_size=&#8221;initial&#8221; background_position=&#8221;top_left&#8221; background_repeat=&#8221;repeat&#8221;]<\/p>\n<h3>T\u1ee5 l\u1ecdc<\/h3>\n<p style=\"text-align: justify;\">T\u1ee5 l\u1ecdc \u0111\u01b0\u1ee3c s\u1eed d\u1ee5ng \u0111\u1ec3 l\u1ecdc c\u00e1c t\u1ea7n s\u1ed1 kh\u00f4ng mong mu\u1ed1n. Ch\u00fang th\u01b0\u1eddng ph\u1ed5 bi\u1ebfn trong c\u00e1c thi\u1ebft b\u1ecb \u0111i\u1ec7n v\u00e0 \u0111i\u1ec7n t\u1eed, v\u00e0 bao g\u1ed3m m\u1ed9t s\u1ed1 \u1ee9ng d\u1ee5ng, ch\u1eb3ng h\u1ea1n nh\u01b0: t\u1ea5t c\u1ea3 c\u00e1c lo\u1ea1i b\u1ed9 bi\u1ebfn t\u1ea7n, h\u1ec7 th\u1ed1ng UPS, n\u0103ng l\u01b0\u1ee3ng gi\u00f3, b\u1ed9 l\u1ecdc xoang, v.v.<\/p>\n<p style=\"text-align: justify;\">Hydra s\u1ea3n xu\u1ea5t t\u1ee5 l\u1ecdc h\u00ecnh tr\u1ee5 \u0111\u01b0\u1ee3c s\u1ea3n xu\u1ea5t ch\u00ednh x\u00e1c theo y\u00eau c\u1ea7u v\u00e0 nhu c\u1ea7u c\u1ee7a kh\u00e1ch h\u00e0ng v\u1edbi ch\u1ea5t l\u01b0\u1ee3ng cao nh\u1ea5t.<\/p>\n<p style=\"text-align: justify;\">T\u1ea5t c\u1ea3 c\u00e1c t\u1ee5 l\u1ecdc Hydra \u0111\u01b0\u1ee3c b\u1ea3o v\u1ec7 v\u1edbi m\u1ed9t c\u1ea7u ch\u00ec qu\u00e1 \u00e1p v\u00e0 ch\u1ee9a \u0111\u1ea7y d\u1ea7u \u0111\u1ec3 truy\u1ec1n nhi\u1ec7t t\u1eeb trong ra ngo\u00e0i. V\u00ec v\u1eady, t\u1ee5 l\u1ecdc Hydra tr\u00e1nh \u0111\u01b0\u1ee3c nhi\u1ec7t \u0111\u1ed9 cao \u1edf l\u1edbp gi\u1ea5y b\u1ea1c v\u00e0 c\u0169ng c\u00f3 th\u1ec3 \u0111\u01b0\u1ee3c s\u1eed d\u1ee5ng \u1edf nhi\u1ec7t \u0111\u1ed9 m\u00f4i tr\u01b0\u1eddng cao v\u1edbi \u0111\u1ea7y t\u1ea3i.<\/p>\n<p>[\/et_pb_text][et_pb_gallery gallery_ids=&#8221;950,954&#8243; posts_number=&#8221;2&#8243; show_title_and_caption=&#8221;off&#8221; _builder_version=&#8221;3.19.13&#8243;][\/et_pb_gallery][et_pb_text _builder_version=&#8221;3.19.13&#8243;]Hydra s\u1ea3n xu\u1ea5t ch\u00ednh x\u00e1c h\u1ea7u h\u1ebft c\u00e1c t\u1ee5 \u0111i\u1ec7n theo y\u00eau c\u1ea7u c\u1ee7a kh\u00e1ch h\u00e0ng v\u00e0 Hydra c\u0169ng c\u00f3 th\u1ec3 linh ho\u1ea1t \u0111\u1ec3 cung c\u1ea5p s\u1ed1 l\u01b0\u1ee3ng nh\u1ecf h\u01a1n m\u00e0 kh\u00e1ch h\u00e0ng kh\u00f4ng ph\u1ea3i tr\u1ea3 th\u00eam chi ph\u00ed.<\/p>\n<p>V\u00ec Hydra s\u1ea3n xu\u1ea5t h\u1ea7u h\u1ebft c\u00e1c t\u1ee5 \u0111i\u1ec7n t\u00f9y ch\u1ec9nh, kh\u00f4ng c\u00f3 ti\u00eau chu\u1ea9n chung. Tuy nhi\u00ean, b\u1ea1n c\u00f3 th\u1ec3 t\u00ecm th\u1ea5y danh m\u1ee5c s\u1ea3n ph\u1ea9m c\u1ee7a ch\u00fang t\u00f4i v\u1edbi t\u1ea5t c\u1ea3 c\u00e1c th\u00f4ng tin v\u1ec1 c\u00e1c lo\u1ea1i kh\u00e1c nhau v\u00e0 k\u00edch c\u1ee1 c\u00f3 th\u1ec3 c\u00f3 tr\u00ean trang web s\u1ea3n ph\u1ea9m c\u1ee7a ch\u00fang t\u00f4i: <a href=\"https:\/\/www.hydra-components.com\/vi\/catalogues\/\">https:\/\/www.hydra-components.com\/catalogues\/<\/a><br \/>\n[\/et_pb_text][\/et_pb_column][\/et_pb_row][\/et_pb_section]<\/p>\n","protected":false},"excerpt":{"rendered":"<p>T\u1ee5 l\u1ecdc T\u1ee5 l\u1ecdc \u0111\u01b0\u1ee3c s\u1eed d\u1ee5ng \u0111\u1ec3 l\u1ecdc c\u00e1c t\u1ea7n s\u1ed1 kh\u00f4ng mong mu\u1ed1n. Ch\u00fang th\u01b0\u1eddng ph\u1ed5 bi\u1ebfn trong c\u00e1c thi\u1ebft b\u1ecb \u0111i\u1ec7n v\u00e0 \u0111i\u1ec7n t\u1eed, v\u00e0 bao g\u1ed3m m\u1ed9t s\u1ed1 \u1ee9ng d\u1ee5ng, ch\u1eb3ng h\u1ea1n nh\u01b0: t\u1ea5t c\u1ea3 c\u00e1c lo\u1ea1i b\u1ed9 bi\u1ebfn t\u1ea7n, h\u1ec7 th\u1ed1ng UPS, n\u0103ng l\u01b0\u1ee3ng gi\u00f3, b\u1ed9 l\u1ecdc xoang, v.v. Hydra [&hellip;]<\/p>\n","protected":false},"author":1,"featured_media":0,"parent":0,"menu_order":0,"comment_status":"closed","ping_status":"closed","template":"","meta":{"_et_pb_use_builder":"on","_et_pb_old_content":"Filter capacitors are used for filtering of undesirable frequencies. They are common in electrical and electronic equipment, and cover a number of applications, such as: All kind of inverters, UPS-Systems, Wind Power, Sinus filter, \u2026\r\nHydra produce cylindrical filter capacitors due to the exact requirements and needs of the clients with highest quality.\r\nAll Hydra filter capacitors are protected with overpressure fuse and filled with oil for perfect heat transfer from inside to outside. So Hydra avoids peak temperature at the foil and can be used also at high ambient temperature with full load.","_et_gb_content_width":"","footnotes":""},"class_list":["post-1494","page","type-page","status-publish","hentry"],"yoast_head":"<!-- This site is optimized with the Yoast SEO plugin v27.4 - https:\/\/yoast.com\/product\/yoast-seo-wordpress\/ -->\n<title>T\u1ee5 l\u1ecdc - HYDRA a.s.<\/title>\n<meta name=\"robots\" content=\"index, follow, max-snippet:-1, max-image-preview:large, max-video-preview:-1\" \/>\n<link rel=\"canonical\" href=\"https:\/\/www.hydra-components.com\/vi\/tu-loc\/\" \/>\n<meta property=\"og:locale\" content=\"vi_VN\" \/>\n<meta property=\"og:type\" content=\"article\" \/>\n<meta property=\"og:title\" content=\"T\u1ee5 l\u1ecdc - HYDRA a.s.\" \/>\n<meta property=\"og:description\" content=\"T\u1ee5 l\u1ecdc T\u1ee5 l\u1ecdc \u0111\u01b0\u1ee3c s\u1eed d\u1ee5ng \u0111\u1ec3 l\u1ecdc c\u00e1c t\u1ea7n s\u1ed1 kh\u00f4ng mong mu\u1ed1n. Ch\u00fang th\u01b0\u1eddng ph\u1ed5 bi\u1ebfn trong c\u00e1c thi\u1ebft b\u1ecb \u0111i\u1ec7n v\u00e0 \u0111i\u1ec7n t\u1eed, v\u00e0 bao g\u1ed3m m\u1ed9t s\u1ed1 \u1ee9ng d\u1ee5ng, ch\u1eb3ng h\u1ea1n nh\u01b0: t\u1ea5t c\u1ea3 c\u00e1c lo\u1ea1i b\u1ed9 bi\u1ebfn t\u1ea7n, h\u1ec7 th\u1ed1ng UPS, n\u0103ng l\u01b0\u1ee3ng gi\u00f3, b\u1ed9 l\u1ecdc xoang, v.v. Hydra [&hellip;]\" \/>\n<meta property=\"og:url\" content=\"https:\/\/www.hydra-components.com\/vi\/tu-loc\/\" \/>\n<meta property=\"og:site_name\" content=\"HYDRA a.s.\" \/>\n<meta property=\"og:image\" content=\"https:\/\/www.hydra-components.com\/wp-content\/uploads\/2019\/03\/headermobile.jpg\" \/>\n\t<meta property=\"og:image:width\" content=\"920\" \/>\n\t<meta property=\"og:image:height\" content=\"720\" \/>\n\t<meta property=\"og:image:type\" content=\"image\/jpeg\" \/>\n<meta name=\"twitter:card\" content=\"summary_large_image\" \/>\n<meta name=\"twitter:label1\" content=\"Est. reading time\" \/>\n\t<meta name=\"twitter:data1\" content=\"2 minutes\" \/>\n<script type=\"application\/ld+json\" class=\"yoast-schema-graph\">{\"@context\":\"https:\\\/\\\/schema.org\",\"@graph\":[{\"@type\":\"WebPage\",\"@id\":\"https:\\\/\\\/www.hydra-components.com\\\/vi\\\/tu-loc\\\/\",\"url\":\"https:\\\/\\\/www.hydra-components.com\\\/vi\\\/tu-loc\\\/\",\"name\":\"T\u1ee5 l\u1ecdc - HYDRA a.s.\",\"isPartOf\":{\"@id\":\"https:\\\/\\\/www.hydra-components.com\\\/#website\"},\"datePublished\":\"2019-04-24T07:39:20+00:00\",\"breadcrumb\":{\"@id\":\"https:\\\/\\\/www.hydra-components.com\\\/vi\\\/tu-loc\\\/#breadcrumb\"},\"inLanguage\":\"vi-VN\",\"potentialAction\":[{\"@type\":\"ReadAction\",\"target\":[\"https:\\\/\\\/www.hydra-components.com\\\/vi\\\/tu-loc\\\/\"]}]},{\"@type\":\"BreadcrumbList\",\"@id\":\"https:\\\/\\\/www.hydra-components.com\\\/vi\\\/tu-loc\\\/#breadcrumb\",\"itemListElement\":[{\"@type\":\"ListItem\",\"position\":1,\"name\":\"Home\",\"item\":\"https:\\\/\\\/www.hydra-components.com\\\/vi\\\/\"},{\"@type\":\"ListItem\",\"position\":2,\"name\":\"T\u1ee5 l\u1ecdc\"}]},{\"@type\":\"WebSite\",\"@id\":\"https:\\\/\\\/www.hydra-components.com\\\/#website\",\"url\":\"https:\\\/\\\/www.hydra-components.com\\\/\",\"name\":\"HYDRA a.s. | Highest Quality Capacitors\",\"description\":\"Highest Quality Capacitors\",\"publisher\":{\"@id\":\"https:\\\/\\\/www.hydra-components.com\\\/#organization\"},\"potentialAction\":[{\"@type\":\"SearchAction\",\"target\":{\"@type\":\"EntryPoint\",\"urlTemplate\":\"https:\\\/\\\/www.hydra-components.com\\\/?s={search_term_string}\"},\"query-input\":{\"@type\":\"PropertyValueSpecification\",\"valueRequired\":true,\"valueName\":\"search_term_string\"}}],\"inLanguage\":\"vi-VN\"},{\"@type\":\"Organization\",\"@id\":\"https:\\\/\\\/www.hydra-components.com\\\/#organization\",\"name\":\"HYDRA a.s.\",\"url\":\"https:\\\/\\\/www.hydra-components.com\\\/\",\"logo\":{\"@type\":\"ImageObject\",\"inLanguage\":\"vi-VN\",\"@id\":\"https:\\\/\\\/www.hydra-components.com\\\/#\\\/schema\\\/logo\\\/image\\\/\",\"url\":\"https:\\\/\\\/www.hydra-components.com\\\/wp-content\\\/uploads\\\/2019\\\/03\\\/Hydra-with-R.jpg\",\"contentUrl\":\"https:\\\/\\\/www.hydra-components.com\\\/wp-content\\\/uploads\\\/2019\\\/03\\\/Hydra-with-R.jpg\",\"width\":360,\"height\":66,\"caption\":\"HYDRA a.s.\"},\"image\":{\"@id\":\"https:\\\/\\\/www.hydra-components.com\\\/#\\\/schema\\\/logo\\\/image\\\/\"}}]}<\/script>\n<!-- \/ Yoast SEO plugin. -->","yoast_head_json":{"title":"T\u1ee5 l\u1ecdc - HYDRA a.s.","robots":{"index":"index","follow":"follow","max-snippet":"max-snippet:-1","max-image-preview":"max-image-preview:large","max-video-preview":"max-video-preview:-1"},"canonical":"https:\/\/www.hydra-components.com\/vi\/tu-loc\/","og_locale":"vi_VN","og_type":"article","og_title":"T\u1ee5 l\u1ecdc - HYDRA a.s.","og_description":"T\u1ee5 l\u1ecdc T\u1ee5 l\u1ecdc \u0111\u01b0\u1ee3c s\u1eed d\u1ee5ng \u0111\u1ec3 l\u1ecdc c\u00e1c t\u1ea7n s\u1ed1 kh\u00f4ng mong mu\u1ed1n. Ch\u00fang th\u01b0\u1eddng ph\u1ed5 bi\u1ebfn trong c\u00e1c thi\u1ebft b\u1ecb \u0111i\u1ec7n v\u00e0 \u0111i\u1ec7n t\u1eed, v\u00e0 bao g\u1ed3m m\u1ed9t s\u1ed1 \u1ee9ng d\u1ee5ng, ch\u1eb3ng h\u1ea1n nh\u01b0: t\u1ea5t c\u1ea3 c\u00e1c lo\u1ea1i b\u1ed9 bi\u1ebfn t\u1ea7n, h\u1ec7 th\u1ed1ng UPS, n\u0103ng l\u01b0\u1ee3ng gi\u00f3, b\u1ed9 l\u1ecdc xoang, v.v. Hydra [&hellip;]","og_url":"https:\/\/www.hydra-components.com\/vi\/tu-loc\/","og_site_name":"HYDRA a.s.","og_image":[{"width":920,"height":720,"url":"https:\/\/www.hydra-components.com\/wp-content\/uploads\/2019\/03\/headermobile.jpg","type":"image\/jpeg"}],"twitter_card":"summary_large_image","twitter_misc":{"Est. reading time":"2 minutes"},"schema":{"@context":"https:\/\/schema.org","@graph":[{"@type":"WebPage","@id":"https:\/\/www.hydra-components.com\/vi\/tu-loc\/","url":"https:\/\/www.hydra-components.com\/vi\/tu-loc\/","name":"T\u1ee5 l\u1ecdc - HYDRA a.s.","isPartOf":{"@id":"https:\/\/www.hydra-components.com\/#website"},"datePublished":"2019-04-24T07:39:20+00:00","breadcrumb":{"@id":"https:\/\/www.hydra-components.com\/vi\/tu-loc\/#breadcrumb"},"inLanguage":"vi-VN","potentialAction":[{"@type":"ReadAction","target":["https:\/\/www.hydra-components.com\/vi\/tu-loc\/"]}]},{"@type":"BreadcrumbList","@id":"https:\/\/www.hydra-components.com\/vi\/tu-loc\/#breadcrumb","itemListElement":[{"@type":"ListItem","position":1,"name":"Home","item":"https:\/\/www.hydra-components.com\/vi\/"},{"@type":"ListItem","position":2,"name":"T\u1ee5 l\u1ecdc"}]},{"@type":"WebSite","@id":"https:\/\/www.hydra-components.com\/#website","url":"https:\/\/www.hydra-components.com\/","name":"HYDRA a.s. | Highest Quality Capacitors","description":"Highest Quality Capacitors","publisher":{"@id":"https:\/\/www.hydra-components.com\/#organization"},"potentialAction":[{"@type":"SearchAction","target":{"@type":"EntryPoint","urlTemplate":"https:\/\/www.hydra-components.com\/?s={search_term_string}"},"query-input":{"@type":"PropertyValueSpecification","valueRequired":true,"valueName":"search_term_string"}}],"inLanguage":"vi-VN"},{"@type":"Organization","@id":"https:\/\/www.hydra-components.com\/#organization","name":"HYDRA a.s.","url":"https:\/\/www.hydra-components.com\/","logo":{"@type":"ImageObject","inLanguage":"vi-VN","@id":"https:\/\/www.hydra-components.com\/#\/schema\/logo\/image\/","url":"https:\/\/www.hydra-components.com\/wp-content\/uploads\/2019\/03\/Hydra-with-R.jpg","contentUrl":"https:\/\/www.hydra-components.com\/wp-content\/uploads\/2019\/03\/Hydra-with-R.jpg","width":360,"height":66,"caption":"HYDRA a.s."},"image":{"@id":"https:\/\/www.hydra-components.com\/#\/schema\/logo\/image\/"}}]}},"_links":{"self":[{"href":"https:\/\/www.hydra-components.com\/vi\/wp-json\/wp\/v2\/pages\/1494","targetHints":{"allow":["GET"]}}],"collection":[{"href":"https:\/\/www.hydra-components.com\/vi\/wp-json\/wp\/v2\/pages"}],"about":[{"href":"https:\/\/www.hydra-components.com\/vi\/wp-json\/wp\/v2\/types\/page"}],"author":[{"embeddable":true,"href":"https:\/\/www.hydra-components.com\/vi\/wp-json\/wp\/v2\/users\/1"}],"replies":[{"embeddable":true,"href":"https:\/\/www.hydra-components.com\/vi\/wp-json\/wp\/v2\/comments?post=1494"}],"version-history":[{"count":1,"href":"https:\/\/www.hydra-components.com\/vi\/wp-json\/wp\/v2\/pages\/1494\/revisions"}],"predecessor-version":[{"id":1495,"href":"https:\/\/www.hydra-components.com\/vi\/wp-json\/wp\/v2\/pages\/1494\/revisions\/1495"}],"wp:attachment":[{"href":"https:\/\/www.hydra-components.com\/vi\/wp-json\/wp\/v2\/media?parent=1494"}],"curies":[{"name":"wp","href":"https:\/\/api.w.org\/{rel}","templated":true}]}}