{"id":1497,"date":"2019-04-24T07:41:05","date_gmt":"2019-04-24T07:41:05","guid":{"rendered":"https:\/\/hydra.vn\/tu-chieu-sang\/"},"modified":"2019-04-24T07:41:06","modified_gmt":"2019-04-24T07:41:06","slug":"tu-chieu-sang","status":"publish","type":"page","link":"https:\/\/www.hydra-components.com\/vi\/tu-chieu-sang\/","title":{"rendered":"T\u1ee5 chi\u1ebfu s\u00e1ng"},"content":{"rendered":"<p>[et_pb_section fb_built=&#8221;1&#8243; admin_label=&#8221;section&#8221; _builder_version=&#8221;3.0.47&#8243;][et_pb_row admin_label=&#8221;row&#8221; _builder_version=&#8221;3.0.48&#8243; background_size=&#8221;initial&#8221; background_position=&#8221;top_left&#8221; background_repeat=&#8221;repeat&#8221;][et_pb_column type=&#8221;4_4&#8243; _builder_version=&#8221;3.0.47&#8243;][et_pb_text admin_label=&#8221;Text&#8221; _builder_version=&#8221;3.19.13&#8243; background_size=&#8221;initial&#8221; background_position=&#8221;top_left&#8221; background_repeat=&#8221;repeat&#8221;]<\/p>\n<h3 class=\"entry-title main_title\">T\u1ee5 chi\u1ebfu s\u00e1ng<\/h3>\n<p style=\"text-align: justify;\">M\u1eb7c d\u00f9, \u0111\u00e8n LED hi\u1ec7n \u0111\u1ea1i kh\u00f4ng c\u00f2n c\u1ea7n t\u1ee5 \u0111i\u1ec7n n\u1eefa, nh\u01b0ng v\u1eabn c\u00f3 h\u00e0ng tri\u1ec7u \u0111\u00e8n HID tr\u00ean kh\u1eafp th\u1ebf gi\u1edbi v\u1eabn c\u1ea7n t\u1ee5 \u0111i\u1ec7n. V\u00ec v\u1eady, Hydra cung c\u1ea5p kho\u1ea3ng 2 tri\u1ec7u t\u1ee5 \u0111i\u1ec7n chi\u1ebfu s\u00e1ng m\u1ed7i n\u0103m tr\u00ean to\u00e0n th\u1ebf gi\u1edbi v\u00ec \u0111\u00e8n HID v\u1eabn \u0111ang \u0111\u01b0\u1ee3c s\u1eed d\u1ee5ng.<\/p>\n<p style=\"text-align: justify;\">C\u00e1c t\u1ee5 d\u1ea7u b\u1eb1ng phim polypropylene m\u1ea1 kim \u0111\u01b0\u1ee3c thi\u1ebft k\u1ebf c\u00f3 tu\u1ed5i th\u1ecd cao trong m\u00f4i tr\u01b0\u1eddng nhi\u1ec7t \u0111\u1ed9 cao c\u1ee7a \u0111\u00e8n cao \u00e1p (HID). V\u00ec l\u00fd do an to\u00e0n, c\u00e1c t\u1ee5 \u0111i\u1ec7n ch\u1ee9a d\u1ea7u c\u1ee7a Hydra d\u00f9ng cho chi\u1ebfu s\u00e1ng \u0111\u01b0\u1ee3c b\u1ea3o v\u1ec7 b\u1eb1ng c\u1ea7u ch\u00ec qu\u00e1 \u00e1p \u0111\u1ec3 cung c\u1ea5p ti\u00eau chu\u1ea9n an to\u00e0n cao.<\/p>\n<p>[\/et_pb_text][et_pb_gallery gallery_ids=&#8221;963,967&#8243; posts_number=&#8221;2&#8243; orientation=&#8221;portrait&#8221; show_title_and_caption=&#8221;off&#8221; _builder_version=&#8221;3.19.13&#8243;][\/et_pb_gallery][et_pb_text _builder_version=&#8221;3.19.13&#8243;]<\/p>\n<p style=\"text-align: justify;\">Hydra s\u1ea3n xu\u1ea5t ch\u00ednh x\u00e1c h\u1ea7u h\u1ebft c\u00e1c t\u1ee5 \u0111i\u1ec7n theo y\u00eau c\u1ea7u c\u1ee7a kh\u00e1ch h\u00e0ng v\u00e0 Hydra c\u0169ng c\u00f3 th\u1ec3 linh ho\u1ea1t \u0111\u1ec3 cung c\u1ea5p s\u1ed1 l\u01b0\u1ee3ng nh\u1ecf h\u01a1n m\u00e0 kh\u00e1ch h\u00e0ng kh\u00f4ng ph\u1ea3i tr\u1ea3 th\u00eam chi ph\u00ed.<\/p>\n<p style=\"text-align: justify;\">V\u00ec Hydra s\u1ea3n xu\u1ea5t h\u1ea7u h\u1ebft c\u00e1c t\u1ee5 \u0111i\u1ec7n t\u00f9y ch\u1ec9nh, kh\u00f4ng c\u00f3 ti\u00eau chu\u1ea9n chung. Tuy nhi\u00ean, b\u1ea1n c\u00f3 th\u1ec3 t\u00ecm th\u1ea5y danh m\u1ee5c s\u1ea3n ph\u1ea9m c\u1ee7a ch\u00fang t\u00f4i v\u1edbi t\u1ea5t c\u1ea3 c\u00e1c th\u00f4ng tin v\u1ec1 c\u00e1c lo\u1ea1i kh\u00e1c nhau v\u00e0 k\u00edch c\u1ee1 c\u00f3 th\u1ec3 c\u00f3 tr\u00ean trang web s\u1ea3n ph\u1ea9m c\u1ee7a ch\u00fang t\u00f4i: <a href=\"https:\/\/www.hydra-components.com\/vi\/catalogues\/\">https:\/\/www.hydra-components.com\/catalogues\/<\/a><\/p>\n<p><img loading=\"lazy\" decoding=\"async\" src=\"http:\/\/www.hydra-components.cz\/en\/images\/odd.gif\" width=\"20\" height=\"10\" border=\"0\" \/> \u00a0\u00a0T\u1ee5 chi\u1ebfu s\u00e1ng<\/p>\n<p><a href=\"https:\/\/www.hydra-components.com\/wp-content\/uploads\/2019\/02\/Lighting-series_ed-0213.pdf\" rel=\"attachment wp-att-1118\">Lighting series_ed-0213<\/a><br \/>\n[\/et_pb_text][\/et_pb_column][\/et_pb_row][\/et_pb_section]<\/p>\n","protected":false},"excerpt":{"rendered":"<p>T\u1ee5 chi\u1ebfu s\u00e1ng M\u1eb7c d\u00f9, \u0111\u00e8n LED hi\u1ec7n \u0111\u1ea1i kh\u00f4ng c\u00f2n c\u1ea7n t\u1ee5 \u0111i\u1ec7n n\u1eefa, nh\u01b0ng v\u1eabn c\u00f3 h\u00e0ng tri\u1ec7u \u0111\u00e8n HID tr\u00ean kh\u1eafp th\u1ebf gi\u1edbi v\u1eabn c\u1ea7n t\u1ee5 \u0111i\u1ec7n. V\u00ec v\u1eady, Hydra cung c\u1ea5p kho\u1ea3ng 2 tri\u1ec7u t\u1ee5 \u0111i\u1ec7n chi\u1ebfu s\u00e1ng m\u1ed7i n\u0103m tr\u00ean to\u00e0n th\u1ebf gi\u1edbi v\u00ec \u0111\u00e8n HID v\u1eabn \u0111ang \u0111\u01b0\u1ee3c s\u1eed [&hellip;]<\/p>\n","protected":false},"author":1,"featured_media":1498,"parent":0,"menu_order":0,"comment_status":"closed","ping_status":"closed","template":"","meta":{"_et_pb_use_builder":"on","_et_pb_old_content":"Even as modern LED lights do not need a capacitor anymore, there are still millions of old HID-Lights all over the world which still needs capacitors. So Hydra delivers about 2 Mio light capacitors every year to US and China, where still a lot of these HID-Lights are used.\nThe oil filled Hydra metallized polypropylene lighting capacitors are designed for long-life in the high-temperature environments of high-intensity discharge (HID) lighting. For security reasons, the oil filled Hydra Lighting capacitors are protected with an overpressure fuse to give highest security.","_et_gb_content_width":"","footnotes":""},"class_list":["post-1497","page","type-page","status-publish","has-post-thumbnail","hentry"],"yoast_head":"<!-- This site is optimized with the Yoast SEO plugin v27.5 - https:\/\/yoast.com\/product\/yoast-seo-wordpress\/ -->\n<title>T\u1ee5 chi\u1ebfu s\u00e1ng - HYDRA a.s.<\/title>\n<meta name=\"robots\" content=\"index, follow, max-snippet:-1, max-image-preview:large, max-video-preview:-1\" \/>\n<link rel=\"canonical\" href=\"https:\/\/www.hydra-components.com\/vi\/tu-chieu-sang\/\" \/>\n<meta property=\"og:locale\" content=\"vi_VN\" \/>\n<meta property=\"og:type\" content=\"article\" \/>\n<meta property=\"og:title\" content=\"T\u1ee5 chi\u1ebfu s\u00e1ng - HYDRA a.s.\" \/>\n<meta property=\"og:description\" content=\"T\u1ee5 chi\u1ebfu s\u00e1ng M\u1eb7c d\u00f9, \u0111\u00e8n LED hi\u1ec7n \u0111\u1ea1i kh\u00f4ng c\u00f2n c\u1ea7n t\u1ee5 \u0111i\u1ec7n n\u1eefa, nh\u01b0ng v\u1eabn c\u00f3 h\u00e0ng tri\u1ec7u \u0111\u00e8n HID tr\u00ean kh\u1eafp th\u1ebf gi\u1edbi v\u1eabn c\u1ea7n t\u1ee5 \u0111i\u1ec7n. V\u00ec v\u1eady, Hydra cung c\u1ea5p kho\u1ea3ng 2 tri\u1ec7u t\u1ee5 \u0111i\u1ec7n chi\u1ebfu s\u00e1ng m\u1ed7i n\u0103m tr\u00ean to\u00e0n th\u1ebf gi\u1edbi v\u00ec \u0111\u00e8n HID v\u1eabn \u0111ang \u0111\u01b0\u1ee3c s\u1eed [&hellip;]\" \/>\n<meta property=\"og:url\" content=\"https:\/\/www.hydra-components.com\/vi\/tu-chieu-sang\/\" \/>\n<meta property=\"og:site_name\" content=\"HYDRA a.s.\" \/>\n<meta property=\"article:modified_time\" content=\"2019-04-24T07:41:06+00:00\" \/>\n<meta property=\"og:image\" content=\"https:\/\/www.hydra-components.com\/wp-content\/uploads\/2018\/11\/light.jpg\" \/>\n\t<meta property=\"og:image:width\" content=\"480\" \/>\n\t<meta property=\"og:image:height\" content=\"320\" \/>\n\t<meta property=\"og:image:type\" content=\"image\/jpeg\" \/>\n<meta name=\"twitter:card\" content=\"summary_large_image\" \/>\n<meta name=\"twitter:label1\" content=\"Est. reading time\" \/>\n\t<meta name=\"twitter:data1\" content=\"2 minutes\" \/>\n<script type=\"application\/ld+json\" class=\"yoast-schema-graph\">{\"@context\":\"https:\\\/\\\/schema.org\",\"@graph\":[{\"@type\":\"WebPage\",\"@id\":\"https:\\\/\\\/www.hydra-components.com\\\/vi\\\/tu-chieu-sang\\\/\",\"url\":\"https:\\\/\\\/www.hydra-components.com\\\/vi\\\/tu-chieu-sang\\\/\",\"name\":\"T\u1ee5 chi\u1ebfu s\u00e1ng - HYDRA a.s.\",\"isPartOf\":{\"@id\":\"https:\\\/\\\/www.hydra-components.com\\\/#website\"},\"primaryImageOfPage\":{\"@id\":\"https:\\\/\\\/www.hydra-components.com\\\/vi\\\/tu-chieu-sang\\\/#primaryimage\"},\"image\":{\"@id\":\"https:\\\/\\\/www.hydra-components.com\\\/vi\\\/tu-chieu-sang\\\/#primaryimage\"},\"thumbnailUrl\":\"https:\\\/\\\/www.hydra-components.com\\\/wp-content\\\/uploads\\\/2018\\\/11\\\/light.jpg\",\"datePublished\":\"2019-04-24T07:41:05+00:00\",\"dateModified\":\"2019-04-24T07:41:06+00:00\",\"breadcrumb\":{\"@id\":\"https:\\\/\\\/www.hydra-components.com\\\/vi\\\/tu-chieu-sang\\\/#breadcrumb\"},\"inLanguage\":\"vi-VN\",\"potentialAction\":[{\"@type\":\"ReadAction\",\"target\":[\"https:\\\/\\\/www.hydra-components.com\\\/vi\\\/tu-chieu-sang\\\/\"]}]},{\"@type\":\"ImageObject\",\"inLanguage\":\"vi-VN\",\"@id\":\"https:\\\/\\\/www.hydra-components.com\\\/vi\\\/tu-chieu-sang\\\/#primaryimage\",\"url\":\"https:\\\/\\\/www.hydra-components.com\\\/wp-content\\\/uploads\\\/2018\\\/11\\\/light.jpg\",\"contentUrl\":\"https:\\\/\\\/www.hydra-components.com\\\/wp-content\\\/uploads\\\/2018\\\/11\\\/light.jpg\",\"width\":480,\"height\":320},{\"@type\":\"BreadcrumbList\",\"@id\":\"https:\\\/\\\/www.hydra-components.com\\\/vi\\\/tu-chieu-sang\\\/#breadcrumb\",\"itemListElement\":[{\"@type\":\"ListItem\",\"position\":1,\"name\":\"Home\",\"item\":\"https:\\\/\\\/www.hydra-components.com\\\/vi\\\/\"},{\"@type\":\"ListItem\",\"position\":2,\"name\":\"T\u1ee5 chi\u1ebfu s\u00e1ng\"}]},{\"@type\":\"WebSite\",\"@id\":\"https:\\\/\\\/www.hydra-components.com\\\/#website\",\"url\":\"https:\\\/\\\/www.hydra-components.com\\\/\",\"name\":\"HYDRA a.s. | Highest Quality Capacitors\",\"description\":\"Highest Quality Capacitors\",\"publisher\":{\"@id\":\"https:\\\/\\\/www.hydra-components.com\\\/#organization\"},\"potentialAction\":[{\"@type\":\"SearchAction\",\"target\":{\"@type\":\"EntryPoint\",\"urlTemplate\":\"https:\\\/\\\/www.hydra-components.com\\\/?s={search_term_string}\"},\"query-input\":{\"@type\":\"PropertyValueSpecification\",\"valueRequired\":true,\"valueName\":\"search_term_string\"}}],\"inLanguage\":\"vi-VN\"},{\"@type\":\"Organization\",\"@id\":\"https:\\\/\\\/www.hydra-components.com\\\/#organization\",\"name\":\"HYDRA a.s.\",\"url\":\"https:\\\/\\\/www.hydra-components.com\\\/\",\"logo\":{\"@type\":\"ImageObject\",\"inLanguage\":\"vi-VN\",\"@id\":\"https:\\\/\\\/www.hydra-components.com\\\/#\\\/schema\\\/logo\\\/image\\\/\",\"url\":\"https:\\\/\\\/www.hydra-components.com\\\/wp-content\\\/uploads\\\/2019\\\/03\\\/Hydra-with-R.jpg\",\"contentUrl\":\"https:\\\/\\\/www.hydra-components.com\\\/wp-content\\\/uploads\\\/2019\\\/03\\\/Hydra-with-R.jpg\",\"width\":360,\"height\":66,\"caption\":\"HYDRA a.s.\"},\"image\":{\"@id\":\"https:\\\/\\\/www.hydra-components.com\\\/#\\\/schema\\\/logo\\\/image\\\/\"}}]}<\/script>\n<!-- \/ Yoast SEO plugin. -->","yoast_head_json":{"title":"T\u1ee5 chi\u1ebfu s\u00e1ng - HYDRA a.s.","robots":{"index":"index","follow":"follow","max-snippet":"max-snippet:-1","max-image-preview":"max-image-preview:large","max-video-preview":"max-video-preview:-1"},"canonical":"https:\/\/www.hydra-components.com\/vi\/tu-chieu-sang\/","og_locale":"vi_VN","og_type":"article","og_title":"T\u1ee5 chi\u1ebfu s\u00e1ng - HYDRA a.s.","og_description":"T\u1ee5 chi\u1ebfu s\u00e1ng M\u1eb7c d\u00f9, \u0111\u00e8n LED hi\u1ec7n \u0111\u1ea1i kh\u00f4ng c\u00f2n c\u1ea7n t\u1ee5 \u0111i\u1ec7n n\u1eefa, nh\u01b0ng v\u1eabn c\u00f3 h\u00e0ng tri\u1ec7u \u0111\u00e8n HID tr\u00ean kh\u1eafp th\u1ebf gi\u1edbi v\u1eabn c\u1ea7n t\u1ee5 \u0111i\u1ec7n. V\u00ec v\u1eady, Hydra cung c\u1ea5p kho\u1ea3ng 2 tri\u1ec7u t\u1ee5 \u0111i\u1ec7n chi\u1ebfu s\u00e1ng m\u1ed7i n\u0103m tr\u00ean to\u00e0n th\u1ebf gi\u1edbi v\u00ec \u0111\u00e8n HID v\u1eabn \u0111ang \u0111\u01b0\u1ee3c s\u1eed [&hellip;]","og_url":"https:\/\/www.hydra-components.com\/vi\/tu-chieu-sang\/","og_site_name":"HYDRA a.s.","article_modified_time":"2019-04-24T07:41:06+00:00","og_image":[{"width":480,"height":320,"url":"https:\/\/www.hydra-components.com\/wp-content\/uploads\/2018\/11\/light.jpg","type":"image\/jpeg"}],"twitter_card":"summary_large_image","twitter_misc":{"Est. reading time":"2 minutes"},"schema":{"@context":"https:\/\/schema.org","@graph":[{"@type":"WebPage","@id":"https:\/\/www.hydra-components.com\/vi\/tu-chieu-sang\/","url":"https:\/\/www.hydra-components.com\/vi\/tu-chieu-sang\/","name":"T\u1ee5 chi\u1ebfu s\u00e1ng - HYDRA a.s.","isPartOf":{"@id":"https:\/\/www.hydra-components.com\/#website"},"primaryImageOfPage":{"@id":"https:\/\/www.hydra-components.com\/vi\/tu-chieu-sang\/#primaryimage"},"image":{"@id":"https:\/\/www.hydra-components.com\/vi\/tu-chieu-sang\/#primaryimage"},"thumbnailUrl":"https:\/\/www.hydra-components.com\/wp-content\/uploads\/2018\/11\/light.jpg","datePublished":"2019-04-24T07:41:05+00:00","dateModified":"2019-04-24T07:41:06+00:00","breadcrumb":{"@id":"https:\/\/www.hydra-components.com\/vi\/tu-chieu-sang\/#breadcrumb"},"inLanguage":"vi-VN","potentialAction":[{"@type":"ReadAction","target":["https:\/\/www.hydra-components.com\/vi\/tu-chieu-sang\/"]}]},{"@type":"ImageObject","inLanguage":"vi-VN","@id":"https:\/\/www.hydra-components.com\/vi\/tu-chieu-sang\/#primaryimage","url":"https:\/\/www.hydra-components.com\/wp-content\/uploads\/2018\/11\/light.jpg","contentUrl":"https:\/\/www.hydra-components.com\/wp-content\/uploads\/2018\/11\/light.jpg","width":480,"height":320},{"@type":"BreadcrumbList","@id":"https:\/\/www.hydra-components.com\/vi\/tu-chieu-sang\/#breadcrumb","itemListElement":[{"@type":"ListItem","position":1,"name":"Home","item":"https:\/\/www.hydra-components.com\/vi\/"},{"@type":"ListItem","position":2,"name":"T\u1ee5 chi\u1ebfu s\u00e1ng"}]},{"@type":"WebSite","@id":"https:\/\/www.hydra-components.com\/#website","url":"https:\/\/www.hydra-components.com\/","name":"HYDRA a.s. | Highest Quality Capacitors","description":"Highest Quality Capacitors","publisher":{"@id":"https:\/\/www.hydra-components.com\/#organization"},"potentialAction":[{"@type":"SearchAction","target":{"@type":"EntryPoint","urlTemplate":"https:\/\/www.hydra-components.com\/?s={search_term_string}"},"query-input":{"@type":"PropertyValueSpecification","valueRequired":true,"valueName":"search_term_string"}}],"inLanguage":"vi-VN"},{"@type":"Organization","@id":"https:\/\/www.hydra-components.com\/#organization","name":"HYDRA a.s.","url":"https:\/\/www.hydra-components.com\/","logo":{"@type":"ImageObject","inLanguage":"vi-VN","@id":"https:\/\/www.hydra-components.com\/#\/schema\/logo\/image\/","url":"https:\/\/www.hydra-components.com\/wp-content\/uploads\/2019\/03\/Hydra-with-R.jpg","contentUrl":"https:\/\/www.hydra-components.com\/wp-content\/uploads\/2019\/03\/Hydra-with-R.jpg","width":360,"height":66,"caption":"HYDRA a.s."},"image":{"@id":"https:\/\/www.hydra-components.com\/#\/schema\/logo\/image\/"}}]}},"_links":{"self":[{"href":"https:\/\/www.hydra-components.com\/vi\/wp-json\/wp\/v2\/pages\/1497","targetHints":{"allow":["GET"]}}],"collection":[{"href":"https:\/\/www.hydra-components.com\/vi\/wp-json\/wp\/v2\/pages"}],"about":[{"href":"https:\/\/www.hydra-components.com\/vi\/wp-json\/wp\/v2\/types\/page"}],"author":[{"embeddable":true,"href":"https:\/\/www.hydra-components.com\/vi\/wp-json\/wp\/v2\/users\/1"}],"replies":[{"embeddable":true,"href":"https:\/\/www.hydra-components.com\/vi\/wp-json\/wp\/v2\/comments?post=1497"}],"version-history":[{"count":1,"href":"https:\/\/www.hydra-components.com\/vi\/wp-json\/wp\/v2\/pages\/1497\/revisions"}],"predecessor-version":[{"id":1499,"href":"https:\/\/www.hydra-components.com\/vi\/wp-json\/wp\/v2\/pages\/1497\/revisions\/1499"}],"wp:featuredmedia":[{"embeddable":true,"href":"https:\/\/www.hydra-components.com\/vi\/wp-json\/wp\/v2\/media\/1498"}],"wp:attachment":[{"href":"https:\/\/www.hydra-components.com\/vi\/wp-json\/wp\/v2\/media?parent=1497"}],"curies":[{"name":"wp","href":"https:\/\/api.w.org\/{rel}","templated":true}]}}