{"id":1503,"date":"2019-04-24T07:45:35","date_gmt":"2019-04-24T07:45:35","guid":{"rendered":"https:\/\/hydra.vn\/tu-khu-rung\/"},"modified":"2019-04-24T07:45:35","modified_gmt":"2019-04-24T07:45:35","slug":"tu-khu-rung","status":"publish","type":"page","link":"https:\/\/www.hydra-components.com\/vi\/tu-khu-rung\/","title":{"rendered":"T\u1ee5 kh\u1eed rung"},"content":{"rendered":"<p>[et_pb_section fb_built=&#8221;1&#8243; _builder_version=&#8221;3.19.13&#8243;][et_pb_row _builder_version=&#8221;3.19.13&#8243;][et_pb_column type=&#8221;4_4&#8243; _builder_version=&#8221;3.19.13&#8243;][et_pb_text _builder_version=&#8221;3.19.13&#8243;]<\/p>\n<h3 class=\"et_pb_module_header\">T\u1ee5 kh\u1eed rung<\/h3>\n<p style=\"text-align: justify;\">T\u1ee5 kh\u1eed rung Hydra \u0111\u01b0\u1ee3c thi\u1ebft k\u1ebf t\u00f9y ch\u1ec9nh \u0111\u1ec3 s\u1eed d\u1ee5ng trong truy c\u1eadp c\u00f4ng c\u1ed9ng ho\u1eb7c m\u00e1y kh\u1eed rung tim ph\u1ea3n \u1ee9ng \u0111\u1ea7u ti\u00ean b\u00ean ngo\u00e0i. C\u00e1c t\u1ee5 \u0111i\u1ec7n \u0111\u01b0\u1ee3c \u0111\u1eb7t trong v\u1ecf kim lo\u1ea1i tr\u00f2n ch\u1ee9a \u0111\u1ea7y epoxy. Ch\u00fang t\u00f4i s\u1eed d\u1ee5ng v\u1eadt li\u1ec7u ch\u1ea5t l\u01b0\u1ee3ng cao v\u00e0 vi\u1ec7c s\u1ea3n xu\u1ea5t \u0111\u01b0\u1ee3c ki\u1ec3m so\u00e1t b\u1edfi h\u1ec7 th\u1ed1ng qu\u1ea3n l\u00fd ch\u1ea5t l\u01b0\u1ee3ng c\u1ee7a ch\u00fang t\u00f4i. \u0110i\u1ec1u n\u00e0y \u0111\u1ea3m b\u1ea3o s\u1ea3n ph\u1ea9m c\u1ee7a Hdra l\u00e0 \u0111\u00e1ng tin c\u1eady . Ch\u00fang c\u00f3 s\u1eb5n d\u1ea3i \u0111i\u1ec7n \u00e1p 1500 &#8211; 2300VDC v\u00e0 s\u1ea1c 500 joules. Ch\u00fang t\u00f4i \u0111ang m\u1edf r\u1ed9ng \u0111\u1ec3 thi\u1ebft k\u1ebf cho b\u1ea1n t\u1ee5 \u0111i\u1ec7n theo y\u00eau c\u1ea7u c\u1ee7a b\u1ea1n.<\/p>\n<p>&nbsp;<\/p>\n<p><img loading=\"lazy\" decoding=\"async\" class=\"wp-image-1020 alignnone size-medium\" src=\"https:\/\/www.hydra-components.com\/wp-content\/uploads\/2019\/02\/de-300x200.jpg\" alt=\"\" width=\"300\" height=\"200\" srcset=\"https:\/\/www.hydra-components.com\/wp-content\/uploads\/2019\/02\/de-300x200.jpg 300w, https:\/\/www.hydra-components.com\/wp-content\/uploads\/2019\/02\/de.jpg 480w\" sizes=\"(max-width: 300px) 100vw, 300px\" \/><\/p>\n<p style=\"text-align: justify;\">Hydra s\u1ea3n xu\u1ea5t ch\u00ednh x\u00e1c h\u1ea7u h\u1ebft c\u00e1c t\u1ee5 \u0111i\u1ec7n theo y\u00eau c\u1ea7u c\u1ee7a kh\u00e1ch h\u00e0ng v\u00e0 Hydra c\u0169ng c\u00f3 th\u1ec3 linh ho\u1ea1t \u0111\u1ec3 cung c\u1ea5p s\u1ed1 l\u01b0\u1ee3ng nh\u1ecf h\u01a1n m\u00e0 kh\u00e1ch h\u00e0ng kh\u00f4ng ph\u1ea3i tr\u1ea3 th\u00eam chi ph\u00ed.<\/p>\n<p style=\"text-align: justify;\">V\u00ec Hydra s\u1ea3n xu\u1ea5t h\u1ea7u h\u1ebft c\u00e1c t\u1ee5 \u0111i\u1ec7n t\u00f9y ch\u1ec9nh, kh\u00f4ng c\u00f3 ti\u00eau chu\u1ea9n chung. Tuy nhi\u00ean, b\u1ea1n c\u00f3 th\u1ec3 t\u00ecm th\u1ea5y danh m\u1ee5c s\u1ea3n ph\u1ea9m c\u1ee7a ch\u00fang t\u00f4i v\u1edbi t\u1ea5t c\u1ea3 c\u00e1c th\u00f4ng tin v\u1ec1 c\u00e1c lo\u1ea1i kh\u00e1c nhau v\u00e0 k\u00edch c\u1ee1 c\u00f3 th\u1ec3 c\u00f3 tr\u00ean trang web s\u1ea3n ph\u1ea9m c\u1ee7a ch\u00fang t\u00f4i: <a href=\"https:\/\/www.hydra-components.com\/vi\/catalogues\/\">https:\/\/www.hydra-components.com\/catalogues\/<\/a><\/p>\n<p>[\/et_pb_text][\/et_pb_column][\/et_pb_row][\/et_pb_section]<\/p>\n","protected":false},"excerpt":{"rendered":"<p>T\u1ee5 kh\u1eed rung T\u1ee5 kh\u1eed rung Hydra \u0111\u01b0\u1ee3c thi\u1ebft k\u1ebf t\u00f9y ch\u1ec9nh \u0111\u1ec3 s\u1eed d\u1ee5ng trong truy c\u1eadp c\u00f4ng c\u1ed9ng ho\u1eb7c m\u00e1y kh\u1eed rung tim ph\u1ea3n \u1ee9ng \u0111\u1ea7u ti\u00ean b\u00ean ngo\u00e0i. C\u00e1c t\u1ee5 \u0111i\u1ec7n \u0111\u01b0\u1ee3c \u0111\u1eb7t trong v\u1ecf kim lo\u1ea1i tr\u00f2n ch\u1ee9a \u0111\u1ea7y epoxy. Ch\u00fang t\u00f4i s\u1eed d\u1ee5ng v\u1eadt li\u1ec7u ch\u1ea5t l\u01b0\u1ee3ng cao v\u00e0 vi\u1ec7c [&hellip;]<\/p>\n","protected":false},"author":1,"featured_media":0,"parent":0,"menu_order":0,"comment_status":"closed","ping_status":"closed","template":"","meta":{"_et_pb_use_builder":"on","_et_pb_old_content":"","_et_gb_content_width":"","footnotes":""},"class_list":["post-1503","page","type-page","status-publish","hentry"],"yoast_head":"<!-- This site is optimized with the Yoast SEO plugin v27.4 - https:\/\/yoast.com\/product\/yoast-seo-wordpress\/ -->\n<title>T\u1ee5 kh\u1eed rung - HYDRA a.s.<\/title>\n<meta name=\"robots\" content=\"index, follow, max-snippet:-1, max-image-preview:large, max-video-preview:-1\" \/>\n<link rel=\"canonical\" href=\"https:\/\/www.hydra-components.com\/vi\/tu-khu-rung\/\" \/>\n<meta property=\"og:locale\" content=\"vi_VN\" \/>\n<meta property=\"og:type\" content=\"article\" \/>\n<meta property=\"og:title\" content=\"T\u1ee5 kh\u1eed rung - HYDRA a.s.\" \/>\n<meta property=\"og:description\" content=\"T\u1ee5 kh\u1eed rung T\u1ee5 kh\u1eed rung Hydra \u0111\u01b0\u1ee3c thi\u1ebft k\u1ebf t\u00f9y ch\u1ec9nh \u0111\u1ec3 s\u1eed d\u1ee5ng trong truy c\u1eadp c\u00f4ng c\u1ed9ng ho\u1eb7c m\u00e1y kh\u1eed rung tim ph\u1ea3n \u1ee9ng \u0111\u1ea7u ti\u00ean b\u00ean ngo\u00e0i. C\u00e1c t\u1ee5 \u0111i\u1ec7n \u0111\u01b0\u1ee3c \u0111\u1eb7t trong v\u1ecf kim lo\u1ea1i tr\u00f2n ch\u1ee9a \u0111\u1ea7y epoxy. Ch\u00fang t\u00f4i s\u1eed d\u1ee5ng v\u1eadt li\u1ec7u ch\u1ea5t l\u01b0\u1ee3ng cao v\u00e0 vi\u1ec7c [&hellip;]\" \/>\n<meta property=\"og:url\" content=\"https:\/\/www.hydra-components.com\/vi\/tu-khu-rung\/\" \/>\n<meta property=\"og:site_name\" content=\"HYDRA a.s.\" \/>\n<meta property=\"og:image\" content=\"https:\/\/www.hydra-components.com\/wp-content\/uploads\/2019\/02\/de-300x200.jpg\" \/>\n<meta name=\"twitter:card\" content=\"summary_large_image\" \/>\n<meta name=\"twitter:label1\" content=\"Est. reading time\" \/>\n\t<meta name=\"twitter:data1\" content=\"2 minutes\" \/>\n<script type=\"application\/ld+json\" class=\"yoast-schema-graph\">{\"@context\":\"https:\\\/\\\/schema.org\",\"@graph\":[{\"@type\":\"WebPage\",\"@id\":\"https:\\\/\\\/www.hydra-components.com\\\/vi\\\/tu-khu-rung\\\/\",\"url\":\"https:\\\/\\\/www.hydra-components.com\\\/vi\\\/tu-khu-rung\\\/\",\"name\":\"T\u1ee5 kh\u1eed rung - HYDRA a.s.\",\"isPartOf\":{\"@id\":\"https:\\\/\\\/www.hydra-components.com\\\/#website\"},\"primaryImageOfPage\":{\"@id\":\"https:\\\/\\\/www.hydra-components.com\\\/vi\\\/tu-khu-rung\\\/#primaryimage\"},\"image\":{\"@id\":\"https:\\\/\\\/www.hydra-components.com\\\/vi\\\/tu-khu-rung\\\/#primaryimage\"},\"thumbnailUrl\":\"https:\\\/\\\/www.hydra-components.com\\\/wp-content\\\/uploads\\\/2019\\\/02\\\/de-300x200.jpg\",\"datePublished\":\"2019-04-24T07:45:35+00:00\",\"breadcrumb\":{\"@id\":\"https:\\\/\\\/www.hydra-components.com\\\/vi\\\/tu-khu-rung\\\/#breadcrumb\"},\"inLanguage\":\"vi-VN\",\"potentialAction\":[{\"@type\":\"ReadAction\",\"target\":[\"https:\\\/\\\/www.hydra-components.com\\\/vi\\\/tu-khu-rung\\\/\"]}]},{\"@type\":\"ImageObject\",\"inLanguage\":\"vi-VN\",\"@id\":\"https:\\\/\\\/www.hydra-components.com\\\/vi\\\/tu-khu-rung\\\/#primaryimage\",\"url\":\"https:\\\/\\\/www.hydra-components.com\\\/wp-content\\\/uploads\\\/2019\\\/02\\\/de-300x200.jpg\",\"contentUrl\":\"https:\\\/\\\/www.hydra-components.com\\\/wp-content\\\/uploads\\\/2019\\\/02\\\/de-300x200.jpg\"},{\"@type\":\"BreadcrumbList\",\"@id\":\"https:\\\/\\\/www.hydra-components.com\\\/vi\\\/tu-khu-rung\\\/#breadcrumb\",\"itemListElement\":[{\"@type\":\"ListItem\",\"position\":1,\"name\":\"Home\",\"item\":\"https:\\\/\\\/www.hydra-components.com\\\/vi\\\/\"},{\"@type\":\"ListItem\",\"position\":2,\"name\":\"T\u1ee5 kh\u1eed rung\"}]},{\"@type\":\"WebSite\",\"@id\":\"https:\\\/\\\/www.hydra-components.com\\\/#website\",\"url\":\"https:\\\/\\\/www.hydra-components.com\\\/\",\"name\":\"HYDRA a.s. | Highest Quality Capacitors\",\"description\":\"Highest Quality Capacitors\",\"publisher\":{\"@id\":\"https:\\\/\\\/www.hydra-components.com\\\/#organization\"},\"potentialAction\":[{\"@type\":\"SearchAction\",\"target\":{\"@type\":\"EntryPoint\",\"urlTemplate\":\"https:\\\/\\\/www.hydra-components.com\\\/?s={search_term_string}\"},\"query-input\":{\"@type\":\"PropertyValueSpecification\",\"valueRequired\":true,\"valueName\":\"search_term_string\"}}],\"inLanguage\":\"vi-VN\"},{\"@type\":\"Organization\",\"@id\":\"https:\\\/\\\/www.hydra-components.com\\\/#organization\",\"name\":\"HYDRA a.s.\",\"url\":\"https:\\\/\\\/www.hydra-components.com\\\/\",\"logo\":{\"@type\":\"ImageObject\",\"inLanguage\":\"vi-VN\",\"@id\":\"https:\\\/\\\/www.hydra-components.com\\\/#\\\/schema\\\/logo\\\/image\\\/\",\"url\":\"https:\\\/\\\/www.hydra-components.com\\\/wp-content\\\/uploads\\\/2019\\\/03\\\/Hydra-with-R.jpg\",\"contentUrl\":\"https:\\\/\\\/www.hydra-components.com\\\/wp-content\\\/uploads\\\/2019\\\/03\\\/Hydra-with-R.jpg\",\"width\":360,\"height\":66,\"caption\":\"HYDRA a.s.\"},\"image\":{\"@id\":\"https:\\\/\\\/www.hydra-components.com\\\/#\\\/schema\\\/logo\\\/image\\\/\"}}]}<\/script>\n<!-- \/ Yoast SEO plugin. -->","yoast_head_json":{"title":"T\u1ee5 kh\u1eed rung - HYDRA a.s.","robots":{"index":"index","follow":"follow","max-snippet":"max-snippet:-1","max-image-preview":"max-image-preview:large","max-video-preview":"max-video-preview:-1"},"canonical":"https:\/\/www.hydra-components.com\/vi\/tu-khu-rung\/","og_locale":"vi_VN","og_type":"article","og_title":"T\u1ee5 kh\u1eed rung - HYDRA a.s.","og_description":"T\u1ee5 kh\u1eed rung T\u1ee5 kh\u1eed rung Hydra \u0111\u01b0\u1ee3c thi\u1ebft k\u1ebf t\u00f9y ch\u1ec9nh \u0111\u1ec3 s\u1eed d\u1ee5ng trong truy c\u1eadp c\u00f4ng c\u1ed9ng ho\u1eb7c m\u00e1y kh\u1eed rung tim ph\u1ea3n \u1ee9ng \u0111\u1ea7u ti\u00ean b\u00ean ngo\u00e0i. C\u00e1c t\u1ee5 \u0111i\u1ec7n \u0111\u01b0\u1ee3c \u0111\u1eb7t trong v\u1ecf kim lo\u1ea1i tr\u00f2n ch\u1ee9a \u0111\u1ea7y epoxy. Ch\u00fang t\u00f4i s\u1eed d\u1ee5ng v\u1eadt li\u1ec7u ch\u1ea5t l\u01b0\u1ee3ng cao v\u00e0 vi\u1ec7c [&hellip;]","og_url":"https:\/\/www.hydra-components.com\/vi\/tu-khu-rung\/","og_site_name":"HYDRA a.s.","og_image":[{"url":"https:\/\/www.hydra-components.com\/wp-content\/uploads\/2019\/02\/de-300x200.jpg","type":"","width":"","height":""}],"twitter_card":"summary_large_image","twitter_misc":{"Est. reading time":"2 minutes"},"schema":{"@context":"https:\/\/schema.org","@graph":[{"@type":"WebPage","@id":"https:\/\/www.hydra-components.com\/vi\/tu-khu-rung\/","url":"https:\/\/www.hydra-components.com\/vi\/tu-khu-rung\/","name":"T\u1ee5 kh\u1eed rung - HYDRA a.s.","isPartOf":{"@id":"https:\/\/www.hydra-components.com\/#website"},"primaryImageOfPage":{"@id":"https:\/\/www.hydra-components.com\/vi\/tu-khu-rung\/#primaryimage"},"image":{"@id":"https:\/\/www.hydra-components.com\/vi\/tu-khu-rung\/#primaryimage"},"thumbnailUrl":"https:\/\/www.hydra-components.com\/wp-content\/uploads\/2019\/02\/de-300x200.jpg","datePublished":"2019-04-24T07:45:35+00:00","breadcrumb":{"@id":"https:\/\/www.hydra-components.com\/vi\/tu-khu-rung\/#breadcrumb"},"inLanguage":"vi-VN","potentialAction":[{"@type":"ReadAction","target":["https:\/\/www.hydra-components.com\/vi\/tu-khu-rung\/"]}]},{"@type":"ImageObject","inLanguage":"vi-VN","@id":"https:\/\/www.hydra-components.com\/vi\/tu-khu-rung\/#primaryimage","url":"https:\/\/www.hydra-components.com\/wp-content\/uploads\/2019\/02\/de-300x200.jpg","contentUrl":"https:\/\/www.hydra-components.com\/wp-content\/uploads\/2019\/02\/de-300x200.jpg"},{"@type":"BreadcrumbList","@id":"https:\/\/www.hydra-components.com\/vi\/tu-khu-rung\/#breadcrumb","itemListElement":[{"@type":"ListItem","position":1,"name":"Home","item":"https:\/\/www.hydra-components.com\/vi\/"},{"@type":"ListItem","position":2,"name":"T\u1ee5 kh\u1eed rung"}]},{"@type":"WebSite","@id":"https:\/\/www.hydra-components.com\/#website","url":"https:\/\/www.hydra-components.com\/","name":"HYDRA a.s. | Highest Quality Capacitors","description":"Highest Quality Capacitors","publisher":{"@id":"https:\/\/www.hydra-components.com\/#organization"},"potentialAction":[{"@type":"SearchAction","target":{"@type":"EntryPoint","urlTemplate":"https:\/\/www.hydra-components.com\/?s={search_term_string}"},"query-input":{"@type":"PropertyValueSpecification","valueRequired":true,"valueName":"search_term_string"}}],"inLanguage":"vi-VN"},{"@type":"Organization","@id":"https:\/\/www.hydra-components.com\/#organization","name":"HYDRA a.s.","url":"https:\/\/www.hydra-components.com\/","logo":{"@type":"ImageObject","inLanguage":"vi-VN","@id":"https:\/\/www.hydra-components.com\/#\/schema\/logo\/image\/","url":"https:\/\/www.hydra-components.com\/wp-content\/uploads\/2019\/03\/Hydra-with-R.jpg","contentUrl":"https:\/\/www.hydra-components.com\/wp-content\/uploads\/2019\/03\/Hydra-with-R.jpg","width":360,"height":66,"caption":"HYDRA a.s."},"image":{"@id":"https:\/\/www.hydra-components.com\/#\/schema\/logo\/image\/"}}]}},"_links":{"self":[{"href":"https:\/\/www.hydra-components.com\/vi\/wp-json\/wp\/v2\/pages\/1503","targetHints":{"allow":["GET"]}}],"collection":[{"href":"https:\/\/www.hydra-components.com\/vi\/wp-json\/wp\/v2\/pages"}],"about":[{"href":"https:\/\/www.hydra-components.com\/vi\/wp-json\/wp\/v2\/types\/page"}],"author":[{"embeddable":true,"href":"https:\/\/www.hydra-components.com\/vi\/wp-json\/wp\/v2\/users\/1"}],"replies":[{"embeddable":true,"href":"https:\/\/www.hydra-components.com\/vi\/wp-json\/wp\/v2\/comments?post=1503"}],"version-history":[{"count":1,"href":"https:\/\/www.hydra-components.com\/vi\/wp-json\/wp\/v2\/pages\/1503\/revisions"}],"predecessor-version":[{"id":1504,"href":"https:\/\/www.hydra-components.com\/vi\/wp-json\/wp\/v2\/pages\/1503\/revisions\/1504"}],"wp:attachment":[{"href":"https:\/\/www.hydra-components.com\/vi\/wp-json\/wp\/v2\/media?parent=1503"}],"curies":[{"name":"wp","href":"https:\/\/api.w.org\/{rel}","templated":true}]}}