{"id":1408,"date":"2019-04-08T06:19:47","date_gmt":"2019-04-08T06:19:47","guid":{"rendered":"https:\/\/hydra.vn\/%e8%81%94%e7%b3%bb\/"},"modified":"2024-07-30T07:33:14","modified_gmt":"2024-07-30T06:33:14","slug":"%e8%81%94%e7%b3%bb","status":"publish","type":"page","link":"https:\/\/www.hydra-components.com\/zh-hans\/%e8%81%94%e7%b3%bb\/","title":{"rendered":"\u8054\u7cfb"},"content":{"rendered":"<p>[et_pb_section fb_built=&#8221;1&#8243; _builder_version=&#8221;4.16&#8243; background_color=&#8221;rgba(86,73,71,0.1)&#8221; global_colors_info=&#8221;{}&#8221;][et_pb_row column_structure=&#8221;3_5,2_5&#8243; _builder_version=&#8221;4.16&#8243; background_size=&#8221;initial&#8221; background_position=&#8221;top_left&#8221; background_repeat=&#8221;repeat&#8221; global_colors_info=&#8221;{}&#8221;][et_pb_column type=&#8221;3_5&#8243; _builder_version=&#8221;4.16&#8243; custom_padding=&#8221;|||&#8221; global_colors_info=&#8221;{}&#8221; custom_padding__hover=&#8221;|||&#8221;][et_pb_text _builder_version=&#8221;4.25.2&#8243; background_size=&#8221;initial&#8221; background_position=&#8221;top_left&#8221; background_repeat=&#8221;repeat&#8221; hover_enabled=&#8221;0&#8243; global_colors_info=&#8221;{}&#8221; sticky_enabled=&#8221;0&#8243;]<\/p>\n<p>\u6b22\u8fce\u60a8\u8054\u7cfb\u6211\u4eec\u7684\u9500\u552e\u4ee3\u8868\uff1a<\/p>\n<p><strong>Michal Bl\u00e1ha,<span> <em>\u9500\u552e\u53ca\u8425\u9500\u603b\u76d1<\/em><\/span><\/strong><br \/><span>Pr\u016fmyslov\u00e1 1110, 506 01 Ji\u010d\u00edn<\/span><br \/><span>Tel.: +420 493 504 135<\/span><br \/>E-mail: <a href=\"mailto:michal.blaha@hydra-components.com\">michal.blaha@hydra-components.com<\/a><\/p>\n<p><strong><em>\u5185\u90e8\u9500\u552e\u4ee3\u8868<\/em><\/strong><br \/><span>Pr\u016fmyslov\u00e1 1110, 506 01 Ji\u010d\u00edn<\/span><br \/>Tel.: +420 493 504 141<br \/>E-mail: <a href=\"mailto:sales@hydra-components.de\">sales@hydra-components.de<\/a><\/p>\n<p><strong>\u6377\u514b\u5171\u548c\u56fd\u7ecf\u9500\u5546: KONDIK electronic, s.r.o.<\/strong><br \/>\u0160vermova 268\/76, 460 10 Liberec, CZ<br \/>Tel.: +420 228 222 389, +420 734 836 701<br \/>E-mail: <a href=\"mailto:info@kondik.cz\">info@kondik.cz<\/a><br \/>Web: <a href=\"http:\/\/www.kondik.cz\">www.kondik.cz<\/a><\/p>\n<p><strong>\u7acb\u9676\u5b9b\u7ecf\u9500\u5546: UAB \u201cEibienos automatika\u201d<\/strong><br \/>LT-05272, Lithuania, Vilnius, Rygos 44-47<br \/>Tel.: +370-60-823-097, +370-64 517-528<br \/>E-mail: <a href=\"mailto:info@abn-a.com\">info@abn-a.com<\/a><\/p>\n<p><em><strong>\u5728\u4e2d\u56fd\u7684\u5206\u9500\u5546: <\/strong><\/em><strong>Shenzhen Yurong Trading Co., Ltd.<\/strong><br \/>Room 201, Building A, No. 1, Qianwan 1st Road, Qianhai Shenzhen-Hong Kong Cooperation<br \/>Zone, Shenzhen<br \/>Tel.:13501562612<br \/>E-mail: <a href=\"mailto:info@szyurong.com\">info@szyurong.com<\/a><br \/>Web-site: <a href=\"https:\/\/www.hydra-components.cn\" target=\"_blank\" rel=\"noopener noreferrer\">https:\/\/www.hydra-components.cn<\/a><\/p>\n<p><em><strong>\u4e1c\u5357\u4e9a\u7ecf\u9500\u5546:<\/strong><\/em> <strong>3S Electrical Co. Ltd.,<\/strong><br \/>Unit 30, Nong Phraya Village, Xaythany District, Vientiane Capital, Lao PDR<br \/>Tel.: +85620 99114323<br \/>E-mail: <a href=\"mailto:vanthong.p@3selectrical.com\">vanthong.p@3selectrical.com<\/a><\/p>\n<p><strong>\u6ce2\u5170\u7ecf\u9500\u5546: Grupa MCC sp. z o.o.<\/strong><br \/>PL-04128, Poland, Warsaw, Omulewska 27<br \/>Tel.: +48 22\u00a0611 67 67; +48\u00a0691\u00a0301 490<br \/>E-mail: <a href=\"mailto:elektronika@mcc.pl\">elektronika@mcc.pl<\/a><\/p>\n<p><strong>\u745e\u58eb\u7ecf\u9500\u5546: ELEKTRON AG<br \/><\/strong>CH-8804 Swiss, Au\u00a0ZH, Riedhofstrasse 11<br \/>Tel: +41 44 781 02 33, +41 44 781 01 11<br \/>E-mail:\u00a0<a href=\"mailto:g.ambuehl@elektron.ch\">g.ambuehl@elektron.ch<\/a><br \/>Web: <a href=\"https:\/\/www.elektron.ch\/\">www.elektron.ch<\/a><\/p>\n<p>[\/et_pb_text][\/et_pb_column][et_pb_column type=&#8221;2_5&#8243; _builder_version=&#8221;4.16&#8243; custom_padding=&#8221;|||&#8221; global_colors_info=&#8221;{}&#8221; custom_padding__hover=&#8221;|||&#8221;][et_pb_image src=&#8221;https:\/\/www.hydra-components.com\/wp-content\/uploads\/2019\/01\/contactus.png&#8221; align_tablet=&#8221;center&#8221; align_phone=&#8221;&#8221; align_last_edited=&#8221;on|desktop&#8221; _builder_version=&#8221;4.16&#8243; box_shadow_style=&#8221;preset2&#8243; box_shadow_blur=&#8221;30px&#8221; global_colors_info=&#8221;{}&#8221;][\/et_pb_image][et_pb_contact_form email=&#8221;sales@hydra-components.de&#8221; _builder_version=&#8221;4.16&#8243; _unique_id=&#8221;4838bdf9-b7f2-4600-a8c9-3ab1d56d3c5b&#8221; title_font=&#8221;||||||||&#8221; form_field_font=&#8221;||||||||&#8221; custom_padding=&#8221;||&#8221; custom_padding_last_edited=&#8221;off|desktop&#8221; animation_style=&#8221;fade&#8221; border_width_all=&#8221;1px&#8221; border_color_all=&#8221;#0c71c3&#8243; box_shadow_style=&#8221;preset3&#8243; global_colors_info=&#8221;{}&#8221; custom_padding__hover_enabled=&#8221;on&#8221; custom_padding__hover=&#8221;||&#8221;][et_pb_contact_field field_id=&#8221;Title&#8221; field_title=&#8221;\u6807\u9898&#8221; field_type=&#8221;select&#8221; select_options=&#8221;%91{%22value%22:%22Mr.%22,%22checked%22:0,%22dragID%22:-1},{%22value%22:%22Ms.%22,%22checked%22:0,%22dragID%22:0}%93&#8243; _builder_version=&#8221;4.16&#8243; global_colors_info=&#8221;{}&#8221;][\/et_pb_contact_field][et_pb_contact_field field_id=&#8221;Preferred_Language&#8221; field_title=&#8221;\u9996\u9009\u8bed\u8a00&#8221; field_type=&#8221;select&#8221; select_options=&#8221;%91{%22value%22:%22English%22,%22checked%22:0,%22dragID%22:-1},{%22value%22:%22Deutsch%22,%22checked%22:0,%22dragID%22:0},{%22value%22:%22Czech%22,%22checked%22:0,%22dragID%22:1}%93&#8243; _builder_version=&#8221;4.16&#8243; global_colors_info=&#8221;{}&#8221;][\/et_pb_contact_field][et_pb_contact_field field_id=&#8221;Name&#8221; field_title=&#8221;\u540d\u79f0&#8221; _builder_version=&#8221;4.16&#8243; form_field_font=&#8221;||||||||&#8221; global_colors_info=&#8221;{}&#8221; button_text_size__hover_enabled=&#8221;off&#8221; button_one_text_size__hover_enabled=&#8221;off&#8221; button_two_text_size__hover_enabled=&#8221;off&#8221; button_text_color__hover_enabled=&#8221;off&#8221; button_one_text_color__hover_enabled=&#8221;off&#8221; button_two_text_color__hover_enabled=&#8221;off&#8221; button_border_width__hover_enabled=&#8221;off&#8221; button_one_border_width__hover_enabled=&#8221;off&#8221; button_two_border_width__hover_enabled=&#8221;off&#8221; button_border_color__hover_enabled=&#8221;off&#8221; button_one_border_color__hover_enabled=&#8221;off&#8221; button_two_border_color__hover_enabled=&#8221;off&#8221; button_border_radius__hover_enabled=&#8221;off&#8221; button_one_border_radius__hover_enabled=&#8221;off&#8221; button_two_border_radius__hover_enabled=&#8221;off&#8221; button_letter_spacing__hover_enabled=&#8221;off&#8221; button_one_letter_spacing__hover_enabled=&#8221;off&#8221; button_two_letter_spacing__hover_enabled=&#8221;off&#8221; button_bg_color__hover_enabled=&#8221;off&#8221; button_one_bg_color__hover_enabled=&#8221;off&#8221; button_two_bg_color__hover_enabled=&#8221;off&#8221;][\/et_pb_contact_field][et_pb_contact_field field_id=&#8221;Email&#8221; field_title=&#8221;\u7535\u5b50\u90ae\u4ef6\u5730\u5740&#8221; field_type=&#8221;email&#8221; _builder_version=&#8221;4.16&#8243; global_colors_info=&#8221;{}&#8221; button_text_size__hover_enabled=&#8221;off&#8221; button_one_text_size__hover_enabled=&#8221;off&#8221; button_two_text_size__hover_enabled=&#8221;off&#8221; button_text_color__hover_enabled=&#8221;off&#8221; button_one_text_color__hover_enabled=&#8221;off&#8221; button_two_text_color__hover_enabled=&#8221;off&#8221; button_border_width__hover_enabled=&#8221;off&#8221; button_one_border_width__hover_enabled=&#8221;off&#8221; button_two_border_width__hover_enabled=&#8221;off&#8221; button_border_color__hover_enabled=&#8221;off&#8221; button_one_border_color__hover_enabled=&#8221;off&#8221; button_two_border_color__hover_enabled=&#8221;off&#8221; button_border_radius__hover_enabled=&#8221;off&#8221; button_one_border_radius__hover_enabled=&#8221;off&#8221; button_two_border_radius__hover_enabled=&#8221;off&#8221; button_letter_spacing__hover_enabled=&#8221;off&#8221; button_one_letter_spacing__hover_enabled=&#8221;off&#8221; button_two_letter_spacing__hover_enabled=&#8221;off&#8221; button_bg_color__hover_enabled=&#8221;off&#8221; button_one_bg_color__hover_enabled=&#8221;off&#8221; button_two_bg_color__hover_enabled=&#8221;off&#8221;][\/et_pb_contact_field][et_pb_contact_field field_id=&#8221;Message&#8221; field_title=&#8221;\u4fe1\u606f&#8221; field_type=&#8221;text&#8221; fullwidth_field=&#8221;on&#8221; _builder_version=&#8221;4.16&#8243; global_colors_info=&#8221;{}&#8221; button_text_size__hover_enabled=&#8221;off&#8221; button_one_text_size__hover_enabled=&#8221;off&#8221; button_two_text_size__hover_enabled=&#8221;off&#8221; button_text_color__hover_enabled=&#8221;off&#8221; button_one_text_color__hover_enabled=&#8221;off&#8221; button_two_text_color__hover_enabled=&#8221;off&#8221; button_border_width__hover_enabled=&#8221;off&#8221; button_one_border_width__hover_enabled=&#8221;off&#8221; button_two_border_width__hover_enabled=&#8221;off&#8221; button_border_color__hover_enabled=&#8221;off&#8221; button_one_border_color__hover_enabled=&#8221;off&#8221; button_two_border_color__hover_enabled=&#8221;off&#8221; button_border_radius__hover_enabled=&#8221;off&#8221; button_one_border_radius__hover_enabled=&#8221;off&#8221; button_two_border_radius__hover_enabled=&#8221;off&#8221; button_letter_spacing__hover_enabled=&#8221;off&#8221; button_one_letter_spacing__hover_enabled=&#8221;off&#8221; button_two_letter_spacing__hover_enabled=&#8221;off&#8221; button_bg_color__hover_enabled=&#8221;off&#8221; button_one_bg_color__hover_enabled=&#8221;off&#8221; button_two_bg_color__hover_enabled=&#8221;off&#8221;][\/et_pb_contact_field][\/et_pb_contact_form][\/et_pb_column][\/et_pb_row][\/et_pb_section]<\/p>\n","protected":false},"excerpt":{"rendered":"<p>\u6b22\u8fce\u60a8\u8054\u7cfb\u6211\u4eec\u7684\u9500\u552e\u4ee3\u8868\uff1a Michal Bl\u00e1ha, \u9500\u552e\u53ca\u8425\u9500\u603b\u76d1Pr\u016fmyslov\u00e1 1110, 506 [&hellip;]<\/p>\n","protected":false},"author":1,"featured_media":0,"parent":0,"menu_order":0,"comment_status":"closed","ping_status":"closed","template":"","meta":{"_et_pb_use_builder":"on","_et_pb_old_content":"You are welcome to contact our sales representatives:\r\n\r\n<strong>Dipl.-Ing. Winfried Ollendiek, <em>Director Sales & Marketing<\/em><\/strong>\r\nBreitenbachstrasse 23 D-13509 Berlin Tel.: +49 30 408 04 188 Fax: +49 30 408 04 190\r\nmobile:+49 151 1513 1179\r\nE-mail: winfried.ollendiek@hydra-components.de\r\n\r\n<strong>Daniela Hoener, <em>Inhouse Sales Representative<\/em><\/strong>\r\nBreitenbachstrasse 23 D-13509 Berlin Tel.: +49 30 408 04 184 Fax: +49 30 408 04 190\r\nE-mail: daniela.hoener@hydra-components.de\r\n\r\n<strong>Peter Mueller-Raabe, <em>R+D capacitors<\/em><\/strong>\r\nBreitenbachstrasse 23 D-13509 Berlin Tel.: +49 30 408 04 186 Fax: +49 30 408 04 189\r\nE-mail: peter.mueller-raabe@hydra-components.de\r\n\r\n<strong>Distributor for China: Feng QiWei,<\/strong>\r\nHaideilai (Shanghai) Electric Technology Center\r\nRoom 306, Building T 68, Dongheyan, Chengqiao Town, Chongming District, Shanghai, China\r\nTel.: +86 21 5603 7887 mobile: +86 189 3609 9311\r\nEmail: hydra_capacitor@163.com\r\n\r\n<strong>Contact for German market: Juergen Schaak,<\/strong>\r\nJS Kondensatoren Vertriebs-GmbH\r\nEmil-Voltz-Str. 7 64291 Darmstadt\r\nTel.: +49 61 513 51 832 Fax: +49 61 513 51 838 mobile: +49 17 027 28 217\r\nE-mail: j.schaak@t-online.de","_et_gb_content_width":"","footnotes":""},"class_list":["post-1408","page","type-page","status-publish","hentry"],"yoast_head":"<!-- This site is optimized with the Yoast SEO plugin v27.4 - https:\/\/yoast.com\/product\/yoast-seo-wordpress\/ -->\n<title>\u8054\u7cfb - HYDRA a.s.<\/title>\n<meta name=\"robots\" content=\"index, follow, max-snippet:-1, max-image-preview:large, max-video-preview:-1\" \/>\n<link rel=\"canonical\" href=\"https:\/\/www.hydra-components.com\/contact\/\" \/>\n<meta property=\"og:locale\" content=\"zh_CN\" \/>\n<meta property=\"og:type\" content=\"article\" \/>\n<meta property=\"og:title\" content=\"\u8054\u7cfb - HYDRA a.s.\" \/>\n<meta property=\"og:description\" content=\"\u6b22\u8fce\u60a8\u8054\u7cfb\u6211\u4eec\u7684\u9500\u552e\u4ee3\u8868\uff1a Michal Bl\u00e1ha, \u9500\u552e\u53ca\u8425\u9500\u603b\u76d1Pr\u016fmyslov\u00e1 1110, 506 [&hellip;]\" \/>\n<meta property=\"og:url\" content=\"https:\/\/www.hydra-components.com\/contact\/\" \/>\n<meta property=\"og:site_name\" content=\"HYDRA a.s.\" \/>\n<meta property=\"article:modified_time\" content=\"2024-07-30T06:33:14+00:00\" \/>\n<meta property=\"og:image\" content=\"https:\/\/www.hydra-components.com\/wp-content\/uploads\/2019\/03\/headermobile.jpg\" \/>\n\t<meta property=\"og:image:width\" content=\"920\" \/>\n\t<meta property=\"og:image:height\" content=\"720\" \/>\n\t<meta property=\"og:image:type\" content=\"image\/jpeg\" \/>\n<meta name=\"twitter:card\" content=\"summary_large_image\" \/>\n<meta name=\"twitter:label1\" content=\"\u9884\u8ba1\u9605\u8bfb\u65f6\u95f4\" \/>\n\t<meta name=\"twitter:data1\" content=\"4 \u5206\" \/>\n<script type=\"application\/ld+json\" class=\"yoast-schema-graph\">{\"@context\":\"https:\\\/\\\/schema.org\",\"@graph\":[{\"@type\":\"WebPage\",\"@id\":\"https:\\\/\\\/www.hydra-components.com\\\/contact\\\/\",\"url\":\"https:\\\/\\\/www.hydra-components.com\\\/contact\\\/\",\"name\":\"\u8054\u7cfb - HYDRA a.s.\",\"isPartOf\":{\"@id\":\"https:\\\/\\\/www.hydra-components.com\\\/#website\"},\"datePublished\":\"2019-04-08T06:19:47+00:00\",\"dateModified\":\"2024-07-30T06:33:14+00:00\",\"breadcrumb\":{\"@id\":\"https:\\\/\\\/www.hydra-components.com\\\/contact\\\/#breadcrumb\"},\"inLanguage\":\"zh-Hans\",\"potentialAction\":[{\"@type\":\"ReadAction\",\"target\":[\"https:\\\/\\\/www.hydra-components.com\\\/contact\\\/\"]}]},{\"@type\":\"BreadcrumbList\",\"@id\":\"https:\\\/\\\/www.hydra-components.com\\\/contact\\\/#breadcrumb\",\"itemListElement\":[{\"@type\":\"ListItem\",\"position\":1,\"name\":\"Home\",\"item\":\"https:\\\/\\\/www.hydra-components.com\\\/zh-hans\\\/\"},{\"@type\":\"ListItem\",\"position\":2,\"name\":\"\u8054\u7cfb\"}]},{\"@type\":\"WebSite\",\"@id\":\"https:\\\/\\\/www.hydra-components.com\\\/#website\",\"url\":\"https:\\\/\\\/www.hydra-components.com\\\/\",\"name\":\"HYDRA a.s. | Highest Quality Capacitors\",\"description\":\"Highest Quality Capacitors\",\"publisher\":{\"@id\":\"https:\\\/\\\/www.hydra-components.com\\\/#organization\"},\"potentialAction\":[{\"@type\":\"SearchAction\",\"target\":{\"@type\":\"EntryPoint\",\"urlTemplate\":\"https:\\\/\\\/www.hydra-components.com\\\/?s={search_term_string}\"},\"query-input\":{\"@type\":\"PropertyValueSpecification\",\"valueRequired\":true,\"valueName\":\"search_term_string\"}}],\"inLanguage\":\"zh-Hans\"},{\"@type\":\"Organization\",\"@id\":\"https:\\\/\\\/www.hydra-components.com\\\/#organization\",\"name\":\"HYDRA a.s.\",\"url\":\"https:\\\/\\\/www.hydra-components.com\\\/\",\"logo\":{\"@type\":\"ImageObject\",\"inLanguage\":\"zh-Hans\",\"@id\":\"https:\\\/\\\/www.hydra-components.com\\\/#\\\/schema\\\/logo\\\/image\\\/\",\"url\":\"https:\\\/\\\/www.hydra-components.com\\\/wp-content\\\/uploads\\\/2019\\\/03\\\/Hydra-with-R.jpg\",\"contentUrl\":\"https:\\\/\\\/www.hydra-components.com\\\/wp-content\\\/uploads\\\/2019\\\/03\\\/Hydra-with-R.jpg\",\"width\":360,\"height\":66,\"caption\":\"HYDRA a.s.\"},\"image\":{\"@id\":\"https:\\\/\\\/www.hydra-components.com\\\/#\\\/schema\\\/logo\\\/image\\\/\"}}]}<\/script>\n<!-- \/ Yoast SEO plugin. -->","yoast_head_json":{"title":"\u8054\u7cfb - HYDRA a.s.","robots":{"index":"index","follow":"follow","max-snippet":"max-snippet:-1","max-image-preview":"max-image-preview:large","max-video-preview":"max-video-preview:-1"},"canonical":"https:\/\/www.hydra-components.com\/contact\/","og_locale":"zh_CN","og_type":"article","og_title":"\u8054\u7cfb - HYDRA a.s.","og_description":"\u6b22\u8fce\u60a8\u8054\u7cfb\u6211\u4eec\u7684\u9500\u552e\u4ee3\u8868\uff1a Michal Bl\u00e1ha, \u9500\u552e\u53ca\u8425\u9500\u603b\u76d1Pr\u016fmyslov\u00e1 1110, 506 [&hellip;]","og_url":"https:\/\/www.hydra-components.com\/contact\/","og_site_name":"HYDRA a.s.","article_modified_time":"2024-07-30T06:33:14+00:00","og_image":[{"width":920,"height":720,"url":"https:\/\/www.hydra-components.com\/wp-content\/uploads\/2019\/03\/headermobile.jpg","type":"image\/jpeg"}],"twitter_card":"summary_large_image","twitter_misc":{"\u9884\u8ba1\u9605\u8bfb\u65f6\u95f4":"4 \u5206"},"schema":{"@context":"https:\/\/schema.org","@graph":[{"@type":"WebPage","@id":"https:\/\/www.hydra-components.com\/contact\/","url":"https:\/\/www.hydra-components.com\/contact\/","name":"\u8054\u7cfb - HYDRA a.s.","isPartOf":{"@id":"https:\/\/www.hydra-components.com\/#website"},"datePublished":"2019-04-08T06:19:47+00:00","dateModified":"2024-07-30T06:33:14+00:00","breadcrumb":{"@id":"https:\/\/www.hydra-components.com\/contact\/#breadcrumb"},"inLanguage":"zh-Hans","potentialAction":[{"@type":"ReadAction","target":["https:\/\/www.hydra-components.com\/contact\/"]}]},{"@type":"BreadcrumbList","@id":"https:\/\/www.hydra-components.com\/contact\/#breadcrumb","itemListElement":[{"@type":"ListItem","position":1,"name":"Home","item":"https:\/\/www.hydra-components.com\/zh-hans\/"},{"@type":"ListItem","position":2,"name":"\u8054\u7cfb"}]},{"@type":"WebSite","@id":"https:\/\/www.hydra-components.com\/#website","url":"https:\/\/www.hydra-components.com\/","name":"HYDRA a.s. | Highest Quality Capacitors","description":"Highest Quality Capacitors","publisher":{"@id":"https:\/\/www.hydra-components.com\/#organization"},"potentialAction":[{"@type":"SearchAction","target":{"@type":"EntryPoint","urlTemplate":"https:\/\/www.hydra-components.com\/?s={search_term_string}"},"query-input":{"@type":"PropertyValueSpecification","valueRequired":true,"valueName":"search_term_string"}}],"inLanguage":"zh-Hans"},{"@type":"Organization","@id":"https:\/\/www.hydra-components.com\/#organization","name":"HYDRA a.s.","url":"https:\/\/www.hydra-components.com\/","logo":{"@type":"ImageObject","inLanguage":"zh-Hans","@id":"https:\/\/www.hydra-components.com\/#\/schema\/logo\/image\/","url":"https:\/\/www.hydra-components.com\/wp-content\/uploads\/2019\/03\/Hydra-with-R.jpg","contentUrl":"https:\/\/www.hydra-components.com\/wp-content\/uploads\/2019\/03\/Hydra-with-R.jpg","width":360,"height":66,"caption":"HYDRA a.s."},"image":{"@id":"https:\/\/www.hydra-components.com\/#\/schema\/logo\/image\/"}}]}},"_links":{"self":[{"href":"https:\/\/www.hydra-components.com\/zh-hans\/wp-json\/wp\/v2\/pages\/1408","targetHints":{"allow":["GET"]}}],"collection":[{"href":"https:\/\/www.hydra-components.com\/zh-hans\/wp-json\/wp\/v2\/pages"}],"about":[{"href":"https:\/\/www.hydra-components.com\/zh-hans\/wp-json\/wp\/v2\/types\/page"}],"author":[{"embeddable":true,"href":"https:\/\/www.hydra-components.com\/zh-hans\/wp-json\/wp\/v2\/users\/1"}],"replies":[{"embeddable":true,"href":"https:\/\/www.hydra-components.com\/zh-hans\/wp-json\/wp\/v2\/comments?post=1408"}],"version-history":[{"count":24,"href":"https:\/\/www.hydra-components.com\/zh-hans\/wp-json\/wp\/v2\/pages\/1408\/revisions"}],"predecessor-version":[{"id":4931,"href":"https:\/\/www.hydra-components.com\/zh-hans\/wp-json\/wp\/v2\/pages\/1408\/revisions\/4931"}],"wp:attachment":[{"href":"https:\/\/www.hydra-components.com\/zh-hans\/wp-json\/wp\/v2\/media?parent=1408"}],"curies":[{"name":"wp","href":"https:\/\/api.w.org\/{rel}","templated":true}]}}